{"id":9411,"date":"2022-11-16T08:47:14","date_gmt":"2022-11-16T08:47:14","guid":{"rendered":"https:\/\/aphasie.org\/bloggerinnen\/"},"modified":"2023-01-05T09:37:07","modified_gmt":"2023-01-05T09:37:07","slug":"blogueuses","status":"publish","type":"page","link":"https:\/\/aphasie.org\/fr\/blogueuses\/","title":{"rendered":"Blogueuses"},"content":{"rendered":"\t\t<div data-elementor-type=\"wp-page\" data-elementor-id=\"9411\" class=\"elementor elementor-9411 elementor-7299\" data-elementor-post-type=\"page\">\n\t\t\t\t\t\t<section class=\"elementor-section elementor-top-section elementor-element elementor-element-78eea12d elementor-section-boxed elementor-section-height-default elementor-section-height-default\" data-id=\"78eea12d\" data-element_type=\"section\" data-e-type=\"section\" data-settings=\"{&quot;jet_parallax_layout_list&quot;:[{&quot;_id&quot;:&quot;b82f757&quot;,&quot;jet_parallax_layout_image&quot;:{&quot;url&quot;:&quot;&quot;,&quot;id&quot;:&quot;&quot;,&quot;size&quot;:&quot;&quot;},&quot;jet_parallax_layout_image_tablet&quot;:{&quot;url&quot;:&quot;&quot;,&quot;id&quot;:&quot;&quot;,&quot;size&quot;:&quot;&quot;},&quot;jet_parallax_layout_image_mobile&quot;:{&quot;url&quot;:&quot;&quot;,&quot;id&quot;:&quot;&quot;,&quot;size&quot;:&quot;&quot;},&quot;jet_parallax_layout_speed&quot;:{&quot;unit&quot;:&quot;%&quot;,&quot;size&quot;:50,&quot;sizes&quot;:[]},&quot;jet_parallax_layout_type&quot;:&quot;scroll&quot;,&quot;jet_parallax_layout_direction&quot;:&quot;1&quot;,&quot;jet_parallax_layout_fx_direction&quot;:null,&quot;jet_parallax_layout_z_index&quot;:&quot;&quot;,&quot;jet_parallax_layout_bg_x&quot;:50,&quot;jet_parallax_layout_bg_x_tablet&quot;:&quot;&quot;,&quot;jet_parallax_layout_bg_x_mobile&quot;:&quot;&quot;,&quot;jet_parallax_layout_bg_y&quot;:50,&quot;jet_parallax_layout_bg_y_tablet&quot;:&quot;&quot;,&quot;jet_parallax_layout_bg_y_mobile&quot;:&quot;&quot;,&quot;jet_parallax_layout_bg_size&quot;:&quot;auto&quot;,&quot;jet_parallax_layout_bg_size_tablet&quot;:&quot;&quot;,&quot;jet_parallax_layout_bg_size_mobile&quot;:&quot;&quot;,&quot;jet_parallax_layout_animation_prop&quot;:&quot;transform&quot;,&quot;jet_parallax_layout_on&quot;:[&quot;desktop&quot;,&quot;tablet&quot;]}]}\">\n\t\t\t\t\t\t<div class=\"elementor-container elementor-column-gap-default\">\n\t\t\t\t\t<div class=\"elementor-column elementor-col-50 elementor-top-column elementor-element elementor-element-1001fe4a\" data-id=\"1001fe4a\" data-element_type=\"column\" data-e-type=\"column\">\n\t\t\t<div class=\"elementor-widget-wrap elementor-element-populated\">\n\t\t\t\t\t\t<div class=\"elementor-element elementor-element-37cb7dea elementor-widget elementor-widget-heading\" data-id=\"37cb7dea\" data-element_type=\"widget\" data-e-type=\"widget\" data-widget_type=\"heading.default\">\n\t\t\t\t<div class=\"elementor-widget-container\">\n\t\t\t\t\t<h1 class=\"elementor-heading-title elementor-size-default\">Blog de voyage<\/h1>\t\t\t\t<\/div>\n\t\t\t\t<\/div>\n\t\t\t\t<div class=\"elementor-element elementor-element-3be3c915 elementor-widget elementor-widget-text-editor\" data-id=\"3be3c915\" data-element_type=\"widget\" data-e-type=\"widget\" data-widget_type=\"text-editor.default\">\n\t\t\t\t<div class=\"elementor-widget-container\">\n\t\t\t\t\t\t\t\t\t<p>Nos blogueurs et blogueuses se pr\u00e9sentent<\/p>\t\t\t\t\t\t\t\t<\/div>\n\t\t\t\t<\/div>\n\t\t\t\t<div class=\"elementor-element elementor-element-80eb8ee elementor-widget-divider--view-line elementor-widget elementor-widget-divider\" data-id=\"80eb8ee\" data-element_type=\"widget\" data-e-type=\"widget\" data-widget_type=\"divider.default\">\n\t\t\t\t<div class=\"elementor-widget-container\">\n\t\t\t\t\t\t\t<div class=\"elementor-divider\">\n\t\t\t<span class=\"elementor-divider-separator\">\n\t\t\t\t\t\t<\/span>\n\t\t<\/div>\n\t\t\t\t\t\t<\/div>\n\t\t\t\t<\/div>\n\t\t\t\t<div class=\"elementor-element elementor-element-29c3d4d6 elementor-widget elementor-widget-toggle\" data-id=\"29c3d4d6\" data-element_type=\"widget\" data-e-type=\"widget\" data-widget_type=\"toggle.default\">\n\t\t\t\t<div class=\"elementor-widget-container\">\n\t\t\t\t\t\t\t<div class=\"elementor-toggle\">\n\t\t\t\t\t\t\t<div class=\"elementor-toggle-item\">\n\t\t\t\t\t<div id=\"elementor-tab-title-7001\" class=\"elementor-tab-title\" data-tab=\"1\" role=\"button\" aria-controls=\"elementor-tab-content-7001\" aria-expanded=\"false\">\n\t\t\t\t\t\t\t\t\t\t\t\t<span class=\"elementor-toggle-icon elementor-toggle-icon-right\" aria-hidden=\"true\">\n\t\t\t\t\t\t\t\t\t\t\t\t\t\t\t<span class=\"elementor-toggle-icon-closed\"><i class=\"fas fa-angle-down\"><\/i><\/span>\n\t\t\t\t\t\t\t\t<span class=\"elementor-toggle-icon-opened\"><i class=\"elementor-toggle-icon-opened fas fa-angle-up\"><\/i><\/span>\n\t\t\t\t\t\t\t\t\t\t\t\t\t<\/span>\n\t\t\t\t\t\t\t\t\t\t\t\t<a class=\"elementor-toggle-title\" tabindex=\"0\">Desiree Zwahlen<\/a>\n\t\t\t\t\t<\/div>\n\n\t\t\t\t\t<div id=\"elementor-tab-content-7001\" class=\"elementor-tab-content elementor-clearfix\" data-tab=\"1\" role=\"region\" aria-labelledby=\"elementor-tab-title-7001\"><p><img fetchpriority=\"high\" decoding=\"async\" class=\"alignnone size-medium wp-image-12924\" src=\"https:\/\/aphasie.org\/wp-content\/uploads\/2023\/01\/Bild-Desiree4-300x300.jpg\" alt=\"\" width=\"300\" height=\"300\" srcset=\"https:\/\/aphasie.org\/wp-content\/uploads\/2023\/01\/Bild-Desiree4-300x300.jpg 300w, https:\/\/aphasie.org\/wp-content\/uploads\/2023\/01\/Bild-Desiree4-150x150.jpg 150w, https:\/\/aphasie.org\/wp-content\/uploads\/2023\/01\/Bild-Desiree4-768x768.jpg 768w, https:\/\/aphasie.org\/wp-content\/uploads\/2023\/01\/Bild-Desiree4-600x600.jpg 600w, https:\/\/aphasie.org\/wp-content\/uploads\/2023\/01\/Bild-Desiree4-100x100.jpg 100w, https:\/\/aphasie.org\/wp-content\/uploads\/2023\/01\/Bild-Desiree4.jpg 789w\" sizes=\"(max-width: 300px) 100vw, 300px\" \/><\/p><p>Bonjour, je m&rsquo;appelle Desiree et je viens de Weinfelden. Depuis un accident vasculaire c\u00e9r\u00e9bral (2011), je suis moi-m\u00eame aphasique et j&rsquo;ai un handicap de la marche.\u00a0Depuis 2022, je dirige le Plauderegge, lieu de rencontre pour les personnes aphasiques * \u00e0 Wil ( SG ).<\/p><p><strong>Ce qui me caract\u00e9rise :<\/strong><br \/>Je suis aimable, serviable, cr\u00e9ative et pleine d&rsquo;humour, sociale, tol\u00e9rante et une \u00e2me fid\u00e8le.<\/p><p><strong>C&rsquo;est ce qui me passionne :<\/strong><br \/>Je suis passionn\u00e9e par la nature, les animaux et les oiseaux, le Pouring Art et le bricolage, les g\u00e2teaux et les tartes, les mus\u00e9es et l&rsquo;art, et bien s\u00fbr la chorale.<\/p><p><strong>C&rsquo;est pour cela que je voyage :<\/strong><br \/>Je voyage parce que j&rsquo;ai envie de vivre de nouvelles exp\u00e9riences, de faire de belles d\u00e9couvertes et de faire des rencontres fortuites.<\/p><p><strong>C&rsquo;est particuli\u00e8rement important pour moi lorsque je voyage :<\/strong><br \/>Je fais attention \u00e0 voyager de mani\u00e8re aussi accessible que possible.<\/p><\/div>\n\t\t\t\t<\/div>\n\t\t\t\t\t\t\t<div class=\"elementor-toggle-item\">\n\t\t\t\t\t<div id=\"elementor-tab-title-7002\" class=\"elementor-tab-title\" data-tab=\"2\" role=\"button\" aria-controls=\"elementor-tab-content-7002\" aria-expanded=\"false\">\n\t\t\t\t\t\t\t\t\t\t\t\t<span class=\"elementor-toggle-icon elementor-toggle-icon-right\" aria-hidden=\"true\">\n\t\t\t\t\t\t\t\t\t\t\t\t\t\t\t<span class=\"elementor-toggle-icon-closed\"><i class=\"fas fa-angle-down\"><\/i><\/span>\n\t\t\t\t\t\t\t\t<span class=\"elementor-toggle-icon-opened\"><i class=\"elementor-toggle-icon-opened fas fa-angle-up\"><\/i><\/span>\n\t\t\t\t\t\t\t\t\t\t\t\t\t<\/span>\n\t\t\t\t\t\t\t\t\t\t\t\t<a class=\"elementor-toggle-title\" tabindex=\"0\">Priska Egli<\/a>\n\t\t\t\t\t<\/div>\n\n\t\t\t\t\t<div id=\"elementor-tab-content-7002\" class=\"elementor-tab-content elementor-clearfix\" data-tab=\"2\" role=\"region\" aria-labelledby=\"elementor-tab-title-7002\"><p><img decoding=\"async\" class=\"alignnone size-medium wp-image-12926\" src=\"https:\/\/aphasie.org\/wp-content\/uploads\/2023\/01\/Priska-300x300.jpg\" alt=\"\" width=\"300\" height=\"300\" srcset=\"https:\/\/aphasie.org\/wp-content\/uploads\/2023\/01\/Priska-300x300.jpg 300w, https:\/\/aphasie.org\/wp-content\/uploads\/2023\/01\/Priska-150x150.jpg 150w, https:\/\/aphasie.org\/wp-content\/uploads\/2023\/01\/Priska-600x600.jpg 600w, https:\/\/aphasie.org\/wp-content\/uploads\/2023\/01\/Priska-100x100.jpg 100w, https:\/\/aphasie.org\/wp-content\/uploads\/2023\/01\/Priska.jpg 743w\" sizes=\"(max-width: 300px) 100vw, 300px\" \/><\/p><p>Bonjour, je m&rsquo;appelle Priska et je viens de Ruswil. En 2013, j&rsquo;ai eu une grave attaque c\u00e9r\u00e9brale qui m&rsquo;a fait perdre presque compl\u00e8tement l&rsquo;usage de la parole. Je comprends tout et je communique beaucoup avec des emojis.<\/p><p><strong>C&rsquo;est ce qui me caract\u00e9rise :<\/strong><br \/>Je suis un rayon de soleil affectueux, joyeux, chaleureux et positif.<\/p><p><strong>C&rsquo;est ce qui me passionne :<\/strong><br \/>Je fais de la randonn\u00e9e parce que j&rsquo;aime la nature.<br \/>Ce que je pr\u00e9f\u00e8re, c&rsquo;est \u00eatre entour\u00e9e de gens.\u00a0Je fais du yodel dans le ch\u0153ur de yodel d&rsquo;aphasie suisse, je peins et je fais r\u00e9guli\u00e8rement du yoga.<\/p><p><strong>C&rsquo;est pourquoi je voyage :<\/strong><br \/>Les voyages me donnent de l&rsquo;assurance. Il me donne un sentiment de libert\u00e9 et me fait oublier mon aphasie.<\/p><p><strong>C&rsquo;est particuli\u00e8rement important pour moi lorsque je voyage :<\/strong><br \/>Je voyage toujours accompagn\u00e9e, pour que les gens me comprennent.<\/p><p>.<\/p><\/div>\n\t\t\t\t<\/div>\n\t\t\t\t\t\t\t\t<\/div>\n\t\t\t\t\t\t<\/div>\n\t\t\t\t<\/div>\n\t\t\t\t\t<\/div>\n\t\t<\/div>\n\t\t\t\t<div class=\"elementor-column elementor-col-50 elementor-top-column elementor-element elementor-element-44c4d4e\" data-id=\"44c4d4e\" data-element_type=\"column\" data-e-type=\"column\" data-settings=\"{&quot;background_background&quot;:&quot;classic&quot;}\">\n\t\t\t<div class=\"elementor-widget-wrap elementor-element-populated\">\n\t\t\t\t\t\t<section class=\"elementor-section elementor-inner-section elementor-element elementor-element-322f26fe elementor-section-boxed elementor-section-height-default elementor-section-height-default\" data-id=\"322f26fe\" data-element_type=\"section\" data-e-type=\"section\" data-settings=\"{&quot;jet_parallax_layout_list&quot;:[{&quot;_id&quot;:&quot;626650f&quot;,&quot;jet_parallax_layout_image&quot;:{&quot;url&quot;:&quot;&quot;,&quot;id&quot;:&quot;&quot;,&quot;size&quot;:&quot;&quot;},&quot;jet_parallax_layout_image_tablet&quot;:{&quot;url&quot;:&quot;&quot;,&quot;id&quot;:&quot;&quot;,&quot;size&quot;:&quot;&quot;},&quot;jet_parallax_layout_image_mobile&quot;:{&quot;url&quot;:&quot;&quot;,&quot;id&quot;:&quot;&quot;,&quot;size&quot;:&quot;&quot;},&quot;jet_parallax_layout_speed&quot;:{&quot;unit&quot;:&quot;%&quot;,&quot;size&quot;:50,&quot;sizes&quot;:[]},&quot;jet_parallax_layout_type&quot;:&quot;scroll&quot;,&quot;jet_parallax_layout_direction&quot;:&quot;1&quot;,&quot;jet_parallax_layout_fx_direction&quot;:null,&quot;jet_parallax_layout_z_index&quot;:&quot;&quot;,&quot;jet_parallax_layout_bg_x&quot;:50,&quot;jet_parallax_layout_bg_x_tablet&quot;:&quot;&quot;,&quot;jet_parallax_layout_bg_x_mobile&quot;:&quot;&quot;,&quot;jet_parallax_layout_bg_y&quot;:50,&quot;jet_parallax_layout_bg_y_tablet&quot;:&quot;&quot;,&quot;jet_parallax_layout_bg_y_mobile&quot;:&quot;&quot;,&quot;jet_parallax_layout_bg_size&quot;:&quot;auto&quot;,&quot;jet_parallax_layout_bg_size_tablet&quot;:&quot;&quot;,&quot;jet_parallax_layout_bg_size_mobile&quot;:&quot;&quot;,&quot;jet_parallax_layout_animation_prop&quot;:&quot;transform&quot;,&quot;jet_parallax_layout_on&quot;:[&quot;desktop&quot;,&quot;tablet&quot;]}],&quot;sticky&quot;:&quot;top&quot;,&quot;sticky_offset&quot;:175,&quot;sticky_on&quot;:[&quot;desktop&quot;,&quot;tablet&quot;],&quot;sticky_effects_offset&quot;:348,&quot;sticky_anchor_link_offset&quot;:0}\">\n\t\t\t\t\t\t<div class=\"elementor-container elementor-column-gap-default\">\n\t\t\t\t\t<div class=\"elementor-column elementor-col-100 elementor-inner-column elementor-element elementor-element-5fbfd7fe\" data-id=\"5fbfd7fe\" data-element_type=\"column\" data-e-type=\"column\" data-settings=\"{&quot;background_background&quot;:&quot;classic&quot;}\">\n\t\t\t<div class=\"elementor-widget-wrap elementor-element-populated\">\n\t\t\t\t\t\t<div class=\"elementor-element elementor-element-755caf4d elementor-widget elementor-widget-nav-menu\" data-id=\"755caf4d\" data-element_type=\"widget\" data-e-type=\"widget\" data-settings=\"{&quot;layout&quot;:&quot;dropdown&quot;,&quot;submenu_icon&quot;:{&quot;value&quot;:&quot;&lt;i class=\\&quot;fas fa-chevron-down\\&quot; aria-hidden=\\&quot;true\\&quot;&gt;&lt;\\\/i&gt;&quot;,&quot;library&quot;:&quot;fa-solid&quot;}}\" data-widget_type=\"nav-menu.default\">\n\t\t\t\t<div class=\"elementor-widget-container\">\n\t\t\t\t\t\t\t\t<nav class=\"elementor-nav-menu--dropdown elementor-nav-menu__container\" aria-hidden=\"true\">\n\t\t\t\t<ul id=\"menu-2-755caf4d\" class=\"elementor-nav-menu\"><li class=\"menu-item menu-item-type-post_type menu-item-object-page menu-item-9930\"><a href=\"https:\/\/aphasie.org\/fr\/blog-de-voyage\/\" class=\"elementor-item\" tabindex=\"-1\">Blog de voyage<\/a><\/li>\n<li class=\"menu-item menu-item-type-post_type menu-item-object-page menu-item-9931\"><a href=\"https:\/\/aphasie.org\/fr\/blogueuses\/\" class=\"elementor-item\" tabindex=\"-1\">Blogueuses<\/a><\/li>\n<li class=\"menu-item menu-item-type-post_type menu-item-object-page menu-item-9932\"><a href=\"https:\/\/aphasie.org\/fr\/faqs\/\" class=\"elementor-item\" tabindex=\"-1\">FAQ<\/a><\/li>\n<\/ul>\t\t\t<\/nav>\n\t\t\t\t\t\t<\/div>\n\t\t\t\t<\/div>\n\t\t\t\t\t<\/div>\n\t\t<\/div>\n\t\t\t\t\t<\/div>\n\t\t<\/section>\n\t\t\t\t\t<\/div>\n\t\t<\/div>\n\t\t\t\t\t<\/div>\n\t\t<\/section>\n\t\t\t\t<\/div>\n\t\t","protected":false},"excerpt":{"rendered":"<p>Blog de voyage Nos blogueurs et blogueuses se pr\u00e9sentent Desiree Zwahlen Bonjour, je m&#8217;appelle Desiree et je viens de Weinfelden. Depuis un accident vasculaire c\u00e9r\u00e9bral (2011), je suis moi-m\u00eame aphasique et j&#8217;ai un handicap de la marche.\u00a0Depuis 2022, je dirige le Plauderegge, lieu de rencontre pour les personnes aphasiques * \u00e0 Wil ( SG ). [&hellip;]<\/p>\n","protected":false},"author":7,"featured_media":0,"parent":0,"menu_order":0,"comment_status":"closed","ping_status":"closed","template":"","meta":{"footnotes":""},"class_list":["post-9411","page","type-page","status-publish","hentry"],"yoast_head":"<!-- This site is optimized with the Yoast SEO plugin v27.1.1 - https:\/\/yoast.com\/product\/yoast-seo-wordpress\/ -->\n<title>aphasie suisse | Blogueuses<\/title>\n<meta name=\"robots\" content=\"index, follow, max-snippet:-1, max-image-preview:large, max-video-preview:-1\" \/>\n<link rel=\"canonical\" href=\"https:\/\/aphasie.org\/fr\/blogueuses\/\" \/>\n<meta property=\"og:locale\" content=\"fr_FR\" \/>\n<meta property=\"og:type\" content=\"article\" \/>\n<meta property=\"og:title\" content=\"aphasie suisse | Blogueuses\" \/>\n<meta property=\"og:description\" content=\"Blog de voyage Nos blogueurs et blogueuses se pr\u00e9sentent Desiree Zwahlen Bonjour, je m&#8217;appelle Desiree et je viens de Weinfelden. Depuis un accident vasculaire c\u00e9r\u00e9bral (2011), je suis moi-m\u00eame aphasique et j&#8217;ai un handicap de la marche.\u00a0Depuis 2022, je dirige le Plauderegge, lieu de rencontre pour les personnes aphasiques * \u00e0 Wil ( SG ). [&hellip;]\" \/>\n<meta property=\"og:url\" content=\"https:\/\/aphasie.org\/fr\/blogueuses\/\" \/>\n<meta property=\"og:site_name\" content=\"aphasie suisse\" \/>\n<meta property=\"article:modified_time\" content=\"2023-01-05T09:37:07+00:00\" \/>\n<meta property=\"og:image\" content=\"https:\/\/aphasie.org\/wp-content\/uploads\/2023\/01\/Bild-Desiree4-300x300.jpg\" \/>\n<meta name=\"twitter:card\" content=\"summary_large_image\" \/>\n<meta name=\"twitter:label1\" content=\"Dur\u00e9e de lecture estim\u00e9e\" \/>\n\t<meta name=\"twitter:data1\" content=\"3 minutes\" \/>\n<script type=\"application\/ld+json\" class=\"yoast-schema-graph\">{\"@context\":\"https:\/\/schema.org\",\"@graph\":[{\"@type\":\"WebPage\",\"@id\":\"https:\/\/aphasie.org\/fr\/blogueuses\/\",\"url\":\"https:\/\/aphasie.org\/fr\/blogueuses\/\",\"name\":\"aphasie suisse | Blogueuses\",\"isPartOf\":{\"@id\":\"https:\/\/aphasie.org\/#website\"},\"primaryImageOfPage\":{\"@id\":\"https:\/\/aphasie.org\/fr\/blogueuses\/#primaryimage\"},\"image\":{\"@id\":\"https:\/\/aphasie.org\/fr\/blogueuses\/#primaryimage\"},\"thumbnailUrl\":\"https:\/\/aphasie.org\/wp-content\/uploads\/2023\/01\/Bild-Desiree4-300x300.jpg\",\"datePublished\":\"2022-11-16T08:47:14+00:00\",\"dateModified\":\"2023-01-05T09:37:07+00:00\",\"breadcrumb\":{\"@id\":\"https:\/\/aphasie.org\/fr\/blogueuses\/#breadcrumb\"},\"inLanguage\":\"fr-FR\",\"potentialAction\":[{\"@type\":\"ReadAction\",\"target\":[\"https:\/\/aphasie.org\/fr\/blogueuses\/\"]}]},{\"@type\":\"ImageObject\",\"inLanguage\":\"fr-FR\",\"@id\":\"https:\/\/aphasie.org\/fr\/blogueuses\/#primaryimage\",\"url\":\"https:\/\/aphasie.org\/wp-content\/uploads\/2023\/01\/Bild-Desiree4-300x300.jpg\",\"contentUrl\":\"https:\/\/aphasie.org\/wp-content\/uploads\/2023\/01\/Bild-Desiree4-300x300.jpg\"},{\"@type\":\"BreadcrumbList\",\"@id\":\"https:\/\/aphasie.org\/fr\/blogueuses\/#breadcrumb\",\"itemListElement\":[{\"@type\":\"ListItem\",\"position\":1,\"name\":\"Home\",\"item\":\"https:\/\/aphasie.org\/fr\/home\/\"},{\"@type\":\"ListItem\",\"position\":2,\"name\":\"Blogueuses\"}]},{\"@type\":\"WebSite\",\"@id\":\"https:\/\/aphasie.org\/#website\",\"url\":\"https:\/\/aphasie.org\/\",\"name\":\"aphasie suisse\",\"description\":\"wenn Worte fehlen\",\"publisher\":{\"@id\":\"https:\/\/aphasie.org\/#organization\"},\"potentialAction\":[{\"@type\":\"SearchAction\",\"target\":{\"@type\":\"EntryPoint\",\"urlTemplate\":\"https:\/\/aphasie.org\/?s={search_term_string}\"},\"query-input\":{\"@type\":\"PropertyValueSpecification\",\"valueRequired\":true,\"valueName\":\"search_term_string\"}}],\"inLanguage\":\"fr-FR\"},{\"@type\":\"Organization\",\"@id\":\"https:\/\/aphasie.org\/#organization\",\"name\":\"aphasie suisse\",\"url\":\"https:\/\/aphasie.org\/\",\"logo\":{\"@type\":\"ImageObject\",\"inLanguage\":\"fr-FR\",\"@id\":\"https:\/\/aphasie.org\/#\/schema\/logo\/image\/\",\"url\":\"https:\/\/aphasie.org\/wp-content\/uploads\/2020\/05\/aphasie_Logo-1.svg\",\"contentUrl\":\"https:\/\/aphasie.org\/wp-content\/uploads\/2020\/05\/aphasie_Logo-1.svg\",\"width\":133.599999999999994315658113919198513031005859375,\"height\":68.5,\"caption\":\"aphasie suisse\"},\"image\":{\"@id\":\"https:\/\/aphasie.org\/#\/schema\/logo\/image\/\"}}]}<\/script>\n<!-- \/ Yoast SEO plugin. -->","yoast_head_json":{"title":"aphasie suisse | Blogueuses","robots":{"index":"index","follow":"follow","max-snippet":"max-snippet:-1","max-image-preview":"max-image-preview:large","max-video-preview":"max-video-preview:-1"},"canonical":"https:\/\/aphasie.org\/fr\/blogueuses\/","og_locale":"fr_FR","og_type":"article","og_title":"aphasie suisse | Blogueuses","og_description":"Blog de voyage Nos blogueurs et blogueuses se pr\u00e9sentent Desiree Zwahlen Bonjour, je m&#8217;appelle Desiree et je viens de Weinfelden. Depuis un accident vasculaire c\u00e9r\u00e9bral (2011), je suis moi-m\u00eame aphasique et j&#8217;ai un handicap de la marche.\u00a0Depuis 2022, je dirige le Plauderegge, lieu de rencontre pour les personnes aphasiques * \u00e0 Wil ( SG ). [&hellip;]","og_url":"https:\/\/aphasie.org\/fr\/blogueuses\/","og_site_name":"aphasie suisse","article_modified_time":"2023-01-05T09:37:07+00:00","og_image":[{"url":"https:\/\/aphasie.org\/wp-content\/uploads\/2023\/01\/Bild-Desiree4-300x300.jpg","type":"","width":"","height":""}],"twitter_card":"summary_large_image","twitter_misc":{"Dur\u00e9e de lecture estim\u00e9e":"3 minutes"},"schema":{"@context":"https:\/\/schema.org","@graph":[{"@type":"WebPage","@id":"https:\/\/aphasie.org\/fr\/blogueuses\/","url":"https:\/\/aphasie.org\/fr\/blogueuses\/","name":"aphasie suisse | Blogueuses","isPartOf":{"@id":"https:\/\/aphasie.org\/#website"},"primaryImageOfPage":{"@id":"https:\/\/aphasie.org\/fr\/blogueuses\/#primaryimage"},"image":{"@id":"https:\/\/aphasie.org\/fr\/blogueuses\/#primaryimage"},"thumbnailUrl":"https:\/\/aphasie.org\/wp-content\/uploads\/2023\/01\/Bild-Desiree4-300x300.jpg","datePublished":"2022-11-16T08:47:14+00:00","dateModified":"2023-01-05T09:37:07+00:00","breadcrumb":{"@id":"https:\/\/aphasie.org\/fr\/blogueuses\/#breadcrumb"},"inLanguage":"fr-FR","potentialAction":[{"@type":"ReadAction","target":["https:\/\/aphasie.org\/fr\/blogueuses\/"]}]},{"@type":"ImageObject","inLanguage":"fr-FR","@id":"https:\/\/aphasie.org\/fr\/blogueuses\/#primaryimage","url":"https:\/\/aphasie.org\/wp-content\/uploads\/2023\/01\/Bild-Desiree4-300x300.jpg","contentUrl":"https:\/\/aphasie.org\/wp-content\/uploads\/2023\/01\/Bild-Desiree4-300x300.jpg"},{"@type":"BreadcrumbList","@id":"https:\/\/aphasie.org\/fr\/blogueuses\/#breadcrumb","itemListElement":[{"@type":"ListItem","position":1,"name":"Home","item":"https:\/\/aphasie.org\/fr\/home\/"},{"@type":"ListItem","position":2,"name":"Blogueuses"}]},{"@type":"WebSite","@id":"https:\/\/aphasie.org\/#website","url":"https:\/\/aphasie.org\/","name":"aphasie suisse","description":"wenn Worte fehlen","publisher":{"@id":"https:\/\/aphasie.org\/#organization"},"potentialAction":[{"@type":"SearchAction","target":{"@type":"EntryPoint","urlTemplate":"https:\/\/aphasie.org\/?s={search_term_string}"},"query-input":{"@type":"PropertyValueSpecification","valueRequired":true,"valueName":"search_term_string"}}],"inLanguage":"fr-FR"},{"@type":"Organization","@id":"https:\/\/aphasie.org\/#organization","name":"aphasie suisse","url":"https:\/\/aphasie.org\/","logo":{"@type":"ImageObject","inLanguage":"fr-FR","@id":"https:\/\/aphasie.org\/#\/schema\/logo\/image\/","url":"https:\/\/aphasie.org\/wp-content\/uploads\/2020\/05\/aphasie_Logo-1.svg","contentUrl":"https:\/\/aphasie.org\/wp-content\/uploads\/2020\/05\/aphasie_Logo-1.svg","width":133.599999999999994315658113919198513031005859375,"height":68.5,"caption":"aphasie suisse"},"image":{"@id":"https:\/\/aphasie.org\/#\/schema\/logo\/image\/"}}]}},"_links":{"self":[{"href":"https:\/\/aphasie.org\/fr\/wp-json\/wp\/v2\/pages\/9411","targetHints":{"allow":["GET"]}}],"collection":[{"href":"https:\/\/aphasie.org\/fr\/wp-json\/wp\/v2\/pages"}],"about":[{"href":"https:\/\/aphasie.org\/fr\/wp-json\/wp\/v2\/types\/page"}],"author":[{"embeddable":true,"href":"https:\/\/aphasie.org\/fr\/wp-json\/wp\/v2\/users\/7"}],"replies":[{"embeddable":true,"href":"https:\/\/aphasie.org\/fr\/wp-json\/wp\/v2\/comments?post=9411"}],"version-history":[{"count":0,"href":"https:\/\/aphasie.org\/fr\/wp-json\/wp\/v2\/pages\/9411\/revisions"}],"wp:attachment":[{"href":"https:\/\/aphasie.org\/fr\/wp-json\/wp\/v2\/media?parent=9411"}],"curies":[{"name":"wp","href":"https:\/\/api.w.org\/{rel}","templated":true}]}}