{"id":9430,"date":"2020-06-15T12:28:07","date_gmt":"2020-06-15T12:28:07","guid":{"rendered":"https:\/\/aphasie.org\/validation\/"},"modified":"2022-11-23T10:11:27","modified_gmt":"2022-11-23T10:11:27","slug":"kasse","status":"publish","type":"page","link":"https:\/\/aphasie.org\/fr\/kasse\/","title":{"rendered":"Caisse"},"content":{"rendered":"\t\t<div data-elementor-type=\"wp-page\" data-elementor-id=\"9430\" class=\"elementor elementor-9430 elementor-1400\" data-elementor-post-type=\"page\">\n\t\t\t\t\t\t<section class=\"elementor-section elementor-top-section elementor-element elementor-element-54e62852 elementor-reverse-mobile elementor-section-boxed elementor-section-height-default elementor-section-height-default\" data-id=\"54e62852\" data-element_type=\"section\" data-e-type=\"section\" data-settings=\"{&quot;jet_parallax_layout_list&quot;:[{&quot;jet_parallax_layout_image&quot;:{&quot;url&quot;:&quot;&quot;,&quot;id&quot;:&quot;&quot;,&quot;size&quot;:&quot;&quot;},&quot;_id&quot;:&quot;b82f757&quot;,&quot;jet_parallax_layout_image_tablet&quot;:{&quot;url&quot;:&quot;&quot;,&quot;id&quot;:&quot;&quot;,&quot;size&quot;:&quot;&quot;},&quot;jet_parallax_layout_image_mobile&quot;:{&quot;url&quot;:&quot;&quot;,&quot;id&quot;:&quot;&quot;,&quot;size&quot;:&quot;&quot;},&quot;jet_parallax_layout_speed&quot;:{&quot;unit&quot;:&quot;%&quot;,&quot;size&quot;:50,&quot;sizes&quot;:[]},&quot;jet_parallax_layout_type&quot;:&quot;scroll&quot;,&quot;jet_parallax_layout_direction&quot;:&quot;1&quot;,&quot;jet_parallax_layout_fx_direction&quot;:null,&quot;jet_parallax_layout_z_index&quot;:&quot;&quot;,&quot;jet_parallax_layout_bg_x&quot;:50,&quot;jet_parallax_layout_bg_x_tablet&quot;:&quot;&quot;,&quot;jet_parallax_layout_bg_x_mobile&quot;:&quot;&quot;,&quot;jet_parallax_layout_bg_y&quot;:50,&quot;jet_parallax_layout_bg_y_tablet&quot;:&quot;&quot;,&quot;jet_parallax_layout_bg_y_mobile&quot;:&quot;&quot;,&quot;jet_parallax_layout_bg_size&quot;:&quot;auto&quot;,&quot;jet_parallax_layout_bg_size_tablet&quot;:&quot;&quot;,&quot;jet_parallax_layout_bg_size_mobile&quot;:&quot;&quot;,&quot;jet_parallax_layout_animation_prop&quot;:&quot;transform&quot;,&quot;jet_parallax_layout_on&quot;:[&quot;desktop&quot;,&quot;tablet&quot;]}]}\">\n\t\t\t\t\t\t<div class=\"elementor-container elementor-column-gap-default\">\n\t\t\t\t\t<div class=\"elementor-column elementor-col-100 elementor-top-column elementor-element elementor-element-2e1db50d\" data-id=\"2e1db50d\" data-element_type=\"column\" data-e-type=\"column\">\n\t\t\t<div class=\"elementor-widget-wrap elementor-element-populated\">\n\t\t\t\t\t\t<div class=\"elementor-element elementor-element-c06d7a1 elementor-widget elementor-widget-heading\" data-id=\"c06d7a1\" data-element_type=\"widget\" data-e-type=\"widget\" data-widget_type=\"heading.default\">\n\t\t\t\t<div class=\"elementor-widget-container\">\n\t\t\t\t\t<h1 class=\"elementor-heading-title elementor-size-default\">Caisse<\/h1>\t\t\t\t<\/div>\n\t\t\t\t<\/div>\n\t\t\t\t<div class=\"elementor-element elementor-element-6ad592a3 elementor-widget-divider--view-line elementor-widget elementor-widget-divider\" data-id=\"6ad592a3\" data-element_type=\"widget\" data-e-type=\"widget\" data-widget_type=\"divider.default\">\n\t\t\t\t<div class=\"elementor-widget-container\">\n\t\t\t\t\t\t\t<div class=\"elementor-divider\">\n\t\t\t<span class=\"elementor-divider-separator\">\n\t\t\t\t\t\t<\/span>\n\t\t<\/div>\n\t\t\t\t\t\t<\/div>\n\t\t\t\t<\/div>\n\t\t\t\t<div class=\"elementor-element elementor-element-79c1343 e-checkout-layout-two-column elementor-widget elementor-widget-woocommerce-checkout-page\" data-id=\"79c1343\" data-element_type=\"widget\" data-e-type=\"widget\" data-widget_type=\"woocommerce-checkout-page.default\">\n\t\t\t\t<div class=\"elementor-widget-container\">\n\t\t\t\t\t<div class=\"woocommerce\"><\/div>\t\t\t\t<\/div>\n\t\t\t\t<\/div>\n\t\t\t\t\t<\/div>\n\t\t<\/div>\n\t\t\t\t\t<\/div>\n\t\t<\/section>\n\t\t\t\t<\/div>\n\t\t","protected":false},"excerpt":{"rendered":"<p>Caisse Adresse de facturation Pr\u00e9nom&nbsp;* Nom de famille&nbsp;* Nom de l&rsquo;entreprise&nbsp;(optional) Land \/ Region&nbsp;*Schweiz Strasse&nbsp;* Postleitzahl&nbsp;* Ort \/ Stadt&nbsp;* Kanton&nbsp;(optional)W\u00e4hlen Sie eine Option&hellip;AargauAppenzell AusserrhodenAppenzell InnerrhodenBasel-LandschaftBasel-StadtBernFreiburgGenfGlarusGraub\u00fcndenJuraLuzernNeuch\u00e2telNidwaldenObwaldenSchaffhausenSchwyzSolothurnSt. GallenThurgauTessinUriWallisWaadtZugZ\u00fcrich T\u00e9l\u00e9phone&nbsp;* Adresse e-mail&nbsp;* Adresse de livraison diff\u00e9rente ? First Name&nbsp;* Last Name&nbsp;* Company Name&nbsp;(optional) Land \/ Region&nbsp;*Schweiz Strasse&nbsp;* Postleitzahl&nbsp;* Ort \/ Stadt&nbsp;* Kanton&nbsp;(optional)W\u00e4hlen Sie eine Option&hellip;AargauAppenzell AusserrhodenAppenzell InnerrhodenBasel-LandschaftBasel-StadtBernFreiburgGenfGlarusGraub\u00fcndenJuraLuzernNeuch\u00e2telNidwaldenObwaldenSchaffhausenSchwyzSolothurnSt. GallenThurgauTessinUriWallisWaadtZugZ\u00fcrich [&hellip;]<\/p>\n","protected":false},"author":1,"featured_media":0,"parent":0,"menu_order":4,"comment_status":"closed","ping_status":"closed","template":"","meta":{"footnotes":""},"class_list":["post-9430","page","type-page","status-publish","hentry"],"yoast_head":"<!-- This site is optimized with the Yoast SEO plugin v27.1.1 - https:\/\/yoast.com\/product\/yoast-seo-wordpress\/ -->\n<title>aphasie suisse | Caisse<\/title>\n<meta name=\"robots\" content=\"index, follow, max-snippet:-1, max-image-preview:large, max-video-preview:-1\" \/>\n<link rel=\"canonical\" href=\"https:\/\/aphasie.org\/fr\/kasse\/\" \/>\n<meta property=\"og:locale\" content=\"fr_FR\" \/>\n<meta property=\"og:type\" content=\"article\" \/>\n<meta property=\"og:title\" content=\"aphasie suisse | Caisse\" \/>\n<meta property=\"og:description\" content=\"Caisse Adresse de facturation Pr\u00e9nom&nbsp;* Nom de famille&nbsp;* Nom de l&rsquo;entreprise&nbsp;(optional) Land \/ Region&nbsp;*Schweiz Strasse&nbsp;* Postleitzahl&nbsp;* Ort \/ Stadt&nbsp;* Kanton&nbsp;(optional)W\u00e4hlen Sie eine Option&hellip;AargauAppenzell AusserrhodenAppenzell InnerrhodenBasel-LandschaftBasel-StadtBernFreiburgGenfGlarusGraub\u00fcndenJuraLuzernNeuch\u00e2telNidwaldenObwaldenSchaffhausenSchwyzSolothurnSt. GallenThurgauTessinUriWallisWaadtZugZ\u00fcrich T\u00e9l\u00e9phone&nbsp;* Adresse e-mail&nbsp;* Adresse de livraison diff\u00e9rente ? First Name&nbsp;* Last Name&nbsp;* Company Name&nbsp;(optional) Land \/ Region&nbsp;*Schweiz Strasse&nbsp;* Postleitzahl&nbsp;* Ort \/ Stadt&nbsp;* Kanton&nbsp;(optional)W\u00e4hlen Sie eine Option&hellip;AargauAppenzell AusserrhodenAppenzell InnerrhodenBasel-LandschaftBasel-StadtBernFreiburgGenfGlarusGraub\u00fcndenJuraLuzernNeuch\u00e2telNidwaldenObwaldenSchaffhausenSchwyzSolothurnSt. GallenThurgauTessinUriWallisWaadtZugZ\u00fcrich [&hellip;]\" \/>\n<meta property=\"og:url\" content=\"https:\/\/aphasie.org\/fr\/kasse\/\" \/>\n<meta property=\"og:site_name\" content=\"aphasie suisse\" \/>\n<meta property=\"article:modified_time\" content=\"2022-11-23T10:11:27+00:00\" \/>\n<meta property=\"og:image\" content=\"https:\/\/aphasie.org\/wp-content\/plugins\/mame-twint-woocommerce\/assets\/images\/twint_logo_q.svg\" \/>\n<meta name=\"twitter:card\" content=\"summary_large_image\" \/>\n<meta name=\"twitter:label1\" content=\"Dur\u00e9e de lecture estim\u00e9e\" \/>\n\t<meta name=\"twitter:data1\" content=\"4 minutes\" \/>\n<script type=\"application\/ld+json\" class=\"yoast-schema-graph\">{\"@context\":\"https:\/\/schema.org\",\"@graph\":[{\"@type\":\"WebPage\",\"@id\":\"https:\/\/aphasie.org\/fr\/kasse\/\",\"url\":\"https:\/\/aphasie.org\/fr\/kasse\/\",\"name\":\"aphasie suisse | Caisse\",\"isPartOf\":{\"@id\":\"https:\/\/aphasie.org\/#website\"},\"primaryImageOfPage\":{\"@id\":\"https:\/\/aphasie.org\/fr\/kasse\/#primaryimage\"},\"image\":{\"@id\":\"https:\/\/aphasie.org\/fr\/kasse\/#primaryimage\"},\"thumbnailUrl\":\"https:\/\/aphasie.org\/wp-content\/plugins\/mame-twint-woocommerce\/assets\/images\/twint_logo_q.svg\",\"datePublished\":\"2020-06-15T12:28:07+00:00\",\"dateModified\":\"2022-11-23T10:11:27+00:00\",\"breadcrumb\":{\"@id\":\"https:\/\/aphasie.org\/fr\/kasse\/#breadcrumb\"},\"inLanguage\":\"fr-FR\",\"potentialAction\":[{\"@type\":\"ReadAction\",\"target\":[\"https:\/\/aphasie.org\/fr\/kasse\/\"]}]},{\"@type\":\"ImageObject\",\"inLanguage\":\"fr-FR\",\"@id\":\"https:\/\/aphasie.org\/fr\/kasse\/#primaryimage\",\"url\":\"https:\/\/aphasie.org\/wp-content\/plugins\/mame-twint-woocommerce\/assets\/images\/twint_logo_q.svg\",\"contentUrl\":\"https:\/\/aphasie.org\/wp-content\/plugins\/mame-twint-woocommerce\/assets\/images\/twint_logo_q.svg\"},{\"@type\":\"BreadcrumbList\",\"@id\":\"https:\/\/aphasie.org\/fr\/kasse\/#breadcrumb\",\"itemListElement\":[{\"@type\":\"ListItem\",\"position\":1,\"name\":\"Home\",\"item\":\"https:\/\/aphasie.org\/fr\/home\/\"},{\"@type\":\"ListItem\",\"position\":2,\"name\":\"Caisse\"}]},{\"@type\":\"WebSite\",\"@id\":\"https:\/\/aphasie.org\/#website\",\"url\":\"https:\/\/aphasie.org\/\",\"name\":\"aphasie suisse\",\"description\":\"wenn Worte fehlen\",\"publisher\":{\"@id\":\"https:\/\/aphasie.org\/#organization\"},\"potentialAction\":[{\"@type\":\"SearchAction\",\"target\":{\"@type\":\"EntryPoint\",\"urlTemplate\":\"https:\/\/aphasie.org\/?s={search_term_string}\"},\"query-input\":{\"@type\":\"PropertyValueSpecification\",\"valueRequired\":true,\"valueName\":\"search_term_string\"}}],\"inLanguage\":\"fr-FR\"},{\"@type\":\"Organization\",\"@id\":\"https:\/\/aphasie.org\/#organization\",\"name\":\"aphasie suisse\",\"url\":\"https:\/\/aphasie.org\/\",\"logo\":{\"@type\":\"ImageObject\",\"inLanguage\":\"fr-FR\",\"@id\":\"https:\/\/aphasie.org\/#\/schema\/logo\/image\/\",\"url\":\"https:\/\/aphasie.org\/wp-content\/uploads\/2020\/05\/aphasie_Logo-1.svg\",\"contentUrl\":\"https:\/\/aphasie.org\/wp-content\/uploads\/2020\/05\/aphasie_Logo-1.svg\",\"width\":133.599999999999994315658113919198513031005859375,\"height\":68.5,\"caption\":\"aphasie suisse\"},\"image\":{\"@id\":\"https:\/\/aphasie.org\/#\/schema\/logo\/image\/\"}}]}<\/script>\n<!-- \/ Yoast SEO plugin. -->","yoast_head_json":{"title":"aphasie suisse | Caisse","robots":{"index":"index","follow":"follow","max-snippet":"max-snippet:-1","max-image-preview":"max-image-preview:large","max-video-preview":"max-video-preview:-1"},"canonical":"https:\/\/aphasie.org\/fr\/kasse\/","og_locale":"fr_FR","og_type":"article","og_title":"aphasie suisse | Caisse","og_description":"Caisse Adresse de facturation Pr\u00e9nom&nbsp;* Nom de famille&nbsp;* Nom de l&rsquo;entreprise&nbsp;(optional) Land \/ Region&nbsp;*Schweiz Strasse&nbsp;* Postleitzahl&nbsp;* Ort \/ Stadt&nbsp;* Kanton&nbsp;(optional)W\u00e4hlen Sie eine Option&hellip;AargauAppenzell AusserrhodenAppenzell InnerrhodenBasel-LandschaftBasel-StadtBernFreiburgGenfGlarusGraub\u00fcndenJuraLuzernNeuch\u00e2telNidwaldenObwaldenSchaffhausenSchwyzSolothurnSt. GallenThurgauTessinUriWallisWaadtZugZ\u00fcrich T\u00e9l\u00e9phone&nbsp;* Adresse e-mail&nbsp;* Adresse de livraison diff\u00e9rente ? First Name&nbsp;* Last Name&nbsp;* Company Name&nbsp;(optional) Land \/ Region&nbsp;*Schweiz Strasse&nbsp;* Postleitzahl&nbsp;* Ort \/ Stadt&nbsp;* Kanton&nbsp;(optional)W\u00e4hlen Sie eine Option&hellip;AargauAppenzell AusserrhodenAppenzell InnerrhodenBasel-LandschaftBasel-StadtBernFreiburgGenfGlarusGraub\u00fcndenJuraLuzernNeuch\u00e2telNidwaldenObwaldenSchaffhausenSchwyzSolothurnSt. GallenThurgauTessinUriWallisWaadtZugZ\u00fcrich [&hellip;]","og_url":"https:\/\/aphasie.org\/fr\/kasse\/","og_site_name":"aphasie suisse","article_modified_time":"2022-11-23T10:11:27+00:00","og_image":[{"url":"https:\/\/aphasie.org\/wp-content\/plugins\/mame-twint-woocommerce\/assets\/images\/twint_logo_q.svg","type":"","width":"","height":""}],"twitter_card":"summary_large_image","twitter_misc":{"Dur\u00e9e de lecture estim\u00e9e":"4 minutes"},"schema":{"@context":"https:\/\/schema.org","@graph":[{"@type":"WebPage","@id":"https:\/\/aphasie.org\/fr\/kasse\/","url":"https:\/\/aphasie.org\/fr\/kasse\/","name":"aphasie suisse | Caisse","isPartOf":{"@id":"https:\/\/aphasie.org\/#website"},"primaryImageOfPage":{"@id":"https:\/\/aphasie.org\/fr\/kasse\/#primaryimage"},"image":{"@id":"https:\/\/aphasie.org\/fr\/kasse\/#primaryimage"},"thumbnailUrl":"https:\/\/aphasie.org\/wp-content\/plugins\/mame-twint-woocommerce\/assets\/images\/twint_logo_q.svg","datePublished":"2020-06-15T12:28:07+00:00","dateModified":"2022-11-23T10:11:27+00:00","breadcrumb":{"@id":"https:\/\/aphasie.org\/fr\/kasse\/#breadcrumb"},"inLanguage":"fr-FR","potentialAction":[{"@type":"ReadAction","target":["https:\/\/aphasie.org\/fr\/kasse\/"]}]},{"@type":"ImageObject","inLanguage":"fr-FR","@id":"https:\/\/aphasie.org\/fr\/kasse\/#primaryimage","url":"https:\/\/aphasie.org\/wp-content\/plugins\/mame-twint-woocommerce\/assets\/images\/twint_logo_q.svg","contentUrl":"https:\/\/aphasie.org\/wp-content\/plugins\/mame-twint-woocommerce\/assets\/images\/twint_logo_q.svg"},{"@type":"BreadcrumbList","@id":"https:\/\/aphasie.org\/fr\/kasse\/#breadcrumb","itemListElement":[{"@type":"ListItem","position":1,"name":"Home","item":"https:\/\/aphasie.org\/fr\/home\/"},{"@type":"ListItem","position":2,"name":"Caisse"}]},{"@type":"WebSite","@id":"https:\/\/aphasie.org\/#website","url":"https:\/\/aphasie.org\/","name":"aphasie suisse","description":"wenn Worte fehlen","publisher":{"@id":"https:\/\/aphasie.org\/#organization"},"potentialAction":[{"@type":"SearchAction","target":{"@type":"EntryPoint","urlTemplate":"https:\/\/aphasie.org\/?s={search_term_string}"},"query-input":{"@type":"PropertyValueSpecification","valueRequired":true,"valueName":"search_term_string"}}],"inLanguage":"fr-FR"},{"@type":"Organization","@id":"https:\/\/aphasie.org\/#organization","name":"aphasie suisse","url":"https:\/\/aphasie.org\/","logo":{"@type":"ImageObject","inLanguage":"fr-FR","@id":"https:\/\/aphasie.org\/#\/schema\/logo\/image\/","url":"https:\/\/aphasie.org\/wp-content\/uploads\/2020\/05\/aphasie_Logo-1.svg","contentUrl":"https:\/\/aphasie.org\/wp-content\/uploads\/2020\/05\/aphasie_Logo-1.svg","width":133.599999999999994315658113919198513031005859375,"height":68.5,"caption":"aphasie suisse"},"image":{"@id":"https:\/\/aphasie.org\/#\/schema\/logo\/image\/"}}]}},"_links":{"self":[{"href":"https:\/\/aphasie.org\/fr\/wp-json\/wp\/v2\/pages\/9430","targetHints":{"allow":["GET"]}}],"collection":[{"href":"https:\/\/aphasie.org\/fr\/wp-json\/wp\/v2\/pages"}],"about":[{"href":"https:\/\/aphasie.org\/fr\/wp-json\/wp\/v2\/types\/page"}],"author":[{"embeddable":true,"href":"https:\/\/aphasie.org\/fr\/wp-json\/wp\/v2\/users\/1"}],"replies":[{"embeddable":true,"href":"https:\/\/aphasie.org\/fr\/wp-json\/wp\/v2\/comments?post=9430"}],"version-history":[{"count":0,"href":"https:\/\/aphasie.org\/fr\/wp-json\/wp\/v2\/pages\/9430\/revisions"}],"wp:attachment":[{"href":"https:\/\/aphasie.org\/fr\/wp-json\/wp\/v2\/media?parent=9430"}],"curies":[{"name":"wp","href":"https:\/\/api.w.org\/{rel}","templated":true}]}}