{"id":9718,"date":"2020-05-13T06:22:43","date_gmt":"2020-05-13T06:22:43","guid":{"rendered":"https:\/\/aphasie.org\/symptome\/"},"modified":"2026-03-10T14:51:22","modified_gmt":"2026-03-10T14:51:22","slug":"symptomes","status":"publish","type":"page","link":"https:\/\/aphasie.org\/fr\/symptomes\/","title":{"rendered":"Sympt\u00f4mes"},"content":{"rendered":"\t\t<div data-elementor-type=\"wp-page\" data-elementor-id=\"9718\" class=\"elementor elementor-9718 elementor-38\" data-elementor-post-type=\"page\">\n\t\t\t\t\t\t<section class=\"elementor-section elementor-top-section elementor-element elementor-element-6366fd3a elementor-section-boxed elementor-section-height-default elementor-section-height-default\" data-id=\"6366fd3a\" data-element_type=\"section\" data-e-type=\"section\" data-settings=\"{&quot;jet_parallax_layout_list&quot;:[{&quot;jet_parallax_layout_image&quot;:{&quot;url&quot;:&quot;&quot;,&quot;id&quot;:&quot;&quot;,&quot;size&quot;:&quot;&quot;},&quot;_id&quot;:&quot;b82f757&quot;,&quot;jet_parallax_layout_image_tablet&quot;:{&quot;url&quot;:&quot;&quot;,&quot;id&quot;:&quot;&quot;,&quot;size&quot;:&quot;&quot;},&quot;jet_parallax_layout_image_mobile&quot;:{&quot;url&quot;:&quot;&quot;,&quot;id&quot;:&quot;&quot;,&quot;size&quot;:&quot;&quot;},&quot;jet_parallax_layout_speed&quot;:{&quot;unit&quot;:&quot;%&quot;,&quot;size&quot;:50,&quot;sizes&quot;:[]},&quot;jet_parallax_layout_type&quot;:&quot;scroll&quot;,&quot;jet_parallax_layout_direction&quot;:&quot;1&quot;,&quot;jet_parallax_layout_fx_direction&quot;:null,&quot;jet_parallax_layout_z_index&quot;:&quot;&quot;,&quot;jet_parallax_layout_bg_x&quot;:50,&quot;jet_parallax_layout_bg_x_tablet&quot;:&quot;&quot;,&quot;jet_parallax_layout_bg_x_mobile&quot;:&quot;&quot;,&quot;jet_parallax_layout_bg_y&quot;:50,&quot;jet_parallax_layout_bg_y_tablet&quot;:&quot;&quot;,&quot;jet_parallax_layout_bg_y_mobile&quot;:&quot;&quot;,&quot;jet_parallax_layout_bg_size&quot;:&quot;auto&quot;,&quot;jet_parallax_layout_bg_size_tablet&quot;:&quot;&quot;,&quot;jet_parallax_layout_bg_size_mobile&quot;:&quot;&quot;,&quot;jet_parallax_layout_animation_prop&quot;:&quot;transform&quot;,&quot;jet_parallax_layout_on&quot;:[&quot;desktop&quot;,&quot;tablet&quot;]}]}\">\n\t\t\t\t\t\t<div class=\"elementor-container elementor-column-gap-default\">\n\t\t\t\t\t<div class=\"elementor-column elementor-col-50 elementor-top-column elementor-element elementor-element-411d3d99\" data-id=\"411d3d99\" data-element_type=\"column\" data-e-type=\"column\">\n\t\t\t<div class=\"elementor-widget-wrap elementor-element-populated\">\n\t\t\t\t\t\t<div class=\"elementor-element elementor-element-470efbd elementor-widget elementor-widget-heading\" data-id=\"470efbd\" data-element_type=\"widget\" data-e-type=\"widget\" data-widget_type=\"heading.default\">\n\t\t\t\t<div class=\"elementor-widget-container\">\n\t\t\t\t\t<h1 class=\"elementor-heading-title elementor-size-default\">Sympt\u00f4mes d'une aphasie<\/h1>\t\t\t\t<\/div>\n\t\t\t\t<\/div>\n\t\t\t\t<div class=\"elementor-element elementor-element-74e0d76b elementor-widget-divider--view-line elementor-widget elementor-widget-divider\" data-id=\"74e0d76b\" data-element_type=\"widget\" data-e-type=\"widget\" data-widget_type=\"divider.default\">\n\t\t\t\t<div class=\"elementor-widget-container\">\n\t\t\t\t\t\t\t<div class=\"elementor-divider\">\n\t\t\t<span class=\"elementor-divider-separator\">\n\t\t\t\t\t\t<\/span>\n\t\t<\/div>\n\t\t\t\t\t\t<\/div>\n\t\t\t\t<\/div>\n\t\t\t\t<div class=\"elementor-element elementor-element-2dfa624a elementor-widget elementor-widget-text-editor\" data-id=\"2dfa624a\" data-element_type=\"widget\" data-e-type=\"widget\" data-widget_type=\"text-editor.default\">\n\t\t\t\t<div class=\"elementor-widget-container\">\n\t\t\t\t\t\t\t\t\t<p>L&rsquo;aphasie se manifeste diff\u00e9remment selon les personnes. La gravit\u00e9 de l&rsquo;aphasie d\u00e9pend de la localisation et de l&rsquo;\u00e9tendue des l\u00e9sions c\u00e9r\u00e9brales. Les probl\u00e8mes d&rsquo;\u00e9locution, de compr\u00e9hension, de lecture et d&rsquo;\u00e9criture sont caus\u00e9s par des l\u00e9sions de l&rsquo;h\u00e9misph\u00e8re gauche du cerveau.<\/p><h4><strong>Parler<\/strong><\/h4><p>Les personnes aphasiques ont souvent des difficult\u00e9s \u00e0 s\u2019exprimer spontan\u00e9ment. Certains ne parlent plus que par juxtaposition de syllabes, d\u2019autres parlent tr\u00e8s lentement et peinent \u00e0 construire des phrases. D\u2019autres encore ne trouvent plus les bons mots. Il y a aussi des personnes aphasiques qui parlent de mani\u00e8re fluide, mais m\u00e9langent certains sons et certains mots.<\/p><h4><br \/><strong>Comprendre<\/strong><\/h4><p>La compr\u00e9hension du langage par les personnes aphasiques est souvent surestim\u00e9e dans la vie quotidienne. Les personnes avec une aphasie s\u00e9v\u00e8re ne comprennent souvent plus que des mots isol\u00e9s et d\u00e9duisent la signification d\u2019un message gr\u00e2ce au contexte et aux aspects non-verbaux (par ex. les mimiques et les gestes de l\u2019interlocuteur). La compr\u00e9hension lors d\u2019une discussion en groupe reste difficile m\u00eame pour des personnes avec une aphasie plus l\u00e9g\u00e8re.<\/p><h4><br \/><strong>Lire<\/strong><\/h4><p>Quand une personne aphasique lit le journal, cela ne veut pas dire qu\u2019elle comprend tous les mots et toutes les phrases pour autant. Gr\u00e2ce aux images, aux mots isol\u00e9s et aux connaissances sp\u00e9cifiques \u00e0 un th\u00e8me, le contenu des articles peut \u00eatre globalement devin\u00e9. Lire un livre pose probl\u00e8me \u00e0 beaucoup de personnes aphasiques.<\/p><h4><br \/><strong>Ecrire<\/strong><\/h4><p>Les difficult\u00e9s d\u2019\u00e9criture peuvent se manifester pour les lettres, les mots ou\/et les phrases. Des lettres peuvent \u00eatre invers\u00e9es, rajout\u00e9es, oubli\u00e9es ou remplac\u00e9es. Certains mots pourtant \u00e9crits correctement peuvent ne pas correspondre au sens voulu. Un message long et \u00e9labor\u00e9 est particuli\u00e8rement difficile \u00e0 \u00e9crire.<\/p>\t\t\t\t\t\t\t\t<\/div>\n\t\t\t\t<\/div>\n\t\t\t\t\t<\/div>\n\t\t<\/div>\n\t\t\t\t<div class=\"elementor-column elementor-col-50 elementor-top-column elementor-element elementor-element-92805bd\" data-id=\"92805bd\" data-element_type=\"column\" data-e-type=\"column\" data-settings=\"{&quot;background_background&quot;:&quot;classic&quot;}\">\n\t\t\t<div class=\"elementor-widget-wrap elementor-element-populated\">\n\t\t\t\t\t\t<section class=\"elementor-section elementor-inner-section elementor-element elementor-element-e1c462f elementor-section-boxed elementor-section-height-default elementor-section-height-default\" data-id=\"e1c462f\" data-element_type=\"section\" data-e-type=\"section\" data-settings=\"{&quot;jet_parallax_layout_list&quot;:[{&quot;jet_parallax_layout_image&quot;:{&quot;url&quot;:&quot;&quot;,&quot;id&quot;:&quot;&quot;,&quot;size&quot;:&quot;&quot;},&quot;_id&quot;:&quot;626650f&quot;,&quot;jet_parallax_layout_image_tablet&quot;:{&quot;url&quot;:&quot;&quot;,&quot;id&quot;:&quot;&quot;,&quot;size&quot;:&quot;&quot;},&quot;jet_parallax_layout_image_mobile&quot;:{&quot;url&quot;:&quot;&quot;,&quot;id&quot;:&quot;&quot;,&quot;size&quot;:&quot;&quot;},&quot;jet_parallax_layout_speed&quot;:{&quot;unit&quot;:&quot;%&quot;,&quot;size&quot;:50,&quot;sizes&quot;:[]},&quot;jet_parallax_layout_type&quot;:&quot;scroll&quot;,&quot;jet_parallax_layout_direction&quot;:&quot;1&quot;,&quot;jet_parallax_layout_fx_direction&quot;:null,&quot;jet_parallax_layout_z_index&quot;:&quot;&quot;,&quot;jet_parallax_layout_bg_x&quot;:50,&quot;jet_parallax_layout_bg_x_tablet&quot;:&quot;&quot;,&quot;jet_parallax_layout_bg_x_mobile&quot;:&quot;&quot;,&quot;jet_parallax_layout_bg_y&quot;:50,&quot;jet_parallax_layout_bg_y_tablet&quot;:&quot;&quot;,&quot;jet_parallax_layout_bg_y_mobile&quot;:&quot;&quot;,&quot;jet_parallax_layout_bg_size&quot;:&quot;auto&quot;,&quot;jet_parallax_layout_bg_size_tablet&quot;:&quot;&quot;,&quot;jet_parallax_layout_bg_size_mobile&quot;:&quot;&quot;,&quot;jet_parallax_layout_animation_prop&quot;:&quot;transform&quot;,&quot;jet_parallax_layout_on&quot;:[&quot;desktop&quot;,&quot;tablet&quot;]}],&quot;sticky&quot;:&quot;top&quot;,&quot;sticky_offset&quot;:175,&quot;sticky_on&quot;:[&quot;desktop&quot;,&quot;tablet&quot;],&quot;sticky_effects_offset&quot;:348,&quot;sticky_anchor_link_offset&quot;:0}\">\n\t\t\t\t\t\t<div class=\"elementor-container elementor-column-gap-default\">\n\t\t\t\t\t<div class=\"elementor-column elementor-col-100 elementor-inner-column elementor-element elementor-element-d7a58a1\" data-id=\"d7a58a1\" data-element_type=\"column\" data-e-type=\"column\" data-settings=\"{&quot;background_background&quot;:&quot;classic&quot;}\">\n\t\t\t<div class=\"elementor-widget-wrap elementor-element-populated\">\n\t\t\t\t\t\t<div class=\"elementor-element elementor-element-48e8cba0 elementor-widget elementor-widget-nav-menu\" data-id=\"48e8cba0\" data-element_type=\"widget\" data-e-type=\"widget\" data-settings=\"{&quot;layout&quot;:&quot;dropdown&quot;,&quot;submenu_icon&quot;:{&quot;value&quot;:&quot;&lt;i class=\\&quot;fas fa-chevron-down\\&quot; aria-hidden=\\&quot;true\\&quot;&gt;&lt;\\\/i&gt;&quot;,&quot;library&quot;:&quot;fa-solid&quot;}}\" data-widget_type=\"nav-menu.default\">\n\t\t\t\t<div class=\"elementor-widget-container\">\n\t\t\t\t\t\t\t\t<nav class=\"elementor-nav-menu--dropdown elementor-nav-menu__container\" aria-hidden=\"true\">\n\t\t\t\t<ul id=\"menu-2-48e8cba0\" class=\"elementor-nav-menu\"><li class=\"menu-item menu-item-type-post_type menu-item-object-page menu-item-9902\"><a href=\"https:\/\/aphasie.org\/fr\/symptomes\/\" class=\"elementor-item\" tabindex=\"-1\">Sympt\u00f4mes<\/a><\/li>\n<li class=\"menu-item menu-item-type-post_type menu-item-object-page menu-item-9903\"><a href=\"https:\/\/aphasie.org\/fr\/definition\/\" class=\"elementor-item\" tabindex=\"-1\">D\u00e9finition<\/a><\/li>\n<li class=\"menu-item menu-item-type-post_type menu-item-object-page menu-item-9904\"><a href=\"https:\/\/aphasie.org\/fr\/repercussions\/\" class=\"elementor-item\" tabindex=\"-1\">R\u00e9percussions<\/a><\/li>\n<li class=\"menu-item menu-item-type-post_type menu-item-object-page menu-item-9905\"><a href=\"https:\/\/aphasie.org\/fr\/symptomes-associes\/\" class=\"elementor-item\" tabindex=\"-1\">Sympt\u00f4mes associ\u00e9s<\/a><\/li>\n<li class=\"menu-item menu-item-type-post_type menu-item-object-page menu-item-9906\"><a href=\"https:\/\/aphasie.org\/fr\/ursachen\/\" class=\"elementor-item\" tabindex=\"-1\">Causes<\/a><\/li>\n<li class=\"menu-item menu-item-type-post_type menu-item-object-page menu-item-9907\"><a href=\"https:\/\/aphasie.org\/fr\/krankheitsverlauf\/\" class=\"elementor-item\" tabindex=\"-1\">Evolution des aphasies<\/a><\/li>\n<li class=\"menu-item menu-item-type-post_type menu-item-object-page menu-item-9908\"><a href=\"https:\/\/aphasie.org\/fr\/sprachtherapie\/\" class=\"elementor-item\" tabindex=\"-1\">Traitement logop\u00e9dique<\/a><\/li>\n<\/ul>\t\t\t<\/nav>\n\t\t\t\t\t\t<\/div>\n\t\t\t\t<\/div>\n\t\t\t\t\t<\/div>\n\t\t<\/div>\n\t\t\t\t\t<\/div>\n\t\t<\/section>\n\t\t\t\t\t<\/div>\n\t\t<\/div>\n\t\t\t\t\t<\/div>\n\t\t<\/section>\n\t\t\t\t<\/div>\n\t\t","protected":false},"excerpt":{"rendered":"<p>Sympt\u00f4mes d&rsquo;une aphasie L&rsquo;aphasie se manifeste diff\u00e9remment selon les personnes. La gravit\u00e9 de l&rsquo;aphasie d\u00e9pend de la localisation et de l&rsquo;\u00e9tendue des l\u00e9sions c\u00e9r\u00e9brales. Les probl\u00e8mes d&rsquo;\u00e9locution, de compr\u00e9hension, de lecture et d&rsquo;\u00e9criture sont caus\u00e9s par des l\u00e9sions de l&rsquo;h\u00e9misph\u00e8re gauche du cerveau. Parler Les personnes aphasiques ont souvent des difficult\u00e9s \u00e0 s\u2019exprimer spontan\u00e9ment. Certains [&hellip;]<\/p>\n","protected":false},"author":1,"featured_media":0,"parent":0,"menu_order":1,"comment_status":"closed","ping_status":"closed","template":"","meta":{"footnotes":""},"class_list":["post-9718","page","type-page","status-publish","hentry"],"yoast_head":"<!-- This site is optimized with the Yoast SEO plugin v27.1.1 - https:\/\/yoast.com\/product\/yoast-seo-wordpress\/ -->\n<title>aphasie suisse | Sympt\u00f4mes<\/title>\n<meta name=\"robots\" content=\"index, follow, max-snippet:-1, max-image-preview:large, max-video-preview:-1\" \/>\n<link rel=\"canonical\" href=\"https:\/\/aphasie.org\/fr\/symptomes\/\" \/>\n<meta property=\"og:locale\" content=\"fr_FR\" \/>\n<meta property=\"og:type\" content=\"article\" \/>\n<meta property=\"og:title\" content=\"aphasie suisse | Sympt\u00f4mes\" \/>\n<meta property=\"og:description\" content=\"Sympt\u00f4mes d&rsquo;une aphasie L&rsquo;aphasie se manifeste diff\u00e9remment selon les personnes. La gravit\u00e9 de l&rsquo;aphasie d\u00e9pend de la localisation et de l&rsquo;\u00e9tendue des l\u00e9sions c\u00e9r\u00e9brales. Les probl\u00e8mes d&rsquo;\u00e9locution, de compr\u00e9hension, de lecture et d&rsquo;\u00e9criture sont caus\u00e9s par des l\u00e9sions de l&rsquo;h\u00e9misph\u00e8re gauche du cerveau. Parler Les personnes aphasiques ont souvent des difficult\u00e9s \u00e0 s\u2019exprimer spontan\u00e9ment. Certains [&hellip;]\" \/>\n<meta property=\"og:url\" content=\"https:\/\/aphasie.org\/fr\/symptomes\/\" \/>\n<meta property=\"og:site_name\" content=\"aphasie suisse\" \/>\n<meta property=\"article:modified_time\" content=\"2026-03-10T14:51:22+00:00\" \/>\n<meta name=\"twitter:card\" content=\"summary_large_image\" \/>\n<meta name=\"twitter:label1\" content=\"Dur\u00e9e de lecture estim\u00e9e\" \/>\n\t<meta name=\"twitter:data1\" content=\"2 minutes\" \/>\n<script type=\"application\/ld+json\" class=\"yoast-schema-graph\">{\"@context\":\"https:\/\/schema.org\",\"@graph\":[{\"@type\":\"WebPage\",\"@id\":\"https:\/\/aphasie.org\/fr\/symptomes\/\",\"url\":\"https:\/\/aphasie.org\/fr\/symptomes\/\",\"name\":\"aphasie suisse | Sympt\u00f4mes\",\"isPartOf\":{\"@id\":\"https:\/\/aphasie.org\/#website\"},\"datePublished\":\"2020-05-13T06:22:43+00:00\",\"dateModified\":\"2026-03-10T14:51:22+00:00\",\"breadcrumb\":{\"@id\":\"https:\/\/aphasie.org\/fr\/symptomes\/#breadcrumb\"},\"inLanguage\":\"fr-FR\",\"potentialAction\":[{\"@type\":\"ReadAction\",\"target\":[\"https:\/\/aphasie.org\/fr\/symptomes\/\"]}]},{\"@type\":\"BreadcrumbList\",\"@id\":\"https:\/\/aphasie.org\/fr\/symptomes\/#breadcrumb\",\"itemListElement\":[{\"@type\":\"ListItem\",\"position\":1,\"name\":\"Home\",\"item\":\"https:\/\/aphasie.org\/fr\/home\/\"},{\"@type\":\"ListItem\",\"position\":2,\"name\":\"Sympt\u00f4mes\"}]},{\"@type\":\"WebSite\",\"@id\":\"https:\/\/aphasie.org\/#website\",\"url\":\"https:\/\/aphasie.org\/\",\"name\":\"aphasie suisse\",\"description\":\"wenn Worte fehlen\",\"publisher\":{\"@id\":\"https:\/\/aphasie.org\/#organization\"},\"potentialAction\":[{\"@type\":\"SearchAction\",\"target\":{\"@type\":\"EntryPoint\",\"urlTemplate\":\"https:\/\/aphasie.org\/?s={search_term_string}\"},\"query-input\":{\"@type\":\"PropertyValueSpecification\",\"valueRequired\":true,\"valueName\":\"search_term_string\"}}],\"inLanguage\":\"fr-FR\"},{\"@type\":\"Organization\",\"@id\":\"https:\/\/aphasie.org\/#organization\",\"name\":\"aphasie suisse\",\"url\":\"https:\/\/aphasie.org\/\",\"logo\":{\"@type\":\"ImageObject\",\"inLanguage\":\"fr-FR\",\"@id\":\"https:\/\/aphasie.org\/#\/schema\/logo\/image\/\",\"url\":\"https:\/\/aphasie.org\/wp-content\/uploads\/2020\/05\/aphasie_Logo-1.svg\",\"contentUrl\":\"https:\/\/aphasie.org\/wp-content\/uploads\/2020\/05\/aphasie_Logo-1.svg\",\"width\":133.599999999999994315658113919198513031005859375,\"height\":68.5,\"caption\":\"aphasie suisse\"},\"image\":{\"@id\":\"https:\/\/aphasie.org\/#\/schema\/logo\/image\/\"}}]}<\/script>\n<!-- \/ Yoast SEO plugin. -->","yoast_head_json":{"title":"aphasie suisse | Sympt\u00f4mes","robots":{"index":"index","follow":"follow","max-snippet":"max-snippet:-1","max-image-preview":"max-image-preview:large","max-video-preview":"max-video-preview:-1"},"canonical":"https:\/\/aphasie.org\/fr\/symptomes\/","og_locale":"fr_FR","og_type":"article","og_title":"aphasie suisse | Sympt\u00f4mes","og_description":"Sympt\u00f4mes d&rsquo;une aphasie L&rsquo;aphasie se manifeste diff\u00e9remment selon les personnes. La gravit\u00e9 de l&rsquo;aphasie d\u00e9pend de la localisation et de l&rsquo;\u00e9tendue des l\u00e9sions c\u00e9r\u00e9brales. Les probl\u00e8mes d&rsquo;\u00e9locution, de compr\u00e9hension, de lecture et d&rsquo;\u00e9criture sont caus\u00e9s par des l\u00e9sions de l&rsquo;h\u00e9misph\u00e8re gauche du cerveau. Parler Les personnes aphasiques ont souvent des difficult\u00e9s \u00e0 s\u2019exprimer spontan\u00e9ment. Certains [&hellip;]","og_url":"https:\/\/aphasie.org\/fr\/symptomes\/","og_site_name":"aphasie suisse","article_modified_time":"2026-03-10T14:51:22+00:00","twitter_card":"summary_large_image","twitter_misc":{"Dur\u00e9e de lecture estim\u00e9e":"2 minutes"},"schema":{"@context":"https:\/\/schema.org","@graph":[{"@type":"WebPage","@id":"https:\/\/aphasie.org\/fr\/symptomes\/","url":"https:\/\/aphasie.org\/fr\/symptomes\/","name":"aphasie suisse | Sympt\u00f4mes","isPartOf":{"@id":"https:\/\/aphasie.org\/#website"},"datePublished":"2020-05-13T06:22:43+00:00","dateModified":"2026-03-10T14:51:22+00:00","breadcrumb":{"@id":"https:\/\/aphasie.org\/fr\/symptomes\/#breadcrumb"},"inLanguage":"fr-FR","potentialAction":[{"@type":"ReadAction","target":["https:\/\/aphasie.org\/fr\/symptomes\/"]}]},{"@type":"BreadcrumbList","@id":"https:\/\/aphasie.org\/fr\/symptomes\/#breadcrumb","itemListElement":[{"@type":"ListItem","position":1,"name":"Home","item":"https:\/\/aphasie.org\/fr\/home\/"},{"@type":"ListItem","position":2,"name":"Sympt\u00f4mes"}]},{"@type":"WebSite","@id":"https:\/\/aphasie.org\/#website","url":"https:\/\/aphasie.org\/","name":"aphasie suisse","description":"wenn Worte fehlen","publisher":{"@id":"https:\/\/aphasie.org\/#organization"},"potentialAction":[{"@type":"SearchAction","target":{"@type":"EntryPoint","urlTemplate":"https:\/\/aphasie.org\/?s={search_term_string}"},"query-input":{"@type":"PropertyValueSpecification","valueRequired":true,"valueName":"search_term_string"}}],"inLanguage":"fr-FR"},{"@type":"Organization","@id":"https:\/\/aphasie.org\/#organization","name":"aphasie suisse","url":"https:\/\/aphasie.org\/","logo":{"@type":"ImageObject","inLanguage":"fr-FR","@id":"https:\/\/aphasie.org\/#\/schema\/logo\/image\/","url":"https:\/\/aphasie.org\/wp-content\/uploads\/2020\/05\/aphasie_Logo-1.svg","contentUrl":"https:\/\/aphasie.org\/wp-content\/uploads\/2020\/05\/aphasie_Logo-1.svg","width":133.599999999999994315658113919198513031005859375,"height":68.5,"caption":"aphasie suisse"},"image":{"@id":"https:\/\/aphasie.org\/#\/schema\/logo\/image\/"}}]}},"_links":{"self":[{"href":"https:\/\/aphasie.org\/fr\/wp-json\/wp\/v2\/pages\/9718","targetHints":{"allow":["GET"]}}],"collection":[{"href":"https:\/\/aphasie.org\/fr\/wp-json\/wp\/v2\/pages"}],"about":[{"href":"https:\/\/aphasie.org\/fr\/wp-json\/wp\/v2\/types\/page"}],"author":[{"embeddable":true,"href":"https:\/\/aphasie.org\/fr\/wp-json\/wp\/v2\/users\/1"}],"replies":[{"embeddable":true,"href":"https:\/\/aphasie.org\/fr\/wp-json\/wp\/v2\/comments?post=9718"}],"version-history":[{"count":3,"href":"https:\/\/aphasie.org\/fr\/wp-json\/wp\/v2\/pages\/9718\/revisions"}],"predecessor-version":[{"id":20540,"href":"https:\/\/aphasie.org\/fr\/wp-json\/wp\/v2\/pages\/9718\/revisions\/20540"}],"wp:attachment":[{"href":"https:\/\/aphasie.org\/fr\/wp-json\/wp\/v2\/media?parent=9718"}],"curies":[{"name":"wp","href":"https:\/\/api.w.org\/{rel}","templated":true}]}}