{"id":9722,"date":"2020-05-13T06:22:36","date_gmt":"2020-05-13T06:22:36","guid":{"rendered":"https:\/\/aphasie.org\/auswirkungen\/"},"modified":"2026-03-10T14:53:25","modified_gmt":"2026-03-10T14:53:25","slug":"repercussions","status":"publish","type":"page","link":"https:\/\/aphasie.org\/fr\/repercussions\/","title":{"rendered":"R\u00e9percussions"},"content":{"rendered":"\t\t<div data-elementor-type=\"wp-page\" data-elementor-id=\"9722\" class=\"elementor elementor-9722 elementor-39\" data-elementor-post-type=\"page\">\n\t\t\t\t\t\t<section class=\"elementor-section elementor-top-section elementor-element elementor-element-e431421 elementor-section-boxed elementor-section-height-default elementor-section-height-default\" data-id=\"e431421\" data-element_type=\"section\" data-e-type=\"section\" data-settings=\"{&quot;jet_parallax_layout_list&quot;:[{&quot;jet_parallax_layout_image&quot;:{&quot;url&quot;:&quot;&quot;,&quot;id&quot;:&quot;&quot;,&quot;size&quot;:&quot;&quot;},&quot;_id&quot;:&quot;b82f757&quot;,&quot;jet_parallax_layout_image_tablet&quot;:{&quot;url&quot;:&quot;&quot;,&quot;id&quot;:&quot;&quot;,&quot;size&quot;:&quot;&quot;},&quot;jet_parallax_layout_image_mobile&quot;:{&quot;url&quot;:&quot;&quot;,&quot;id&quot;:&quot;&quot;,&quot;size&quot;:&quot;&quot;},&quot;jet_parallax_layout_speed&quot;:{&quot;unit&quot;:&quot;%&quot;,&quot;size&quot;:50,&quot;sizes&quot;:[]},&quot;jet_parallax_layout_type&quot;:&quot;scroll&quot;,&quot;jet_parallax_layout_direction&quot;:&quot;1&quot;,&quot;jet_parallax_layout_fx_direction&quot;:null,&quot;jet_parallax_layout_z_index&quot;:&quot;&quot;,&quot;jet_parallax_layout_bg_x&quot;:50,&quot;jet_parallax_layout_bg_x_tablet&quot;:&quot;&quot;,&quot;jet_parallax_layout_bg_x_mobile&quot;:&quot;&quot;,&quot;jet_parallax_layout_bg_y&quot;:50,&quot;jet_parallax_layout_bg_y_tablet&quot;:&quot;&quot;,&quot;jet_parallax_layout_bg_y_mobile&quot;:&quot;&quot;,&quot;jet_parallax_layout_bg_size&quot;:&quot;auto&quot;,&quot;jet_parallax_layout_bg_size_tablet&quot;:&quot;&quot;,&quot;jet_parallax_layout_bg_size_mobile&quot;:&quot;&quot;,&quot;jet_parallax_layout_animation_prop&quot;:&quot;transform&quot;,&quot;jet_parallax_layout_on&quot;:[&quot;desktop&quot;,&quot;tablet&quot;]}]}\">\n\t\t\t\t\t\t<div class=\"elementor-container elementor-column-gap-default\">\n\t\t\t\t\t<div class=\"elementor-column elementor-col-50 elementor-top-column elementor-element elementor-element-2043bf2a\" data-id=\"2043bf2a\" data-element_type=\"column\" data-e-type=\"column\">\n\t\t\t<div class=\"elementor-widget-wrap elementor-element-populated\">\n\t\t\t\t\t\t<div class=\"elementor-element elementor-element-2163f27d elementor-widget elementor-widget-heading\" data-id=\"2163f27d\" data-element_type=\"widget\" data-e-type=\"widget\" data-widget_type=\"heading.default\">\n\t\t\t\t<div class=\"elementor-widget-container\">\n\t\t\t\t\t<h1 class=\"elementor-heading-title elementor-size-default\">L'aphasie et ses r\u00e9percussions<\/h1>\t\t\t\t<\/div>\n\t\t\t\t<\/div>\n\t\t\t\t<div class=\"elementor-element elementor-element-1bbd1e3 elementor-widget-divider--view-line elementor-widget elementor-widget-divider\" data-id=\"1bbd1e3\" data-element_type=\"widget\" data-e-type=\"widget\" data-widget_type=\"divider.default\">\n\t\t\t\t<div class=\"elementor-widget-container\">\n\t\t\t\t\t\t\t<div class=\"elementor-divider\">\n\t\t\t<span class=\"elementor-divider-separator\">\n\t\t\t\t\t\t<\/span>\n\t\t<\/div>\n\t\t\t\t\t\t<\/div>\n\t\t\t\t<\/div>\n\t\t\t\t<div class=\"elementor-element elementor-element-5538576 elementor-widget elementor-widget-text-editor\" data-id=\"5538576\" data-element_type=\"widget\" data-e-type=\"widget\" data-widget_type=\"text-editor.default\">\n\t\t\t\t<div class=\"elementor-widget-container\">\n\t\t\t\t\t\t\t\t\t<h4><strong>Vie de famille<\/strong><\/h4><p>Pour bon nombre de personnes aphasiques, il n\u2019est plus possible de prendre part \u00e0 une discussion anim\u00e9e et de fournir ses propres arguments. Elles passent donc quotidiennement \u00e0 c\u00f4t\u00e9 de nouvelles informations. Il est difficile de participer pleinement \u00e0 la vie de famille. Souvent, les personnes aphasiques ne peuvent s\u2019informer que partiellement avec le journal. Il peut donc leur manquer de la stimulation intellectuelle. Il est n\u00e9cessaire de les informer au maximum et de maintenir des activit\u00e9s quotidiennes, par ex. faire des courses, participer \u00e0 des sorties et exercer des loisirs.<\/p><h4><strong>Vie sociale<\/strong><\/h4><p>Les amis et les connaissances doivent comprendre les limitations des personnes aphasiques et les prendre en compte pour qu\u2019une relation demeure possible. Il s\u2019agira peut-\u00eatre de se trouver de nouveaux int\u00e9r\u00eats communs. En effet, les personnes aphasiques ne peuvent souvent plus exercer les m\u00eames loisirs qu\u2019auparavant. Il y a toutefois plein d\u2019activit\u00e9s pour lesquelles des capacit\u00e9s langagi\u00e8res ne sont pas indispensables, comme par ex. la peinture, le dessin, la photo, certains jeux, les balades, la musique, les livres audio, les concerts, etc. En cas d\u2019h\u00e9mipl\u00e9gie, quelques loisirs peuvent aussi s\u2019effectuer d\u2019une seule main, avec un peu d\u2019entra\u00eenement.<\/p><h4><br \/><strong>Vie professionnelle<\/strong><\/h4><p>La possibilit\u00e9 de reprendre le travail ant\u00e9rieur d\u00e9pend fortement du degr\u00e9 de r\u00e9cup\u00e9ration de l\u2019aphasie, de la quantit\u00e9 de ressources langagi\u00e8res n\u00e9cessaires \u00e0 son exercice et des troubles associ\u00e9s.<\/p>\t\t\t\t\t\t\t\t<\/div>\n\t\t\t\t<\/div>\n\t\t\t\t\t<\/div>\n\t\t<\/div>\n\t\t\t\t<div class=\"elementor-column elementor-col-50 elementor-top-column elementor-element elementor-element-26f5d5d1\" data-id=\"26f5d5d1\" data-element_type=\"column\" data-e-type=\"column\" data-settings=\"{&quot;background_background&quot;:&quot;classic&quot;}\">\n\t\t\t<div class=\"elementor-widget-wrap elementor-element-populated\">\n\t\t\t\t\t\t<section class=\"elementor-section elementor-inner-section elementor-element elementor-element-3bf0f465 elementor-section-boxed elementor-section-height-default elementor-section-height-default\" data-id=\"3bf0f465\" data-element_type=\"section\" data-e-type=\"section\" data-settings=\"{&quot;jet_parallax_layout_list&quot;:[{&quot;jet_parallax_layout_image&quot;:{&quot;url&quot;:&quot;&quot;,&quot;id&quot;:&quot;&quot;,&quot;size&quot;:&quot;&quot;},&quot;_id&quot;:&quot;626650f&quot;,&quot;jet_parallax_layout_image_tablet&quot;:{&quot;url&quot;:&quot;&quot;,&quot;id&quot;:&quot;&quot;,&quot;size&quot;:&quot;&quot;},&quot;jet_parallax_layout_image_mobile&quot;:{&quot;url&quot;:&quot;&quot;,&quot;id&quot;:&quot;&quot;,&quot;size&quot;:&quot;&quot;},&quot;jet_parallax_layout_speed&quot;:{&quot;unit&quot;:&quot;%&quot;,&quot;size&quot;:50,&quot;sizes&quot;:[]},&quot;jet_parallax_layout_type&quot;:&quot;scroll&quot;,&quot;jet_parallax_layout_direction&quot;:&quot;1&quot;,&quot;jet_parallax_layout_fx_direction&quot;:null,&quot;jet_parallax_layout_z_index&quot;:&quot;&quot;,&quot;jet_parallax_layout_bg_x&quot;:50,&quot;jet_parallax_layout_bg_x_tablet&quot;:&quot;&quot;,&quot;jet_parallax_layout_bg_x_mobile&quot;:&quot;&quot;,&quot;jet_parallax_layout_bg_y&quot;:50,&quot;jet_parallax_layout_bg_y_tablet&quot;:&quot;&quot;,&quot;jet_parallax_layout_bg_y_mobile&quot;:&quot;&quot;,&quot;jet_parallax_layout_bg_size&quot;:&quot;auto&quot;,&quot;jet_parallax_layout_bg_size_tablet&quot;:&quot;&quot;,&quot;jet_parallax_layout_bg_size_mobile&quot;:&quot;&quot;,&quot;jet_parallax_layout_animation_prop&quot;:&quot;transform&quot;,&quot;jet_parallax_layout_on&quot;:[&quot;desktop&quot;,&quot;tablet&quot;]}],&quot;sticky&quot;:&quot;top&quot;,&quot;sticky_offset&quot;:175,&quot;sticky_on&quot;:[&quot;desktop&quot;,&quot;tablet&quot;],&quot;sticky_effects_offset&quot;:348,&quot;sticky_anchor_link_offset&quot;:0}\">\n\t\t\t\t\t\t<div class=\"elementor-container elementor-column-gap-default\">\n\t\t\t\t\t<div class=\"elementor-column elementor-col-100 elementor-inner-column elementor-element elementor-element-323d05e2\" data-id=\"323d05e2\" data-element_type=\"column\" data-e-type=\"column\" data-settings=\"{&quot;background_background&quot;:&quot;classic&quot;}\">\n\t\t\t<div class=\"elementor-widget-wrap elementor-element-populated\">\n\t\t\t\t\t\t<div class=\"elementor-element elementor-element-6aca1b39 elementor-widget elementor-widget-nav-menu\" data-id=\"6aca1b39\" data-element_type=\"widget\" data-e-type=\"widget\" data-settings=\"{&quot;layout&quot;:&quot;dropdown&quot;,&quot;submenu_icon&quot;:{&quot;value&quot;:&quot;&lt;i class=\\&quot;fas fa-chevron-down\\&quot; aria-hidden=\\&quot;true\\&quot;&gt;&lt;\\\/i&gt;&quot;,&quot;library&quot;:&quot;fa-solid&quot;}}\" data-widget_type=\"nav-menu.default\">\n\t\t\t\t<div class=\"elementor-widget-container\">\n\t\t\t\t\t\t\t\t<nav class=\"elementor-nav-menu--dropdown elementor-nav-menu__container\" aria-hidden=\"true\">\n\t\t\t\t<ul id=\"menu-2-6aca1b39\" class=\"elementor-nav-menu\"><li class=\"menu-item menu-item-type-post_type menu-item-object-page menu-item-9902\"><a href=\"https:\/\/aphasie.org\/fr\/symptomes\/\" class=\"elementor-item\" tabindex=\"-1\">Sympt\u00f4mes<\/a><\/li>\n<li class=\"menu-item menu-item-type-post_type menu-item-object-page menu-item-9903\"><a href=\"https:\/\/aphasie.org\/fr\/definition\/\" class=\"elementor-item\" tabindex=\"-1\">D\u00e9finition<\/a><\/li>\n<li class=\"menu-item menu-item-type-post_type menu-item-object-page menu-item-9904\"><a href=\"https:\/\/aphasie.org\/fr\/repercussions\/\" class=\"elementor-item\" tabindex=\"-1\">R\u00e9percussions<\/a><\/li>\n<li class=\"menu-item menu-item-type-post_type menu-item-object-page menu-item-9905\"><a href=\"https:\/\/aphasie.org\/fr\/symptomes-associes\/\" class=\"elementor-item\" tabindex=\"-1\">Sympt\u00f4mes associ\u00e9s<\/a><\/li>\n<li class=\"menu-item menu-item-type-post_type menu-item-object-page menu-item-9906\"><a href=\"https:\/\/aphasie.org\/fr\/ursachen\/\" class=\"elementor-item\" tabindex=\"-1\">Causes<\/a><\/li>\n<li class=\"menu-item menu-item-type-post_type menu-item-object-page menu-item-9907\"><a href=\"https:\/\/aphasie.org\/fr\/krankheitsverlauf\/\" class=\"elementor-item\" tabindex=\"-1\">Evolution des aphasies<\/a><\/li>\n<li class=\"menu-item menu-item-type-post_type menu-item-object-page menu-item-9908\"><a href=\"https:\/\/aphasie.org\/fr\/sprachtherapie\/\" class=\"elementor-item\" tabindex=\"-1\">Traitement logop\u00e9dique<\/a><\/li>\n<\/ul>\t\t\t<\/nav>\n\t\t\t\t\t\t<\/div>\n\t\t\t\t<\/div>\n\t\t\t\t\t<\/div>\n\t\t<\/div>\n\t\t\t\t\t<\/div>\n\t\t<\/section>\n\t\t\t\t\t<\/div>\n\t\t<\/div>\n\t\t\t\t\t<\/div>\n\t\t<\/section>\n\t\t\t\t<\/div>\n\t\t","protected":false},"excerpt":{"rendered":"<p>L&rsquo;aphasie et ses r\u00e9percussions Vie de famille Pour bon nombre de personnes aphasiques, il n\u2019est plus possible de prendre part \u00e0 une discussion anim\u00e9e et de fournir ses propres arguments. Elles passent donc quotidiennement \u00e0 c\u00f4t\u00e9 de nouvelles informations. Il est difficile de participer pleinement \u00e0 la vie de famille. Souvent, les personnes aphasiques ne [&hellip;]<\/p>\n","protected":false},"author":1,"featured_media":0,"parent":0,"menu_order":2,"comment_status":"closed","ping_status":"closed","template":"","meta":{"footnotes":""},"class_list":["post-9722","page","type-page","status-publish","hentry"],"yoast_head":"<!-- This site is optimized with the Yoast SEO plugin v27.5 - https:\/\/yoast.com\/product\/yoast-seo-wordpress\/ -->\n<title>aphasie suisse | R\u00e9percussions<\/title>\n<meta name=\"robots\" content=\"index, follow, max-snippet:-1, max-image-preview:large, max-video-preview:-1\" \/>\n<link rel=\"canonical\" href=\"https:\/\/aphasie.org\/fr\/repercussions\/\" \/>\n<meta property=\"og:locale\" content=\"fr_FR\" \/>\n<meta property=\"og:type\" content=\"article\" \/>\n<meta property=\"og:title\" content=\"aphasie suisse | R\u00e9percussions\" \/>\n<meta property=\"og:description\" content=\"L&rsquo;aphasie et ses r\u00e9percussions Vie de famille Pour bon nombre de personnes aphasiques, il n\u2019est plus possible de prendre part \u00e0 une discussion anim\u00e9e et de fournir ses propres arguments. Elles passent donc quotidiennement \u00e0 c\u00f4t\u00e9 de nouvelles informations. Il est difficile de participer pleinement \u00e0 la vie de famille. Souvent, les personnes aphasiques ne [&hellip;]\" \/>\n<meta property=\"og:url\" content=\"https:\/\/aphasie.org\/fr\/repercussions\/\" \/>\n<meta property=\"og:site_name\" content=\"aphasie suisse\" \/>\n<meta property=\"article:modified_time\" content=\"2026-03-10T14:53:25+00:00\" \/>\n<meta name=\"twitter:card\" content=\"summary_large_image\" \/>\n<meta name=\"twitter:label1\" content=\"Dur\u00e9e de lecture estim\u00e9e\" \/>\n\t<meta name=\"twitter:data1\" content=\"2 minutes\" \/>\n<script type=\"application\/ld+json\" class=\"yoast-schema-graph\">{\"@context\":\"https:\\\/\\\/schema.org\",\"@graph\":[{\"@type\":\"WebPage\",\"@id\":\"https:\\\/\\\/aphasie.org\\\/fr\\\/repercussions\\\/\",\"url\":\"https:\\\/\\\/aphasie.org\\\/fr\\\/repercussions\\\/\",\"name\":\"aphasie suisse | R\u00e9percussions\",\"isPartOf\":{\"@id\":\"https:\\\/\\\/aphasie.org\\\/#website\"},\"datePublished\":\"2020-05-13T06:22:36+00:00\",\"dateModified\":\"2026-03-10T14:53:25+00:00\",\"breadcrumb\":{\"@id\":\"https:\\\/\\\/aphasie.org\\\/fr\\\/repercussions\\\/#breadcrumb\"},\"inLanguage\":\"fr-FR\",\"potentialAction\":[{\"@type\":\"ReadAction\",\"target\":[\"https:\\\/\\\/aphasie.org\\\/fr\\\/repercussions\\\/\"]}]},{\"@type\":\"BreadcrumbList\",\"@id\":\"https:\\\/\\\/aphasie.org\\\/fr\\\/repercussions\\\/#breadcrumb\",\"itemListElement\":[{\"@type\":\"ListItem\",\"position\":1,\"name\":\"Home\",\"item\":\"https:\\\/\\\/aphasie.org\\\/fr\\\/home\\\/\"},{\"@type\":\"ListItem\",\"position\":2,\"name\":\"R\u00e9percussions\"}]},{\"@type\":\"WebSite\",\"@id\":\"https:\\\/\\\/aphasie.org\\\/#website\",\"url\":\"https:\\\/\\\/aphasie.org\\\/\",\"name\":\"aphasie suisse\",\"description\":\"wenn Worte fehlen\",\"publisher\":{\"@id\":\"https:\\\/\\\/aphasie.org\\\/#organization\"},\"potentialAction\":[{\"@type\":\"SearchAction\",\"target\":{\"@type\":\"EntryPoint\",\"urlTemplate\":\"https:\\\/\\\/aphasie.org\\\/?s={search_term_string}\"},\"query-input\":{\"@type\":\"PropertyValueSpecification\",\"valueRequired\":true,\"valueName\":\"search_term_string\"}}],\"inLanguage\":\"fr-FR\"},{\"@type\":\"Organization\",\"@id\":\"https:\\\/\\\/aphasie.org\\\/#organization\",\"name\":\"aphasie suisse\",\"url\":\"https:\\\/\\\/aphasie.org\\\/\",\"logo\":{\"@type\":\"ImageObject\",\"inLanguage\":\"fr-FR\",\"@id\":\"https:\\\/\\\/aphasie.org\\\/#\\\/schema\\\/logo\\\/image\\\/\",\"url\":\"https:\\\/\\\/aphasie.org\\\/wp-content\\\/uploads\\\/2020\\\/05\\\/aphasie_Logo-1.svg\",\"contentUrl\":\"https:\\\/\\\/aphasie.org\\\/wp-content\\\/uploads\\\/2020\\\/05\\\/aphasie_Logo-1.svg\",\"width\":133.599999999999994315658113919198513031005859375,\"height\":68.5,\"caption\":\"aphasie suisse\"},\"image\":{\"@id\":\"https:\\\/\\\/aphasie.org\\\/#\\\/schema\\\/logo\\\/image\\\/\"}}]}<\/script>\n<!-- \/ Yoast SEO plugin. -->","yoast_head_json":{"title":"aphasie suisse | R\u00e9percussions","robots":{"index":"index","follow":"follow","max-snippet":"max-snippet:-1","max-image-preview":"max-image-preview:large","max-video-preview":"max-video-preview:-1"},"canonical":"https:\/\/aphasie.org\/fr\/repercussions\/","og_locale":"fr_FR","og_type":"article","og_title":"aphasie suisse | R\u00e9percussions","og_description":"L&rsquo;aphasie et ses r\u00e9percussions Vie de famille Pour bon nombre de personnes aphasiques, il n\u2019est plus possible de prendre part \u00e0 une discussion anim\u00e9e et de fournir ses propres arguments. Elles passent donc quotidiennement \u00e0 c\u00f4t\u00e9 de nouvelles informations. Il est difficile de participer pleinement \u00e0 la vie de famille. Souvent, les personnes aphasiques ne [&hellip;]","og_url":"https:\/\/aphasie.org\/fr\/repercussions\/","og_site_name":"aphasie suisse","article_modified_time":"2026-03-10T14:53:25+00:00","twitter_card":"summary_large_image","twitter_misc":{"Dur\u00e9e de lecture estim\u00e9e":"2 minutes"},"schema":{"@context":"https:\/\/schema.org","@graph":[{"@type":"WebPage","@id":"https:\/\/aphasie.org\/fr\/repercussions\/","url":"https:\/\/aphasie.org\/fr\/repercussions\/","name":"aphasie suisse | R\u00e9percussions","isPartOf":{"@id":"https:\/\/aphasie.org\/#website"},"datePublished":"2020-05-13T06:22:36+00:00","dateModified":"2026-03-10T14:53:25+00:00","breadcrumb":{"@id":"https:\/\/aphasie.org\/fr\/repercussions\/#breadcrumb"},"inLanguage":"fr-FR","potentialAction":[{"@type":"ReadAction","target":["https:\/\/aphasie.org\/fr\/repercussions\/"]}]},{"@type":"BreadcrumbList","@id":"https:\/\/aphasie.org\/fr\/repercussions\/#breadcrumb","itemListElement":[{"@type":"ListItem","position":1,"name":"Home","item":"https:\/\/aphasie.org\/fr\/home\/"},{"@type":"ListItem","position":2,"name":"R\u00e9percussions"}]},{"@type":"WebSite","@id":"https:\/\/aphasie.org\/#website","url":"https:\/\/aphasie.org\/","name":"aphasie suisse","description":"wenn Worte fehlen","publisher":{"@id":"https:\/\/aphasie.org\/#organization"},"potentialAction":[{"@type":"SearchAction","target":{"@type":"EntryPoint","urlTemplate":"https:\/\/aphasie.org\/?s={search_term_string}"},"query-input":{"@type":"PropertyValueSpecification","valueRequired":true,"valueName":"search_term_string"}}],"inLanguage":"fr-FR"},{"@type":"Organization","@id":"https:\/\/aphasie.org\/#organization","name":"aphasie suisse","url":"https:\/\/aphasie.org\/","logo":{"@type":"ImageObject","inLanguage":"fr-FR","@id":"https:\/\/aphasie.org\/#\/schema\/logo\/image\/","url":"https:\/\/aphasie.org\/wp-content\/uploads\/2020\/05\/aphasie_Logo-1.svg","contentUrl":"https:\/\/aphasie.org\/wp-content\/uploads\/2020\/05\/aphasie_Logo-1.svg","width":133.599999999999994315658113919198513031005859375,"height":68.5,"caption":"aphasie suisse"},"image":{"@id":"https:\/\/aphasie.org\/#\/schema\/logo\/image\/"}}]}},"_links":{"self":[{"href":"https:\/\/aphasie.org\/fr\/wp-json\/wp\/v2\/pages\/9722","targetHints":{"allow":["GET"]}}],"collection":[{"href":"https:\/\/aphasie.org\/fr\/wp-json\/wp\/v2\/pages"}],"about":[{"href":"https:\/\/aphasie.org\/fr\/wp-json\/wp\/v2\/types\/page"}],"author":[{"embeddable":true,"href":"https:\/\/aphasie.org\/fr\/wp-json\/wp\/v2\/users\/1"}],"replies":[{"embeddable":true,"href":"https:\/\/aphasie.org\/fr\/wp-json\/wp\/v2\/comments?post=9722"}],"version-history":[{"count":3,"href":"https:\/\/aphasie.org\/fr\/wp-json\/wp\/v2\/pages\/9722\/revisions"}],"predecessor-version":[{"id":20544,"href":"https:\/\/aphasie.org\/fr\/wp-json\/wp\/v2\/pages\/9722\/revisions\/20544"}],"wp:attachment":[{"href":"https:\/\/aphasie.org\/fr\/wp-json\/wp\/v2\/media?parent=9722"}],"curies":[{"name":"wp","href":"https:\/\/api.w.org\/{rel}","templated":true}]}}