{"id":9724,"date":"2020-05-13T06:22:36","date_gmt":"2020-05-13T06:22:36","guid":{"rendered":"https:\/\/aphasie.org\/sprachtherapie\/"},"modified":"2022-11-23T09:17:26","modified_gmt":"2022-11-23T09:17:26","slug":"sprachtherapie","status":"publish","type":"page","link":"https:\/\/aphasie.org\/fr\/sprachtherapie\/","title":{"rendered":"Traitement logop\u00e9dique"},"content":{"rendered":"\t\t<div data-elementor-type=\"wp-page\" data-elementor-id=\"9724\" class=\"elementor elementor-9724 elementor-43\" data-elementor-post-type=\"page\">\n\t\t\t\t\t\t<section class=\"elementor-section elementor-top-section elementor-element elementor-element-f90ce5e elementor-section-boxed elementor-section-height-default elementor-section-height-default\" data-id=\"f90ce5e\" data-element_type=\"section\" data-e-type=\"section\" data-settings=\"{&quot;jet_parallax_layout_list&quot;:[{&quot;jet_parallax_layout_image&quot;:{&quot;url&quot;:&quot;&quot;,&quot;id&quot;:&quot;&quot;,&quot;size&quot;:&quot;&quot;},&quot;_id&quot;:&quot;b82f757&quot;,&quot;jet_parallax_layout_image_tablet&quot;:{&quot;url&quot;:&quot;&quot;,&quot;id&quot;:&quot;&quot;,&quot;size&quot;:&quot;&quot;},&quot;jet_parallax_layout_image_mobile&quot;:{&quot;url&quot;:&quot;&quot;,&quot;id&quot;:&quot;&quot;,&quot;size&quot;:&quot;&quot;},&quot;jet_parallax_layout_speed&quot;:{&quot;unit&quot;:&quot;%&quot;,&quot;size&quot;:50,&quot;sizes&quot;:[]},&quot;jet_parallax_layout_type&quot;:&quot;scroll&quot;,&quot;jet_parallax_layout_direction&quot;:&quot;1&quot;,&quot;jet_parallax_layout_fx_direction&quot;:null,&quot;jet_parallax_layout_z_index&quot;:&quot;&quot;,&quot;jet_parallax_layout_bg_x&quot;:50,&quot;jet_parallax_layout_bg_x_tablet&quot;:&quot;&quot;,&quot;jet_parallax_layout_bg_x_mobile&quot;:&quot;&quot;,&quot;jet_parallax_layout_bg_y&quot;:50,&quot;jet_parallax_layout_bg_y_tablet&quot;:&quot;&quot;,&quot;jet_parallax_layout_bg_y_mobile&quot;:&quot;&quot;,&quot;jet_parallax_layout_bg_size&quot;:&quot;auto&quot;,&quot;jet_parallax_layout_bg_size_tablet&quot;:&quot;&quot;,&quot;jet_parallax_layout_bg_size_mobile&quot;:&quot;&quot;,&quot;jet_parallax_layout_animation_prop&quot;:&quot;transform&quot;,&quot;jet_parallax_layout_on&quot;:[&quot;desktop&quot;,&quot;tablet&quot;]}]}\">\n\t\t\t\t\t\t<div class=\"elementor-container elementor-column-gap-default\">\n\t\t\t\t\t<div class=\"elementor-column elementor-col-50 elementor-top-column elementor-element elementor-element-77a45e02\" data-id=\"77a45e02\" data-element_type=\"column\" data-e-type=\"column\">\n\t\t\t<div class=\"elementor-widget-wrap elementor-element-populated\">\n\t\t\t\t\t\t<div class=\"elementor-element elementor-element-54fcbb7 elementor-widget elementor-widget-heading\" data-id=\"54fcbb7\" data-element_type=\"widget\" data-e-type=\"widget\" data-widget_type=\"heading.default\">\n\t\t\t\t<div class=\"elementor-widget-container\">\n\t\t\t\t\t<h1 class=\"elementor-heading-title elementor-size-default\">Traitement logop\u00e9dique\n<\/h1>\t\t\t\t<\/div>\n\t\t\t\t<\/div>\n\t\t\t\t<div class=\"elementor-element elementor-element-4d706440 elementor-widget-divider--view-line elementor-widget elementor-widget-divider\" data-id=\"4d706440\" data-element_type=\"widget\" data-e-type=\"widget\" data-widget_type=\"divider.default\">\n\t\t\t\t<div class=\"elementor-widget-container\">\n\t\t\t\t\t\t\t<div class=\"elementor-divider\">\n\t\t\t<span class=\"elementor-divider-separator\">\n\t\t\t\t\t\t<\/span>\n\t\t<\/div>\n\t\t\t\t\t\t<\/div>\n\t\t\t\t<\/div>\n\t\t\t\t<div class=\"elementor-element elementor-element-4de57ea6 elementor-widget elementor-widget-text-editor\" data-id=\"4de57ea6\" data-element_type=\"widget\" data-e-type=\"widget\" data-widget_type=\"text-editor.default\">\n\t\t\t\t<div class=\"elementor-widget-container\">\n\t\t\t\t\t\t\t\t\tLes buts d\u2019un traitement logop\u00e9dique sont d\u2019am\u00e9liorer les fonctions langagi\u00e8res, d\u2019optimiser la communication et de permettre une participation active \u00e0 la vie sociale.\n<h4><strong>Au d\u00e9but<\/strong><\/h4>\nDans les premiers temps, le langage peut r\u00e9cup\u00e9rer rapidement en raison de l\u2019am\u00e9lioration de l\u2019\u00e9tat de sant\u00e9 g\u00e9n\u00e9ral. Cette r\u00e9cup\u00e9ration spontan\u00e9e doit \u00eatre soutenue par un traitement logop\u00e9dique intensif et cibl\u00e9, car c\u2019est durant cette phase initiale que les fonctions langagi\u00e8res sont les plus mall\u00e9ables. Il s\u2019agit \u00e9galement d\u2019\u00e9viter que des mauvaises habitudes s\u2019installent.\n<h4><strong>Plus tard<\/strong><\/h4>\nPar la suite, l\u2019acc\u00e8s aux mots, la construction de phrases, la compr\u00e9hension orale, la lecture et l\u2019\u00e9criture doivent continuer \u00e0 \u00eatre travaill\u00e9s. Dans les aphasies plus s\u00e9v\u00e8res, il s\u2019agira d\u2019entra\u00eener tous les canaux de communication, comme la production de gestes, le dessin ou l\u2019utilisation d\u2019un moyen alternatif de communication pour pallier aux troubles du langage (par ex. carnet avec pictogrammes ou moyen informatis\u00e9).\n<h4><strong>Lorsque les progr\u00e8s sont limit\u00e9s<\/strong><\/h4>\nM\u00eame dans des situations o\u00f9 une r\u00e9cup\u00e9ration n\u2019est pas possible, un traitement logop\u00e9dique et des conseils peuvent \u00eatre utiles. Par exemple lors de pathologies neurod\u00e9g\u00e9n\u00e9ratives (ex. aphasie progressive primaire), un accompagnement logop\u00e9dique est indiqu\u00e9 pour tenter de maintenir le plus longtemps possible les capacit\u00e9s de communication.\n<h4><strong>Participation des proches<\/strong><\/h4>\nL\u2019int\u00e9gration des proches dans la prise en charge logop\u00e9dique est importante. C\u2019est gr\u00e2ce \u00e0 eux que les logop\u00e9distes peuvent d\u00e9couvrir les int\u00e9r\u00eats et les habitudes langagi\u00e8res ant\u00e9rieures des personnes aphasiques (par exemple les habitudes de lecture ou d\u2019\u00e9criture). Les proches sont \u00e9galement les mieux plac\u00e9s pour d\u00e9crire quels probl\u00e8mes surviennent au quotidien et les logop\u00e9distes peuvent alors les conseiller pour communiquer de mani\u00e8re optimale.\n<h4><strong>Intensit\u00e9<\/strong><\/h4>\nDans la phase aigu\u00eb (4\u20136 semaines), une th\u00e9rapie logop\u00e9dique intensive quotidienne montre les meilleurs r\u00e9sultats. Ensuite, selon le degr\u00e9 d\u2019atteinte et le potentiel de r\u00e9cup\u00e9ration, 3 \u00e0 5 s\u00e9ances hebdomadaires peuvent rester indiqu\u00e9es sur plusieurs mois. Dans la phase chronique (d\u00e8s 1 an), des traitements intensifs de courte dur\u00e9e peuvent encore montrer de bonnes am\u00e9liorations. La fr\u00e9quence des s\u00e9ances doit non seulement correspondre au type d\u2019aphasie et \u00e0 son \u00e9volution, mais aussi \u00e0 la motivation et la fatigabilit\u00e9 des personnes aphasiques.\n<h4><strong>Modalit\u00e9s<\/strong><\/h4>\nEn r\u00e8gle g\u00e9n\u00e9rale, les s\u00e9ances de logop\u00e9die se font de mani\u00e8re individuelle. Mais en parall\u00e8le ou apr\u00e8s le traitement individuel, la participation \u00e0 des s\u00e9ances de groupe peut \u00eatre un compl\u00e9ment pertinent.\n<h4><strong>Dur\u00e9e \/ Fin du traitement<\/strong><\/h4>\nLa dur\u00e9e d\u2019un traitement logop\u00e9dique d\u00e9pend des objectifs vis\u00e9s et de la motivation des personnes aphasiques. Lorsque les progr\u00e8s stagnent, il faut discuter de l\u2019indication \u00e0 poursuivre la prise en charge et avec quels objectifs. Apr\u00e8s une longue p\u00e9riode de traitement, il est souvent recommand\u00e9 de faire une pause. L\u2019arr\u00eat du traitement logop\u00e9dique ne signifie pas que les progr\u00e8s sont termin\u00e9s. Dans la vie quotidienne, on observe encore des am\u00e9liorations des ann\u00e9es plus tard. Un traitement logop\u00e9dique, s\u2019il est justifi\u00e9, peut \u00e9galement \u00eatre repris plus tardivement.\t\t\t\t\t\t\t\t<\/div>\n\t\t\t\t<\/div>\n\t\t\t\t<div class=\"elementor-element elementor-element-d28aa40 elementor-widget elementor-widget-button\" data-id=\"d28aa40\" data-element_type=\"widget\" data-e-type=\"widget\" data-widget_type=\"button.default\">\n\t\t\t\t<div class=\"elementor-widget-container\">\n\t\t\t\t\t\t\t\t\t<div class=\"elementor-button-wrapper\">\n\t\t\t\t\t<a class=\"elementor-button elementor-button-link elementor-size-md\" href=\"https:\/\/aphasie.org\/wp-content\/uploads\/2021\/02\/hinweise-fur-das-gesprach-mit-aphasischen-menschen-f.pdf\">\n\t\t\t\t\t\t<span class=\"elementor-button-content-wrapper\">\n\t\t\t\t\t\t<span class=\"elementor-button-icon\">\n\t\t\t\t<i aria-hidden=\"true\" class=\"fas fa-arrow-right\"><\/i>\t\t\t<\/span>\n\t\t\t\t\t\t\t\t\t<span class=\"elementor-button-text\">Conseils pour parler \u00e0 une personne aphasique<\/span>\n\t\t\t\t\t<\/span>\n\t\t\t\t\t<\/a>\n\t\t\t\t<\/div>\n\t\t\t\t\t\t\t\t<\/div>\n\t\t\t\t<\/div>\n\t\t\t\t\t<\/div>\n\t\t<\/div>\n\t\t\t\t<div class=\"elementor-column elementor-col-50 elementor-top-column elementor-element elementor-element-72ca9c9a\" data-id=\"72ca9c9a\" data-element_type=\"column\" data-e-type=\"column\" data-settings=\"{&quot;background_background&quot;:&quot;classic&quot;}\">\n\t\t\t<div class=\"elementor-widget-wrap elementor-element-populated\">\n\t\t\t\t\t\t<section class=\"elementor-section elementor-inner-section elementor-element elementor-element-22ec7332 elementor-section-boxed elementor-section-height-default elementor-section-height-default\" data-id=\"22ec7332\" data-element_type=\"section\" data-e-type=\"section\" data-settings=\"{&quot;jet_parallax_layout_list&quot;:[{&quot;jet_parallax_layout_image&quot;:{&quot;url&quot;:&quot;&quot;,&quot;id&quot;:&quot;&quot;,&quot;size&quot;:&quot;&quot;},&quot;_id&quot;:&quot;626650f&quot;,&quot;jet_parallax_layout_image_tablet&quot;:{&quot;url&quot;:&quot;&quot;,&quot;id&quot;:&quot;&quot;,&quot;size&quot;:&quot;&quot;},&quot;jet_parallax_layout_image_mobile&quot;:{&quot;url&quot;:&quot;&quot;,&quot;id&quot;:&quot;&quot;,&quot;size&quot;:&quot;&quot;},&quot;jet_parallax_layout_speed&quot;:{&quot;unit&quot;:&quot;%&quot;,&quot;size&quot;:50,&quot;sizes&quot;:[]},&quot;jet_parallax_layout_type&quot;:&quot;scroll&quot;,&quot;jet_parallax_layout_direction&quot;:&quot;1&quot;,&quot;jet_parallax_layout_fx_direction&quot;:null,&quot;jet_parallax_layout_z_index&quot;:&quot;&quot;,&quot;jet_parallax_layout_bg_x&quot;:50,&quot;jet_parallax_layout_bg_x_tablet&quot;:&quot;&quot;,&quot;jet_parallax_layout_bg_x_mobile&quot;:&quot;&quot;,&quot;jet_parallax_layout_bg_y&quot;:50,&quot;jet_parallax_layout_bg_y_tablet&quot;:&quot;&quot;,&quot;jet_parallax_layout_bg_y_mobile&quot;:&quot;&quot;,&quot;jet_parallax_layout_bg_size&quot;:&quot;auto&quot;,&quot;jet_parallax_layout_bg_size_tablet&quot;:&quot;&quot;,&quot;jet_parallax_layout_bg_size_mobile&quot;:&quot;&quot;,&quot;jet_parallax_layout_animation_prop&quot;:&quot;transform&quot;,&quot;jet_parallax_layout_on&quot;:[&quot;desktop&quot;,&quot;tablet&quot;]}],&quot;sticky&quot;:&quot;top&quot;,&quot;sticky_offset&quot;:175,&quot;sticky_on&quot;:[&quot;desktop&quot;,&quot;tablet&quot;],&quot;sticky_effects_offset&quot;:348,&quot;sticky_anchor_link_offset&quot;:0}\">\n\t\t\t\t\t\t<div class=\"elementor-container elementor-column-gap-default\">\n\t\t\t\t\t<div class=\"elementor-column elementor-col-100 elementor-inner-column elementor-element elementor-element-53553cb9\" data-id=\"53553cb9\" data-element_type=\"column\" data-e-type=\"column\" data-settings=\"{&quot;background_background&quot;:&quot;classic&quot;}\">\n\t\t\t<div class=\"elementor-widget-wrap elementor-element-populated\">\n\t\t\t\t\t\t<div class=\"elementor-element elementor-element-7e9ffc36 elementor-widget elementor-widget-nav-menu\" data-id=\"7e9ffc36\" data-element_type=\"widget\" data-e-type=\"widget\" data-settings=\"{&quot;layout&quot;:&quot;dropdown&quot;,&quot;submenu_icon&quot;:{&quot;value&quot;:&quot;&lt;i class=\\&quot;fas fa-chevron-down\\&quot; aria-hidden=\\&quot;true\\&quot;&gt;&lt;\\\/i&gt;&quot;,&quot;library&quot;:&quot;fa-solid&quot;}}\" data-widget_type=\"nav-menu.default\">\n\t\t\t\t<div class=\"elementor-widget-container\">\n\t\t\t\t\t\t\t\t<nav class=\"elementor-nav-menu--dropdown elementor-nav-menu__container\" aria-hidden=\"true\">\n\t\t\t\t<ul id=\"menu-2-7e9ffc36\" class=\"elementor-nav-menu\"><li class=\"menu-item menu-item-type-post_type menu-item-object-page menu-item-9902\"><a href=\"https:\/\/aphasie.org\/fr\/symptomes\/\" class=\"elementor-item\" tabindex=\"-1\">Sympt\u00f4mes<\/a><\/li>\n<li class=\"menu-item menu-item-type-post_type menu-item-object-page menu-item-9903\"><a href=\"https:\/\/aphasie.org\/fr\/definition\/\" class=\"elementor-item\" tabindex=\"-1\">D\u00e9finition<\/a><\/li>\n<li class=\"menu-item menu-item-type-post_type menu-item-object-page menu-item-9904\"><a href=\"https:\/\/aphasie.org\/fr\/repercussions\/\" class=\"elementor-item\" tabindex=\"-1\">R\u00e9percussions<\/a><\/li>\n<li class=\"menu-item menu-item-type-post_type menu-item-object-page menu-item-9905\"><a href=\"https:\/\/aphasie.org\/fr\/symptomes-associes\/\" class=\"elementor-item\" tabindex=\"-1\">Sympt\u00f4mes associ\u00e9s<\/a><\/li>\n<li class=\"menu-item menu-item-type-post_type menu-item-object-page menu-item-9906\"><a href=\"https:\/\/aphasie.org\/fr\/ursachen\/\" class=\"elementor-item\" tabindex=\"-1\">Causes<\/a><\/li>\n<li class=\"menu-item menu-item-type-post_type menu-item-object-page menu-item-9907\"><a href=\"https:\/\/aphasie.org\/fr\/krankheitsverlauf\/\" class=\"elementor-item\" tabindex=\"-1\">Evolution des aphasies<\/a><\/li>\n<li class=\"menu-item menu-item-type-post_type menu-item-object-page menu-item-9908\"><a href=\"https:\/\/aphasie.org\/fr\/sprachtherapie\/\" class=\"elementor-item\" tabindex=\"-1\">Traitement logop\u00e9dique<\/a><\/li>\n<\/ul>\t\t\t<\/nav>\n\t\t\t\t\t\t<\/div>\n\t\t\t\t<\/div>\n\t\t\t\t\t<\/div>\n\t\t<\/div>\n\t\t\t\t\t<\/div>\n\t\t<\/section>\n\t\t\t\t\t<\/div>\n\t\t<\/div>\n\t\t\t\t\t<\/div>\n\t\t<\/section>\n\t\t\t\t<\/div>\n\t\t","protected":false},"excerpt":{"rendered":"<p>Traitement logop\u00e9dique Les buts d\u2019un traitement logop\u00e9dique sont d\u2019am\u00e9liorer les fonctions langagi\u00e8res, d\u2019optimiser la communication et de permettre une participation active \u00e0 la vie sociale. Au d\u00e9but Dans les premiers temps, le langage peut r\u00e9cup\u00e9rer rapidement en raison de l\u2019am\u00e9lioration de l\u2019\u00e9tat de sant\u00e9 g\u00e9n\u00e9ral. Cette r\u00e9cup\u00e9ration spontan\u00e9e doit \u00eatre soutenue par un traitement logop\u00e9dique [&hellip;]<\/p>\n","protected":false},"author":1,"featured_media":0,"parent":0,"menu_order":6,"comment_status":"closed","ping_status":"closed","template":"","meta":{"footnotes":""},"class_list":["post-9724","page","type-page","status-publish","hentry"],"yoast_head":"<!-- This site is optimized with the Yoast SEO plugin v27.1.1 - https:\/\/yoast.com\/product\/yoast-seo-wordpress\/ -->\n<title>aphasie suisse | Traitement logop\u00e9dique<\/title>\n<meta name=\"robots\" content=\"index, follow, max-snippet:-1, max-image-preview:large, max-video-preview:-1\" \/>\n<link rel=\"canonical\" href=\"https:\/\/aphasie.org\/fr\/sprachtherapie\/\" \/>\n<meta property=\"og:locale\" content=\"fr_FR\" \/>\n<meta property=\"og:type\" content=\"article\" \/>\n<meta property=\"og:title\" content=\"aphasie suisse | Traitement logop\u00e9dique\" \/>\n<meta property=\"og:description\" content=\"Traitement logop\u00e9dique Les buts d\u2019un traitement logop\u00e9dique sont d\u2019am\u00e9liorer les fonctions langagi\u00e8res, d\u2019optimiser la communication et de permettre une participation active \u00e0 la vie sociale. Au d\u00e9but Dans les premiers temps, le langage peut r\u00e9cup\u00e9rer rapidement en raison de l\u2019am\u00e9lioration de l\u2019\u00e9tat de sant\u00e9 g\u00e9n\u00e9ral. Cette r\u00e9cup\u00e9ration spontan\u00e9e doit \u00eatre soutenue par un traitement logop\u00e9dique [&hellip;]\" \/>\n<meta property=\"og:url\" content=\"https:\/\/aphasie.org\/fr\/sprachtherapie\/\" \/>\n<meta property=\"og:site_name\" content=\"aphasie suisse\" \/>\n<meta property=\"article:modified_time\" content=\"2022-11-23T09:17:26+00:00\" \/>\n<meta name=\"twitter:card\" content=\"summary_large_image\" \/>\n<meta name=\"twitter:label1\" content=\"Dur\u00e9e de lecture estim\u00e9e\" \/>\n\t<meta name=\"twitter:data1\" content=\"3 minutes\" \/>\n<script type=\"application\/ld+json\" class=\"yoast-schema-graph\">{\"@context\":\"https:\/\/schema.org\",\"@graph\":[{\"@type\":\"WebPage\",\"@id\":\"https:\/\/aphasie.org\/fr\/sprachtherapie\/\",\"url\":\"https:\/\/aphasie.org\/fr\/sprachtherapie\/\",\"name\":\"aphasie suisse | Traitement logop\u00e9dique\",\"isPartOf\":{\"@id\":\"https:\/\/aphasie.org\/#website\"},\"datePublished\":\"2020-05-13T06:22:36+00:00\",\"dateModified\":\"2022-11-23T09:17:26+00:00\",\"breadcrumb\":{\"@id\":\"https:\/\/aphasie.org\/fr\/sprachtherapie\/#breadcrumb\"},\"inLanguage\":\"fr-FR\",\"potentialAction\":[{\"@type\":\"ReadAction\",\"target\":[\"https:\/\/aphasie.org\/fr\/sprachtherapie\/\"]}]},{\"@type\":\"BreadcrumbList\",\"@id\":\"https:\/\/aphasie.org\/fr\/sprachtherapie\/#breadcrumb\",\"itemListElement\":[{\"@type\":\"ListItem\",\"position\":1,\"name\":\"Home\",\"item\":\"https:\/\/aphasie.org\/fr\/home\/\"},{\"@type\":\"ListItem\",\"position\":2,\"name\":\"Traitement logop\u00e9dique\"}]},{\"@type\":\"WebSite\",\"@id\":\"https:\/\/aphasie.org\/#website\",\"url\":\"https:\/\/aphasie.org\/\",\"name\":\"aphasie suisse\",\"description\":\"wenn Worte fehlen\",\"publisher\":{\"@id\":\"https:\/\/aphasie.org\/#organization\"},\"potentialAction\":[{\"@type\":\"SearchAction\",\"target\":{\"@type\":\"EntryPoint\",\"urlTemplate\":\"https:\/\/aphasie.org\/?s={search_term_string}\"},\"query-input\":{\"@type\":\"PropertyValueSpecification\",\"valueRequired\":true,\"valueName\":\"search_term_string\"}}],\"inLanguage\":\"fr-FR\"},{\"@type\":\"Organization\",\"@id\":\"https:\/\/aphasie.org\/#organization\",\"name\":\"aphasie suisse\",\"url\":\"https:\/\/aphasie.org\/\",\"logo\":{\"@type\":\"ImageObject\",\"inLanguage\":\"fr-FR\",\"@id\":\"https:\/\/aphasie.org\/#\/schema\/logo\/image\/\",\"url\":\"https:\/\/aphasie.org\/wp-content\/uploads\/2020\/05\/aphasie_Logo-1.svg\",\"contentUrl\":\"https:\/\/aphasie.org\/wp-content\/uploads\/2020\/05\/aphasie_Logo-1.svg\",\"width\":133.599999999999994315658113919198513031005859375,\"height\":68.5,\"caption\":\"aphasie suisse\"},\"image\":{\"@id\":\"https:\/\/aphasie.org\/#\/schema\/logo\/image\/\"}}]}<\/script>\n<!-- \/ Yoast SEO plugin. -->","yoast_head_json":{"title":"aphasie suisse | Traitement logop\u00e9dique","robots":{"index":"index","follow":"follow","max-snippet":"max-snippet:-1","max-image-preview":"max-image-preview:large","max-video-preview":"max-video-preview:-1"},"canonical":"https:\/\/aphasie.org\/fr\/sprachtherapie\/","og_locale":"fr_FR","og_type":"article","og_title":"aphasie suisse | Traitement logop\u00e9dique","og_description":"Traitement logop\u00e9dique Les buts d\u2019un traitement logop\u00e9dique sont d\u2019am\u00e9liorer les fonctions langagi\u00e8res, d\u2019optimiser la communication et de permettre une participation active \u00e0 la vie sociale. Au d\u00e9but Dans les premiers temps, le langage peut r\u00e9cup\u00e9rer rapidement en raison de l\u2019am\u00e9lioration de l\u2019\u00e9tat de sant\u00e9 g\u00e9n\u00e9ral. Cette r\u00e9cup\u00e9ration spontan\u00e9e doit \u00eatre soutenue par un traitement logop\u00e9dique [&hellip;]","og_url":"https:\/\/aphasie.org\/fr\/sprachtherapie\/","og_site_name":"aphasie suisse","article_modified_time":"2022-11-23T09:17:26+00:00","twitter_card":"summary_large_image","twitter_misc":{"Dur\u00e9e de lecture estim\u00e9e":"3 minutes"},"schema":{"@context":"https:\/\/schema.org","@graph":[{"@type":"WebPage","@id":"https:\/\/aphasie.org\/fr\/sprachtherapie\/","url":"https:\/\/aphasie.org\/fr\/sprachtherapie\/","name":"aphasie suisse | Traitement logop\u00e9dique","isPartOf":{"@id":"https:\/\/aphasie.org\/#website"},"datePublished":"2020-05-13T06:22:36+00:00","dateModified":"2022-11-23T09:17:26+00:00","breadcrumb":{"@id":"https:\/\/aphasie.org\/fr\/sprachtherapie\/#breadcrumb"},"inLanguage":"fr-FR","potentialAction":[{"@type":"ReadAction","target":["https:\/\/aphasie.org\/fr\/sprachtherapie\/"]}]},{"@type":"BreadcrumbList","@id":"https:\/\/aphasie.org\/fr\/sprachtherapie\/#breadcrumb","itemListElement":[{"@type":"ListItem","position":1,"name":"Home","item":"https:\/\/aphasie.org\/fr\/home\/"},{"@type":"ListItem","position":2,"name":"Traitement logop\u00e9dique"}]},{"@type":"WebSite","@id":"https:\/\/aphasie.org\/#website","url":"https:\/\/aphasie.org\/","name":"aphasie suisse","description":"wenn Worte fehlen","publisher":{"@id":"https:\/\/aphasie.org\/#organization"},"potentialAction":[{"@type":"SearchAction","target":{"@type":"EntryPoint","urlTemplate":"https:\/\/aphasie.org\/?s={search_term_string}"},"query-input":{"@type":"PropertyValueSpecification","valueRequired":true,"valueName":"search_term_string"}}],"inLanguage":"fr-FR"},{"@type":"Organization","@id":"https:\/\/aphasie.org\/#organization","name":"aphasie suisse","url":"https:\/\/aphasie.org\/","logo":{"@type":"ImageObject","inLanguage":"fr-FR","@id":"https:\/\/aphasie.org\/#\/schema\/logo\/image\/","url":"https:\/\/aphasie.org\/wp-content\/uploads\/2020\/05\/aphasie_Logo-1.svg","contentUrl":"https:\/\/aphasie.org\/wp-content\/uploads\/2020\/05\/aphasie_Logo-1.svg","width":133.599999999999994315658113919198513031005859375,"height":68.5,"caption":"aphasie suisse"},"image":{"@id":"https:\/\/aphasie.org\/#\/schema\/logo\/image\/"}}]}},"_links":{"self":[{"href":"https:\/\/aphasie.org\/fr\/wp-json\/wp\/v2\/pages\/9724","targetHints":{"allow":["GET"]}}],"collection":[{"href":"https:\/\/aphasie.org\/fr\/wp-json\/wp\/v2\/pages"}],"about":[{"href":"https:\/\/aphasie.org\/fr\/wp-json\/wp\/v2\/types\/page"}],"author":[{"embeddable":true,"href":"https:\/\/aphasie.org\/fr\/wp-json\/wp\/v2\/users\/1"}],"replies":[{"embeddable":true,"href":"https:\/\/aphasie.org\/fr\/wp-json\/wp\/v2\/comments?post=9724"}],"version-history":[{"count":0,"href":"https:\/\/aphasie.org\/fr\/wp-json\/wp\/v2\/pages\/9724\/revisions"}],"wp:attachment":[{"href":"https:\/\/aphasie.org\/fr\/wp-json\/wp\/v2\/media?parent=9724"}],"curies":[{"name":"wp","href":"https:\/\/api.w.org\/{rel}","templated":true}]}}