{"id":9728,"date":"2020-05-13T06:18:30","date_gmt":"2020-05-13T06:18:30","guid":{"rendered":"https:\/\/aphasie.org\/beratung\/"},"modified":"2026-03-04T10:59:38","modified_gmt":"2026-03-04T10:59:38","slug":"conseil","status":"publish","type":"page","link":"https:\/\/aphasie.org\/fr\/conseil\/","title":{"rendered":"Conseil"},"content":{"rendered":"\t\t<div data-elementor-type=\"wp-page\" data-elementor-id=\"9728\" class=\"elementor elementor-9728 elementor-16\" data-elementor-post-type=\"page\">\n\t\t\t\t\t\t<section class=\"elementor-section elementor-top-section elementor-element elementor-element-51245649 elementor-section-boxed elementor-section-height-default elementor-section-height-default\" data-id=\"51245649\" data-element_type=\"section\" data-e-type=\"section\" data-settings=\"{&quot;jet_parallax_layout_list&quot;:[{&quot;jet_parallax_layout_image&quot;:{&quot;url&quot;:&quot;&quot;,&quot;id&quot;:&quot;&quot;,&quot;size&quot;:&quot;&quot;},&quot;_id&quot;:&quot;b82f757&quot;,&quot;jet_parallax_layout_image_tablet&quot;:{&quot;url&quot;:&quot;&quot;,&quot;id&quot;:&quot;&quot;,&quot;size&quot;:&quot;&quot;},&quot;jet_parallax_layout_image_mobile&quot;:{&quot;url&quot;:&quot;&quot;,&quot;id&quot;:&quot;&quot;,&quot;size&quot;:&quot;&quot;},&quot;jet_parallax_layout_speed&quot;:{&quot;unit&quot;:&quot;%&quot;,&quot;size&quot;:50,&quot;sizes&quot;:[]},&quot;jet_parallax_layout_type&quot;:&quot;scroll&quot;,&quot;jet_parallax_layout_direction&quot;:&quot;1&quot;,&quot;jet_parallax_layout_fx_direction&quot;:null,&quot;jet_parallax_layout_z_index&quot;:&quot;&quot;,&quot;jet_parallax_layout_bg_x&quot;:50,&quot;jet_parallax_layout_bg_x_tablet&quot;:&quot;&quot;,&quot;jet_parallax_layout_bg_x_mobile&quot;:&quot;&quot;,&quot;jet_parallax_layout_bg_y&quot;:50,&quot;jet_parallax_layout_bg_y_tablet&quot;:&quot;&quot;,&quot;jet_parallax_layout_bg_y_mobile&quot;:&quot;&quot;,&quot;jet_parallax_layout_bg_size&quot;:&quot;auto&quot;,&quot;jet_parallax_layout_bg_size_tablet&quot;:&quot;&quot;,&quot;jet_parallax_layout_bg_size_mobile&quot;:&quot;&quot;,&quot;jet_parallax_layout_animation_prop&quot;:&quot;transform&quot;,&quot;jet_parallax_layout_on&quot;:[&quot;desktop&quot;,&quot;tablet&quot;]}]}\">\n\t\t\t\t\t\t<div class=\"elementor-container elementor-column-gap-default\">\n\t\t\t\t\t<div class=\"elementor-column elementor-col-50 elementor-top-column elementor-element elementor-element-3d0b59f\" data-id=\"3d0b59f\" data-element_type=\"column\" data-e-type=\"column\">\n\t\t\t<div class=\"elementor-widget-wrap elementor-element-populated\">\n\t\t\t\t\t\t<div class=\"elementor-element elementor-element-53a5ef27 elementor-widget elementor-widget-heading\" data-id=\"53a5ef27\" data-element_type=\"widget\" data-e-type=\"widget\" data-widget_type=\"heading.default\">\n\t\t\t\t<div class=\"elementor-widget-container\">\n\t\t\t\t\t<h1 class=\"elementor-heading-title elementor-size-default\">Conseils pour les questions relatives \u00e0 l'aphasie<\/h1>\t\t\t\t<\/div>\n\t\t\t\t<\/div>\n\t\t\t\t<div class=\"elementor-element elementor-element-4eead3f8 elementor-widget-divider--view-line elementor-widget elementor-widget-divider\" data-id=\"4eead3f8\" data-element_type=\"widget\" data-e-type=\"widget\" data-widget_type=\"divider.default\">\n\t\t\t\t<div class=\"elementor-widget-container\">\n\t\t\t\t\t\t\t<div class=\"elementor-divider\">\n\t\t\t<span class=\"elementor-divider-separator\">\n\t\t\t\t\t\t<\/span>\n\t\t<\/div>\n\t\t\t\t\t\t<\/div>\n\t\t\t\t<\/div>\n\t\t\t\t<div class=\"elementor-element elementor-element-77fccd92 elementor-widget elementor-widget-text-editor\" data-id=\"77fccd92\" data-element_type=\"widget\" data-e-type=\"widget\" data-widget_type=\"text-editor.default\">\n\t\t\t\t<div class=\"elementor-widget-container\">\n\t\t\t\t\t\t\t\t\t<p>Nous conseillons les proches, les personnes concern\u00e9es et les institutions sur les questions relatives \u00e0 la vie avec l&rsquo;aphasie. Vous souhaitez parler \u00e0 quelqu&rsquo;un pour qui le mot aphasie n&rsquo;est pas un mot \u00e9tranger ? Vous voulez savoir quelles sont les possibilit\u00e9s de communication avec les personnes aphasiques ? Vous souhaitez trouver des offres d&rsquo;orthophonie dans votre r\u00e9gion ?<\/p>\n<p>Vous souhaitez en savoir plus ? Nous nous ferons un plaisir de vous aider.<\/p>\n\t\t\t\t\t\t\t\t<\/div>\n\t\t\t\t<\/div>\n\t\t\t\t<section class=\"elementor-section elementor-inner-section elementor-element elementor-element-c8e5d5d elementor-section-content-middle elementor-section-boxed elementor-section-height-default elementor-section-height-default\" data-id=\"c8e5d5d\" data-element_type=\"section\" data-e-type=\"section\" data-settings=\"{&quot;jet_parallax_layout_list&quot;:[],&quot;background_background&quot;:&quot;classic&quot;}\">\n\t\t\t\t\t\t<div class=\"elementor-container elementor-column-gap-default\">\n\t\t\t\t\t<div class=\"elementor-column elementor-col-50 elementor-inner-column elementor-element elementor-element-f51392e\" data-id=\"f51392e\" data-element_type=\"column\" data-e-type=\"column\">\n\t\t\t<div class=\"elementor-widget-wrap elementor-element-populated\">\n\t\t\t\t\t\t<div class=\"elementor-element elementor-element-7d29408 elementor-widget elementor-widget-image\" data-id=\"7d29408\" data-element_type=\"widget\" data-e-type=\"widget\" data-widget_type=\"image.default\">\n\t\t\t\t<div class=\"elementor-widget-container\">\n\t\t\t\t\t\t\t\t\t\t\t\t\t\t\t<img fetchpriority=\"high\" decoding=\"async\" width=\"800\" height=\"800\" src=\"https:\/\/aphasie.org\/wp-content\/uploads\/2024\/08\/Livia-sw1-1024x1024.jpg\" class=\"attachment-large size-large wp-image-17356\" alt=\"\" srcset=\"https:\/\/aphasie.org\/wp-content\/uploads\/2024\/08\/Livia-sw1-1024x1024.jpg 1024w, https:\/\/aphasie.org\/wp-content\/uploads\/2024\/08\/Livia-sw1-300x300.jpg 300w, https:\/\/aphasie.org\/wp-content\/uploads\/2024\/08\/Livia-sw1-150x150.jpg 150w, https:\/\/aphasie.org\/wp-content\/uploads\/2024\/08\/Livia-sw1-768x768.jpg 768w, https:\/\/aphasie.org\/wp-content\/uploads\/2024\/08\/Livia-sw1-1536x1536.jpg 1536w, https:\/\/aphasie.org\/wp-content\/uploads\/2024\/08\/Livia-sw1-2048x2048.jpg 2048w, https:\/\/aphasie.org\/wp-content\/uploads\/2024\/08\/Livia-sw1-600x600.jpg 600w, https:\/\/aphasie.org\/wp-content\/uploads\/2024\/08\/Livia-sw1-100x100.jpg 100w\" sizes=\"(max-width: 800px) 100vw, 800px\" \/>\t\t\t\t\t\t\t\t\t\t\t\t\t\t\t<\/div>\n\t\t\t\t<\/div>\n\t\t\t\t\t<\/div>\n\t\t<\/div>\n\t\t\t\t<div class=\"elementor-column elementor-col-50 elementor-inner-column elementor-element elementor-element-f4f53af\" data-id=\"f4f53af\" data-element_type=\"column\" data-e-type=\"column\">\n\t\t\t<div class=\"elementor-widget-wrap elementor-element-populated\">\n\t\t\t\t\t\t<div class=\"elementor-element elementor-element-e5f046d elementor-widget elementor-widget-heading\" data-id=\"e5f046d\" data-element_type=\"widget\" data-e-type=\"widget\" data-widget_type=\"heading.default\">\n\t\t\t\t<div class=\"elementor-widget-container\">\n\t\t\t\t\t<h4 class=\"elementor-heading-title elementor-size-default\">Livia Westreicher<\/h4>\t\t\t\t<\/div>\n\t\t\t\t<\/div>\n\t\t\t\t<div class=\"elementor-element elementor-element-05bf4e2 elementor-widget elementor-widget-text-editor\" data-id=\"05bf4e2\" data-element_type=\"widget\" data-e-type=\"widget\" data-widget_type=\"text-editor.default\">\n\t\t\t\t<div class=\"elementor-widget-container\">\n\t\t\t\t\t\t\t\t\t<p>Telefon: <a href=\"tel:041%20240%2005%2083\">041 240 05 83<\/a><\/p><p><a href=\"mailto:cornelia.kneubuehler@aphasie.org\">livia.westreicher@aphasie.org<\/a><br \/><a href=\"mailto:info@aphasie.org\">info@aphasie.org<\/a><\/p>\t\t\t\t\t\t\t\t<\/div>\n\t\t\t\t<\/div>\n\t\t\t\t\t<\/div>\n\t\t<\/div>\n\t\t\t\t\t<\/div>\n\t\t<\/section>\n\t\t\t\t<section class=\"elementor-section elementor-inner-section elementor-element elementor-element-554264d elementor-section-content-middle elementor-section-boxed elementor-section-height-default elementor-section-height-default\" data-id=\"554264d\" data-element_type=\"section\" data-e-type=\"section\" data-settings=\"{&quot;jet_parallax_layout_list&quot;:[],&quot;background_background&quot;:&quot;classic&quot;}\">\n\t\t\t\t\t\t<div class=\"elementor-container elementor-column-gap-default\">\n\t\t\t\t\t<div class=\"elementor-column elementor-col-50 elementor-inner-column elementor-element elementor-element-5934498\" data-id=\"5934498\" data-element_type=\"column\" data-e-type=\"column\">\n\t\t\t<div class=\"elementor-widget-wrap elementor-element-populated\">\n\t\t\t\t\t\t<div class=\"elementor-element elementor-element-5ecdc0a elementor-widget elementor-widget-image\" data-id=\"5ecdc0a\" data-element_type=\"widget\" data-e-type=\"widget\" data-widget_type=\"image.default\">\n\t\t\t\t<div class=\"elementor-widget-container\">\n\t\t\t\t\t\t\t\t\t\t\t\t\t\t\t<img decoding=\"async\" width=\"800\" height=\"800\" src=\"https:\/\/aphasie.org\/wp-content\/uploads\/2022\/12\/Mitarbeiter__0004_Bild2-226x300-1.jpg\" class=\"attachment-large size-large wp-image-12530\" alt=\"\" srcset=\"https:\/\/aphasie.org\/wp-content\/uploads\/2022\/12\/Mitarbeiter__0004_Bild2-226x300-1.jpg 800w, https:\/\/aphasie.org\/wp-content\/uploads\/2022\/12\/Mitarbeiter__0004_Bild2-226x300-1-300x300.jpg 300w, https:\/\/aphasie.org\/wp-content\/uploads\/2022\/12\/Mitarbeiter__0004_Bild2-226x300-1-150x150.jpg 150w, https:\/\/aphasie.org\/wp-content\/uploads\/2022\/12\/Mitarbeiter__0004_Bild2-226x300-1-768x768.jpg 768w, https:\/\/aphasie.org\/wp-content\/uploads\/2022\/12\/Mitarbeiter__0004_Bild2-226x300-1-600x600.jpg 600w, https:\/\/aphasie.org\/wp-content\/uploads\/2022\/12\/Mitarbeiter__0004_Bild2-226x300-1-100x100.jpg 100w\" sizes=\"(max-width: 800px) 100vw, 800px\" \/>\t\t\t\t\t\t\t\t\t\t\t\t\t\t\t<\/div>\n\t\t\t\t<\/div>\n\t\t\t\t\t<\/div>\n\t\t<\/div>\n\t\t\t\t<div class=\"elementor-column elementor-col-50 elementor-inner-column elementor-element elementor-element-9625f92\" data-id=\"9625f92\" data-element_type=\"column\" data-e-type=\"column\">\n\t\t\t<div class=\"elementor-widget-wrap elementor-element-populated\">\n\t\t\t\t\t\t<div class=\"elementor-element elementor-element-418f4f1 elementor-widget elementor-widget-heading\" data-id=\"418f4f1\" data-element_type=\"widget\" data-e-type=\"widget\" data-widget_type=\"heading.default\">\n\t\t\t\t<div class=\"elementor-widget-container\">\n\t\t\t\t\t<h4 class=\"elementor-heading-title elementor-size-default\">Crisanto Farese<\/h4>\t\t\t\t<\/div>\n\t\t\t\t<\/div>\n\t\t\t\t<div class=\"elementor-element elementor-element-c71d282 elementor-widget elementor-widget-text-editor\" data-id=\"c71d282\" data-element_type=\"widget\" data-e-type=\"widget\" data-widget_type=\"text-editor.default\">\n\t\t\t\t<div class=\"elementor-widget-container\">\n\t\t\t\t\t\t\t\t\t<p>Telefon: <a href=\"tel:041%20240%2005%2083\">041 240 05 83<\/a><\/p>\n<p><a href=\"mailto:crisanto.farese@aphasie.org\">crisanto.farese@aphasie.org<\/a><br \/><a href=\"mailto:info@aphasie.org\">info@aphasie.org<\/a><\/p>\n\t\t\t\t\t\t\t\t<\/div>\n\t\t\t\t<\/div>\n\t\t\t\t\t<\/div>\n\t\t<\/div>\n\t\t\t\t\t<\/div>\n\t\t<\/section>\n\t\t\t\t<div class=\"elementor-element elementor-element-1095a98 elementor-widget elementor-widget-button\" data-id=\"1095a98\" data-element_type=\"widget\" data-e-type=\"widget\" data-widget_type=\"button.default\">\n\t\t\t\t<div class=\"elementor-widget-container\">\n\t\t\t\t\t\t\t\t\t<div class=\"elementor-button-wrapper\">\n\t\t\t\t\t<a class=\"elementor-button elementor-button-link elementor-size-sm\" href=\"https:\/\/aphasie.org\/wp-content\/uploads\/2021\/01\/hinweise-fur-das-gesprach-mit-aphasischen-menschen-d.pdf\" target=\"_blank\">\n\t\t\t\t\t\t<span class=\"elementor-button-content-wrapper\">\n\t\t\t\t\t\t\t\t\t<span class=\"elementor-button-text\">Conseils pour parler \u00e0 une personne aphasique<\/span>\n\t\t\t\t\t<\/span>\n\t\t\t\t\t<\/a>\n\t\t\t\t<\/div>\n\t\t\t\t\t\t\t\t<\/div>\n\t\t\t\t<\/div>\n\t\t\t\t\t<\/div>\n\t\t<\/div>\n\t\t\t\t<div class=\"elementor-column elementor-col-50 elementor-top-column elementor-element elementor-element-6c367489\" data-id=\"6c367489\" data-element_type=\"column\" data-e-type=\"column\" data-settings=\"{&quot;background_background&quot;:&quot;classic&quot;}\">\n\t\t\t<div class=\"elementor-widget-wrap elementor-element-populated\">\n\t\t\t\t\t\t<section class=\"elementor-section elementor-inner-section elementor-element elementor-element-2af9453 elementor-section-boxed elementor-section-height-default elementor-section-height-default\" data-id=\"2af9453\" data-element_type=\"section\" data-e-type=\"section\" data-settings=\"{&quot;jet_parallax_layout_list&quot;:[{&quot;jet_parallax_layout_image&quot;:{&quot;url&quot;:&quot;&quot;,&quot;id&quot;:&quot;&quot;,&quot;size&quot;:&quot;&quot;},&quot;_id&quot;:&quot;626650f&quot;,&quot;jet_parallax_layout_image_tablet&quot;:{&quot;url&quot;:&quot;&quot;,&quot;id&quot;:&quot;&quot;,&quot;size&quot;:&quot;&quot;},&quot;jet_parallax_layout_image_mobile&quot;:{&quot;url&quot;:&quot;&quot;,&quot;id&quot;:&quot;&quot;,&quot;size&quot;:&quot;&quot;},&quot;jet_parallax_layout_speed&quot;:{&quot;unit&quot;:&quot;%&quot;,&quot;size&quot;:50,&quot;sizes&quot;:[]},&quot;jet_parallax_layout_type&quot;:&quot;scroll&quot;,&quot;jet_parallax_layout_direction&quot;:&quot;1&quot;,&quot;jet_parallax_layout_fx_direction&quot;:null,&quot;jet_parallax_layout_z_index&quot;:&quot;&quot;,&quot;jet_parallax_layout_bg_x&quot;:50,&quot;jet_parallax_layout_bg_x_tablet&quot;:&quot;&quot;,&quot;jet_parallax_layout_bg_x_mobile&quot;:&quot;&quot;,&quot;jet_parallax_layout_bg_y&quot;:50,&quot;jet_parallax_layout_bg_y_tablet&quot;:&quot;&quot;,&quot;jet_parallax_layout_bg_y_mobile&quot;:&quot;&quot;,&quot;jet_parallax_layout_bg_size&quot;:&quot;auto&quot;,&quot;jet_parallax_layout_bg_size_tablet&quot;:&quot;&quot;,&quot;jet_parallax_layout_bg_size_mobile&quot;:&quot;&quot;,&quot;jet_parallax_layout_animation_prop&quot;:&quot;transform&quot;,&quot;jet_parallax_layout_on&quot;:[&quot;desktop&quot;,&quot;tablet&quot;]}],&quot;sticky&quot;:&quot;top&quot;,&quot;sticky_offset&quot;:175,&quot;sticky_on&quot;:[&quot;desktop&quot;,&quot;tablet&quot;],&quot;sticky_effects_offset&quot;:348,&quot;sticky_parent&quot;:&quot;yes&quot;,&quot;sticky_anchor_link_offset&quot;:0}\">\n\t\t\t\t\t\t<div class=\"elementor-container elementor-column-gap-default\">\n\t\t\t\t\t<div class=\"elementor-column elementor-col-100 elementor-inner-column elementor-element elementor-element-77c156bf\" data-id=\"77c156bf\" data-element_type=\"column\" data-e-type=\"column\" data-settings=\"{&quot;background_background&quot;:&quot;classic&quot;}\">\n\t\t\t<div class=\"elementor-widget-wrap elementor-element-populated\">\n\t\t\t\t\t\t<div class=\"elementor-element elementor-element-71346a29 elementor-widget elementor-widget-nav-menu\" data-id=\"71346a29\" data-element_type=\"widget\" data-e-type=\"widget\" data-settings=\"{&quot;layout&quot;:&quot;dropdown&quot;,&quot;submenu_icon&quot;:{&quot;value&quot;:&quot;&lt;i class=\\&quot;fas fa-chevron-down\\&quot; aria-hidden=\\&quot;true\\&quot;&gt;&lt;\\\/i&gt;&quot;,&quot;library&quot;:&quot;fa-solid&quot;}}\" data-widget_type=\"nav-menu.default\">\n\t\t\t\t<div class=\"elementor-widget-container\">\n\t\t\t\t\t\t\t\t<nav class=\"elementor-nav-menu--dropdown elementor-nav-menu__container\" aria-hidden=\"true\">\n\t\t\t\t<ul id=\"menu-2-71346a29\" class=\"elementor-nav-menu\"><li class=\"menu-item menu-item-type-post_type menu-item-object-page menu-item-9909\"><a href=\"https:\/\/aphasie.org\/fr\/conseil\/\" class=\"elementor-item\" tabindex=\"-1\">Conseil<\/a><\/li>\n<li class=\"menu-item menu-item-type-post_type menu-item-object-page menu-item-19696\"><a href=\"https:\/\/aphasie.org\/fr\/evenements-pour-les-proches\/\" class=\"elementor-item\" tabindex=\"-1\">\u00c9v\u00e9nements pour les proches<\/a><\/li>\n<li class=\"menu-item menu-item-type-post_type menu-item-object-page menu-item-19697\"><a href=\"https:\/\/aphasie.org\/fr\/evenements-pour-les-personnes-concernees\/\" class=\"elementor-item\" tabindex=\"-1\">\u00c9v\u00e9nements pour les personnes concern\u00e9es<\/a><\/li>\n<li class=\"menu-item menu-item-type-post_type menu-item-object-page menu-item-9912\"><a href=\"https:\/\/aphasie.org\/fr\/journal-aphasia\/\" class=\"elementor-item\" tabindex=\"-1\">Journal aphasia<\/a><\/li>\n<li class=\"menu-item menu-item-type-post_type menu-item-object-page menu-item-9913\"><a href=\"https:\/\/aphasie.org\/fr\/choeurs-de-personnes-aphasiques\/\" class=\"elementor-item\" tabindex=\"-1\">Choeurs de personnes aphasiques<\/a><\/li>\n<li class=\"menu-item menu-item-type-post_type menu-item-object-page menu-item-9914\"><a href=\"https:\/\/aphasie.org\/fr\/apps\/\" class=\"elementor-item\" tabindex=\"-1\">Apps<\/a><\/li>\n<li class=\"menu-item menu-item-type-post_type menu-item-object-page menu-item-9915\"><a href=\"https:\/\/aphasie.org\/fr\/bildergalerie\/\" class=\"elementor-item\" tabindex=\"-1\">Galerie d\u2019images<\/a><\/li>\n<li class=\"menu-item menu-item-type-post_type menu-item-object-page menu-item-9916\"><a href=\"https:\/\/aphasie.org\/fr\/liste-des-logopedistes\/\" class=\"elementor-item\" tabindex=\"-1\">Liste des logop\u00e9distes<\/a><\/li>\n<\/ul>\t\t\t<\/nav>\n\t\t\t\t\t\t<\/div>\n\t\t\t\t<\/div>\n\t\t\t\t\t<\/div>\n\t\t<\/div>\n\t\t\t\t\t<\/div>\n\t\t<\/section>\n\t\t\t\t\t<\/div>\n\t\t<\/div>\n\t\t\t\t\t<\/div>\n\t\t<\/section>\n\t\t\t\t<\/div>\n\t\t","protected":false},"excerpt":{"rendered":"<p>Conseils pour les questions relatives \u00e0 l&rsquo;aphasie Nous conseillons les proches, les personnes concern\u00e9es et les institutions sur les questions relatives \u00e0 la vie avec l&rsquo;aphasie. Vous souhaitez parler \u00e0 quelqu&rsquo;un pour qui le mot aphasie n&rsquo;est pas un mot \u00e9tranger ? Vous voulez savoir quelles sont les possibilit\u00e9s de communication avec les personnes aphasiques [&hellip;]<\/p>\n","protected":false},"author":1,"featured_media":0,"parent":0,"menu_order":0,"comment_status":"closed","ping_status":"closed","template":"","meta":{"footnotes":""},"class_list":["post-9728","page","type-page","status-publish","hentry"],"yoast_head":"<!-- This site is optimized with the Yoast SEO plugin v27.1.1 - https:\/\/yoast.com\/product\/yoast-seo-wordpress\/ -->\n<title>aphasie suisse | Conseil<\/title>\n<meta name=\"robots\" content=\"index, follow, max-snippet:-1, max-image-preview:large, max-video-preview:-1\" \/>\n<link rel=\"canonical\" href=\"https:\/\/aphasie.org\/fr\/conseil\/\" \/>\n<meta property=\"og:locale\" content=\"fr_FR\" \/>\n<meta property=\"og:type\" content=\"article\" \/>\n<meta property=\"og:title\" content=\"aphasie suisse | Conseil\" \/>\n<meta property=\"og:description\" content=\"Conseils pour les questions relatives \u00e0 l&rsquo;aphasie Nous conseillons les proches, les personnes concern\u00e9es et les institutions sur les questions relatives \u00e0 la vie avec l&rsquo;aphasie. Vous souhaitez parler \u00e0 quelqu&rsquo;un pour qui le mot aphasie n&rsquo;est pas un mot \u00e9tranger ? Vous voulez savoir quelles sont les possibilit\u00e9s de communication avec les personnes aphasiques [&hellip;]\" \/>\n<meta property=\"og:url\" content=\"https:\/\/aphasie.org\/fr\/conseil\/\" \/>\n<meta property=\"og:site_name\" content=\"aphasie suisse\" \/>\n<meta property=\"article:modified_time\" content=\"2026-03-04T10:59:38+00:00\" \/>\n<meta property=\"og:image\" content=\"https:\/\/aphasie.org\/wp-content\/uploads\/2024\/08\/Livia-sw1-1024x1024.jpg\" \/>\n<meta name=\"twitter:card\" content=\"summary_large_image\" \/>\n<meta name=\"twitter:label1\" content=\"Dur\u00e9e de lecture estim\u00e9e\" \/>\n\t<meta name=\"twitter:data1\" content=\"1 minute\" \/>\n<script type=\"application\/ld+json\" class=\"yoast-schema-graph\">{\"@context\":\"https:\/\/schema.org\",\"@graph\":[{\"@type\":\"WebPage\",\"@id\":\"https:\/\/aphasie.org\/fr\/conseil\/\",\"url\":\"https:\/\/aphasie.org\/fr\/conseil\/\",\"name\":\"aphasie suisse | Conseil\",\"isPartOf\":{\"@id\":\"https:\/\/aphasie.org\/#website\"},\"primaryImageOfPage\":{\"@id\":\"https:\/\/aphasie.org\/fr\/conseil\/#primaryimage\"},\"image\":{\"@id\":\"https:\/\/aphasie.org\/fr\/conseil\/#primaryimage\"},\"thumbnailUrl\":\"https:\/\/aphasie.org\/wp-content\/uploads\/2024\/08\/Livia-sw1-1024x1024.jpg\",\"datePublished\":\"2020-05-13T06:18:30+00:00\",\"dateModified\":\"2026-03-04T10:59:38+00:00\",\"breadcrumb\":{\"@id\":\"https:\/\/aphasie.org\/fr\/conseil\/#breadcrumb\"},\"inLanguage\":\"fr-FR\",\"potentialAction\":[{\"@type\":\"ReadAction\",\"target\":[\"https:\/\/aphasie.org\/fr\/conseil\/\"]}]},{\"@type\":\"ImageObject\",\"inLanguage\":\"fr-FR\",\"@id\":\"https:\/\/aphasie.org\/fr\/conseil\/#primaryimage\",\"url\":\"https:\/\/aphasie.org\/wp-content\/uploads\/2024\/08\/Livia-sw1-1024x1024.jpg\",\"contentUrl\":\"https:\/\/aphasie.org\/wp-content\/uploads\/2024\/08\/Livia-sw1-1024x1024.jpg\"},{\"@type\":\"BreadcrumbList\",\"@id\":\"https:\/\/aphasie.org\/fr\/conseil\/#breadcrumb\",\"itemListElement\":[{\"@type\":\"ListItem\",\"position\":1,\"name\":\"Home\",\"item\":\"https:\/\/aphasie.org\/fr\/home\/\"},{\"@type\":\"ListItem\",\"position\":2,\"name\":\"Conseil\"}]},{\"@type\":\"WebSite\",\"@id\":\"https:\/\/aphasie.org\/#website\",\"url\":\"https:\/\/aphasie.org\/\",\"name\":\"aphasie suisse\",\"description\":\"wenn Worte fehlen\",\"publisher\":{\"@id\":\"https:\/\/aphasie.org\/#organization\"},\"potentialAction\":[{\"@type\":\"SearchAction\",\"target\":{\"@type\":\"EntryPoint\",\"urlTemplate\":\"https:\/\/aphasie.org\/?s={search_term_string}\"},\"query-input\":{\"@type\":\"PropertyValueSpecification\",\"valueRequired\":true,\"valueName\":\"search_term_string\"}}],\"inLanguage\":\"fr-FR\"},{\"@type\":\"Organization\",\"@id\":\"https:\/\/aphasie.org\/#organization\",\"name\":\"aphasie suisse\",\"url\":\"https:\/\/aphasie.org\/\",\"logo\":{\"@type\":\"ImageObject\",\"inLanguage\":\"fr-FR\",\"@id\":\"https:\/\/aphasie.org\/#\/schema\/logo\/image\/\",\"url\":\"https:\/\/aphasie.org\/wp-content\/uploads\/2020\/05\/aphasie_Logo-1.svg\",\"contentUrl\":\"https:\/\/aphasie.org\/wp-content\/uploads\/2020\/05\/aphasie_Logo-1.svg\",\"width\":133.599999999999994315658113919198513031005859375,\"height\":68.5,\"caption\":\"aphasie suisse\"},\"image\":{\"@id\":\"https:\/\/aphasie.org\/#\/schema\/logo\/image\/\"}}]}<\/script>\n<!-- \/ Yoast SEO plugin. -->","yoast_head_json":{"title":"aphasie suisse | Conseil","robots":{"index":"index","follow":"follow","max-snippet":"max-snippet:-1","max-image-preview":"max-image-preview:large","max-video-preview":"max-video-preview:-1"},"canonical":"https:\/\/aphasie.org\/fr\/conseil\/","og_locale":"fr_FR","og_type":"article","og_title":"aphasie suisse | Conseil","og_description":"Conseils pour les questions relatives \u00e0 l&rsquo;aphasie Nous conseillons les proches, les personnes concern\u00e9es et les institutions sur les questions relatives \u00e0 la vie avec l&rsquo;aphasie. Vous souhaitez parler \u00e0 quelqu&rsquo;un pour qui le mot aphasie n&rsquo;est pas un mot \u00e9tranger ? Vous voulez savoir quelles sont les possibilit\u00e9s de communication avec les personnes aphasiques [&hellip;]","og_url":"https:\/\/aphasie.org\/fr\/conseil\/","og_site_name":"aphasie suisse","article_modified_time":"2026-03-04T10:59:38+00:00","og_image":[{"url":"https:\/\/aphasie.org\/wp-content\/uploads\/2024\/08\/Livia-sw1-1024x1024.jpg","type":"","width":"","height":""}],"twitter_card":"summary_large_image","twitter_misc":{"Dur\u00e9e de lecture estim\u00e9e":"1 minute"},"schema":{"@context":"https:\/\/schema.org","@graph":[{"@type":"WebPage","@id":"https:\/\/aphasie.org\/fr\/conseil\/","url":"https:\/\/aphasie.org\/fr\/conseil\/","name":"aphasie suisse | Conseil","isPartOf":{"@id":"https:\/\/aphasie.org\/#website"},"primaryImageOfPage":{"@id":"https:\/\/aphasie.org\/fr\/conseil\/#primaryimage"},"image":{"@id":"https:\/\/aphasie.org\/fr\/conseil\/#primaryimage"},"thumbnailUrl":"https:\/\/aphasie.org\/wp-content\/uploads\/2024\/08\/Livia-sw1-1024x1024.jpg","datePublished":"2020-05-13T06:18:30+00:00","dateModified":"2026-03-04T10:59:38+00:00","breadcrumb":{"@id":"https:\/\/aphasie.org\/fr\/conseil\/#breadcrumb"},"inLanguage":"fr-FR","potentialAction":[{"@type":"ReadAction","target":["https:\/\/aphasie.org\/fr\/conseil\/"]}]},{"@type":"ImageObject","inLanguage":"fr-FR","@id":"https:\/\/aphasie.org\/fr\/conseil\/#primaryimage","url":"https:\/\/aphasie.org\/wp-content\/uploads\/2024\/08\/Livia-sw1-1024x1024.jpg","contentUrl":"https:\/\/aphasie.org\/wp-content\/uploads\/2024\/08\/Livia-sw1-1024x1024.jpg"},{"@type":"BreadcrumbList","@id":"https:\/\/aphasie.org\/fr\/conseil\/#breadcrumb","itemListElement":[{"@type":"ListItem","position":1,"name":"Home","item":"https:\/\/aphasie.org\/fr\/home\/"},{"@type":"ListItem","position":2,"name":"Conseil"}]},{"@type":"WebSite","@id":"https:\/\/aphasie.org\/#website","url":"https:\/\/aphasie.org\/","name":"aphasie suisse","description":"wenn Worte fehlen","publisher":{"@id":"https:\/\/aphasie.org\/#organization"},"potentialAction":[{"@type":"SearchAction","target":{"@type":"EntryPoint","urlTemplate":"https:\/\/aphasie.org\/?s={search_term_string}"},"query-input":{"@type":"PropertyValueSpecification","valueRequired":true,"valueName":"search_term_string"}}],"inLanguage":"fr-FR"},{"@type":"Organization","@id":"https:\/\/aphasie.org\/#organization","name":"aphasie suisse","url":"https:\/\/aphasie.org\/","logo":{"@type":"ImageObject","inLanguage":"fr-FR","@id":"https:\/\/aphasie.org\/#\/schema\/logo\/image\/","url":"https:\/\/aphasie.org\/wp-content\/uploads\/2020\/05\/aphasie_Logo-1.svg","contentUrl":"https:\/\/aphasie.org\/wp-content\/uploads\/2020\/05\/aphasie_Logo-1.svg","width":133.599999999999994315658113919198513031005859375,"height":68.5,"caption":"aphasie suisse"},"image":{"@id":"https:\/\/aphasie.org\/#\/schema\/logo\/image\/"}}]}},"_links":{"self":[{"href":"https:\/\/aphasie.org\/fr\/wp-json\/wp\/v2\/pages\/9728","targetHints":{"allow":["GET"]}}],"collection":[{"href":"https:\/\/aphasie.org\/fr\/wp-json\/wp\/v2\/pages"}],"about":[{"href":"https:\/\/aphasie.org\/fr\/wp-json\/wp\/v2\/types\/page"}],"author":[{"embeddable":true,"href":"https:\/\/aphasie.org\/fr\/wp-json\/wp\/v2\/users\/1"}],"replies":[{"embeddable":true,"href":"https:\/\/aphasie.org\/fr\/wp-json\/wp\/v2\/comments?post=9728"}],"version-history":[{"count":3,"href":"https:\/\/aphasie.org\/fr\/wp-json\/wp\/v2\/pages\/9728\/revisions"}],"predecessor-version":[{"id":20509,"href":"https:\/\/aphasie.org\/fr\/wp-json\/wp\/v2\/pages\/9728\/revisions\/20509"}],"wp:attachment":[{"href":"https:\/\/aphasie.org\/fr\/wp-json\/wp\/v2\/media?parent=9728"}],"curies":[{"name":"wp","href":"https:\/\/api.w.org\/{rel}","templated":true}]}}