{"id":12419,"date":"2022-12-05T12:51:41","date_gmt":"2022-12-05T12:51:41","guid":{"rendered":"https:\/\/aphasie.org\/?post_type=product&#038;p=12419"},"modified":"2022-12-05T12:52:08","modified_gmt":"2022-12-05T12:52:08","slug":"jeu-de-memoire","status":"publish","type":"product","link":"https:\/\/aphasie.org\/fr\/produkt\/jeu-de-memoire\/","title":{"rendered":"Jeu de m\u00e9moire"},"content":{"rendered":"","protected":false},"excerpt":{"rendered":"<p>Soulevez la carte, retournez-la et retrouvez l&rsquo;image ou le mot recherch\u00e9. Notre jeu de m\u00e9moire est un voyage de d\u00e9couverte captivant et un jeu \u00e9ducatif formidable pour les jeunes et les moins jeunes. Il peut \u00eatre jou\u00e9 de trois mani\u00e8res diff\u00e9rentes: On cherche 12 paires de cartes-images ou 12 paires de cartes-mots (fran\u00e7ais &amp; allemand) ou la combinaison d&rsquo;images et de mots. Un jeu id\u00e9al pour entra\u00eener la m\u00e9moire et stimuler le langage.<\/p>\n","protected":false},"featured_media":12418,"comment_status":"closed","ping_status":"closed","template":"","meta":[],"product_brand":[],"product_cat":[171],"product_tag":[],"class_list":{"0":"post-12419","1":"product","2":"type-product","3":"status-publish","4":"has-post-thumbnail","6":"product_cat-unkategorisiert-fr","8":"first","9":"instock","10":"taxable","11":"shipping-taxable","12":"purchasable","13":"product-type-simple"},"yoast_head":"<!-- This site is optimized with the Yoast SEO plugin v27.1.1 - https:\/\/yoast.com\/product\/yoast-seo-wordpress\/ -->\n<title>aphasie suisse | Jeu de m\u00e9moire<\/title>\n<meta name=\"robots\" content=\"index, follow, max-snippet:-1, max-image-preview:large, max-video-preview:-1\" \/>\n<link rel=\"canonical\" href=\"https:\/\/aphasie.org\/fr\/produkt\/jeu-de-memoire\/\" \/>\n<meta property=\"og:locale\" content=\"fr_FR\" \/>\n<meta property=\"og:type\" content=\"article\" \/>\n<meta property=\"og:title\" content=\"aphasie suisse | Jeu de m\u00e9moire\" \/>\n<meta property=\"og:description\" content=\"Soulevez la carte, retournez-la et retrouvez l&#039;image ou le mot recherch\u00e9. Notre jeu de m\u00e9moire est un voyage de d\u00e9couverte captivant et un jeu \u00e9ducatif formidable pour les jeunes et les moins jeunes. Il peut \u00eatre jou\u00e9 de trois mani\u00e8res diff\u00e9rentes: On cherche 12 paires de cartes-images ou 12 paires de cartes-mots (fran\u00e7ais &amp; allemand) ou la combinaison d&#039;images et de mots. Un jeu id\u00e9al pour entra\u00eener la m\u00e9moire et stimuler le langage.\" \/>\n<meta property=\"og:url\" content=\"https:\/\/aphasie.org\/fr\/produkt\/jeu-de-memoire\/\" \/>\n<meta property=\"og:site_name\" content=\"aphasie suisse\" \/>\n<meta property=\"article:modified_time\" content=\"2022-12-05T12:52:08+00:00\" \/>\n<meta property=\"og:image\" content=\"https:\/\/aphasie.org\/wp-content\/uploads\/2022\/12\/Titelbild-memorie.jpg\" \/>\n\t<meta property=\"og:image:width\" content=\"800\" \/>\n\t<meta property=\"og:image:height\" content=\"800\" \/>\n\t<meta property=\"og:image:type\" content=\"image\/jpeg\" \/>\n<meta name=\"twitter:card\" content=\"summary_large_image\" \/>\n<script type=\"application\/ld+json\" class=\"yoast-schema-graph\">{\"@context\":\"https:\/\/schema.org\",\"@graph\":[{\"@type\":\"WebPage\",\"@id\":\"https:\/\/aphasie.org\/fr\/produkt\/jeu-de-memoire\/\",\"url\":\"https:\/\/aphasie.org\/fr\/produkt\/jeu-de-memoire\/\",\"name\":\"aphasie suisse | Jeu de m\u00e9moire\",\"isPartOf\":{\"@id\":\"https:\/\/aphasie.org\/#website\"},\"primaryImageOfPage\":{\"@id\":\"https:\/\/aphasie.org\/fr\/produkt\/jeu-de-memoire\/#primaryimage\"},\"image\":{\"@id\":\"https:\/\/aphasie.org\/fr\/produkt\/jeu-de-memoire\/#primaryimage\"},\"thumbnailUrl\":\"https:\/\/aphasie.org\/wp-content\/uploads\/2022\/12\/Titelbild-memorie.jpg\",\"datePublished\":\"2022-12-05T12:51:41+00:00\",\"dateModified\":\"2022-12-05T12:52:08+00:00\",\"breadcrumb\":{\"@id\":\"https:\/\/aphasie.org\/fr\/produkt\/jeu-de-memoire\/#breadcrumb\"},\"inLanguage\":\"fr-FR\",\"potentialAction\":[{\"@type\":\"ReadAction\",\"target\":[\"https:\/\/aphasie.org\/fr\/produkt\/jeu-de-memoire\/\"]}]},{\"@type\":\"ImageObject\",\"inLanguage\":\"fr-FR\",\"@id\":\"https:\/\/aphasie.org\/fr\/produkt\/jeu-de-memoire\/#primaryimage\",\"url\":\"https:\/\/aphasie.org\/wp-content\/uploads\/2022\/12\/Titelbild-memorie.jpg\",\"contentUrl\":\"https:\/\/aphasie.org\/wp-content\/uploads\/2022\/12\/Titelbild-memorie.jpg\",\"width\":800,\"height\":800},{\"@type\":\"BreadcrumbList\",\"@id\":\"https:\/\/aphasie.org\/fr\/produkt\/jeu-de-memoire\/#breadcrumb\",\"itemListElement\":[{\"@type\":\"ListItem\",\"position\":1,\"name\":\"Home\",\"item\":\"https:\/\/aphasie.org\/fr\/home\/\"},{\"@type\":\"ListItem\",\"position\":2,\"name\":\"Boutique\",\"item\":\"https:\/\/aphasie.org\/fr\/shop\/\"},{\"@type\":\"ListItem\",\"position\":3,\"name\":\"Jeu de m\u00e9moire\"}]},{\"@type\":\"WebSite\",\"@id\":\"https:\/\/aphasie.org\/#website\",\"url\":\"https:\/\/aphasie.org\/\",\"name\":\"aphasie suisse\",\"description\":\"wenn Worte fehlen\",\"publisher\":{\"@id\":\"https:\/\/aphasie.org\/#organization\"},\"potentialAction\":[{\"@type\":\"SearchAction\",\"target\":{\"@type\":\"EntryPoint\",\"urlTemplate\":\"https:\/\/aphasie.org\/?s={search_term_string}\"},\"query-input\":{\"@type\":\"PropertyValueSpecification\",\"valueRequired\":true,\"valueName\":\"search_term_string\"}}],\"inLanguage\":\"fr-FR\"},{\"@type\":\"Organization\",\"@id\":\"https:\/\/aphasie.org\/#organization\",\"name\":\"aphasie suisse\",\"url\":\"https:\/\/aphasie.org\/\",\"logo\":{\"@type\":\"ImageObject\",\"inLanguage\":\"fr-FR\",\"@id\":\"https:\/\/aphasie.org\/#\/schema\/logo\/image\/\",\"url\":\"https:\/\/aphasie.org\/wp-content\/uploads\/2020\/05\/aphasie_Logo-1.svg\",\"contentUrl\":\"https:\/\/aphasie.org\/wp-content\/uploads\/2020\/05\/aphasie_Logo-1.svg\",\"width\":133.599999999999994315658113919198513031005859375,\"height\":68.5,\"caption\":\"aphasie suisse\"},\"image\":{\"@id\":\"https:\/\/aphasie.org\/#\/schema\/logo\/image\/\"}}]}<\/script>\n<!-- \/ Yoast SEO plugin. -->","yoast_head_json":{"title":"aphasie suisse | Jeu de m\u00e9moire","robots":{"index":"index","follow":"follow","max-snippet":"max-snippet:-1","max-image-preview":"max-image-preview:large","max-video-preview":"max-video-preview:-1"},"canonical":"https:\/\/aphasie.org\/fr\/produkt\/jeu-de-memoire\/","og_locale":"fr_FR","og_type":"article","og_title":"aphasie suisse | Jeu de m\u00e9moire","og_description":"Soulevez la carte, retournez-la et retrouvez l'image ou le mot recherch\u00e9. Notre jeu de m\u00e9moire est un voyage de d\u00e9couverte captivant et un jeu \u00e9ducatif formidable pour les jeunes et les moins jeunes. Il peut \u00eatre jou\u00e9 de trois mani\u00e8res diff\u00e9rentes: On cherche 12 paires de cartes-images ou 12 paires de cartes-mots (fran\u00e7ais &amp; allemand) ou la combinaison d'images et de mots. Un jeu id\u00e9al pour entra\u00eener la m\u00e9moire et stimuler le langage.","og_url":"https:\/\/aphasie.org\/fr\/produkt\/jeu-de-memoire\/","og_site_name":"aphasie suisse","article_modified_time":"2022-12-05T12:52:08+00:00","og_image":[{"width":800,"height":800,"url":"https:\/\/aphasie.org\/wp-content\/uploads\/2022\/12\/Titelbild-memorie.jpg","type":"image\/jpeg"}],"twitter_card":"summary_large_image","schema":{"@context":"https:\/\/schema.org","@graph":[{"@type":"WebPage","@id":"https:\/\/aphasie.org\/fr\/produkt\/jeu-de-memoire\/","url":"https:\/\/aphasie.org\/fr\/produkt\/jeu-de-memoire\/","name":"aphasie suisse | Jeu de m\u00e9moire","isPartOf":{"@id":"https:\/\/aphasie.org\/#website"},"primaryImageOfPage":{"@id":"https:\/\/aphasie.org\/fr\/produkt\/jeu-de-memoire\/#primaryimage"},"image":{"@id":"https:\/\/aphasie.org\/fr\/produkt\/jeu-de-memoire\/#primaryimage"},"thumbnailUrl":"https:\/\/aphasie.org\/wp-content\/uploads\/2022\/12\/Titelbild-memorie.jpg","datePublished":"2022-12-05T12:51:41+00:00","dateModified":"2022-12-05T12:52:08+00:00","breadcrumb":{"@id":"https:\/\/aphasie.org\/fr\/produkt\/jeu-de-memoire\/#breadcrumb"},"inLanguage":"fr-FR","potentialAction":[{"@type":"ReadAction","target":["https:\/\/aphasie.org\/fr\/produkt\/jeu-de-memoire\/"]}]},{"@type":"ImageObject","inLanguage":"fr-FR","@id":"https:\/\/aphasie.org\/fr\/produkt\/jeu-de-memoire\/#primaryimage","url":"https:\/\/aphasie.org\/wp-content\/uploads\/2022\/12\/Titelbild-memorie.jpg","contentUrl":"https:\/\/aphasie.org\/wp-content\/uploads\/2022\/12\/Titelbild-memorie.jpg","width":800,"height":800},{"@type":"BreadcrumbList","@id":"https:\/\/aphasie.org\/fr\/produkt\/jeu-de-memoire\/#breadcrumb","itemListElement":[{"@type":"ListItem","position":1,"name":"Home","item":"https:\/\/aphasie.org\/fr\/home\/"},{"@type":"ListItem","position":2,"name":"Boutique","item":"https:\/\/aphasie.org\/fr\/shop\/"},{"@type":"ListItem","position":3,"name":"Jeu de m\u00e9moire"}]},{"@type":"WebSite","@id":"https:\/\/aphasie.org\/#website","url":"https:\/\/aphasie.org\/","name":"aphasie suisse","description":"wenn Worte fehlen","publisher":{"@id":"https:\/\/aphasie.org\/#organization"},"potentialAction":[{"@type":"SearchAction","target":{"@type":"EntryPoint","urlTemplate":"https:\/\/aphasie.org\/?s={search_term_string}"},"query-input":{"@type":"PropertyValueSpecification","valueRequired":true,"valueName":"search_term_string"}}],"inLanguage":"fr-FR"},{"@type":"Organization","@id":"https:\/\/aphasie.org\/#organization","name":"aphasie suisse","url":"https:\/\/aphasie.org\/","logo":{"@type":"ImageObject","inLanguage":"fr-FR","@id":"https:\/\/aphasie.org\/#\/schema\/logo\/image\/","url":"https:\/\/aphasie.org\/wp-content\/uploads\/2020\/05\/aphasie_Logo-1.svg","contentUrl":"https:\/\/aphasie.org\/wp-content\/uploads\/2020\/05\/aphasie_Logo-1.svg","width":133.599999999999994315658113919198513031005859375,"height":68.5,"caption":"aphasie suisse"},"image":{"@id":"https:\/\/aphasie.org\/#\/schema\/logo\/image\/"}}]}},"_links":{"self":[{"href":"https:\/\/aphasie.org\/fr\/wp-json\/wp\/v2\/product\/12419","targetHints":{"allow":["GET"]}}],"collection":[{"href":"https:\/\/aphasie.org\/fr\/wp-json\/wp\/v2\/product"}],"about":[{"href":"https:\/\/aphasie.org\/fr\/wp-json\/wp\/v2\/types\/product"}],"replies":[{"embeddable":true,"href":"https:\/\/aphasie.org\/fr\/wp-json\/wp\/v2\/comments?post=12419"}],"wp:featuredmedia":[{"embeddable":true,"href":"https:\/\/aphasie.org\/fr\/wp-json\/wp\/v2\/media\/12418"}],"wp:attachment":[{"href":"https:\/\/aphasie.org\/fr\/wp-json\/wp\/v2\/media?parent=12419"}],"wp:term":[{"taxonomy":"product_brand","embeddable":true,"href":"https:\/\/aphasie.org\/fr\/wp-json\/wp\/v2\/product_brand?post=12419"},{"taxonomy":"product_cat","embeddable":true,"href":"https:\/\/aphasie.org\/fr\/wp-json\/wp\/v2\/product_cat?post=12419"},{"taxonomy":"product_tag","embeddable":true,"href":"https:\/\/aphasie.org\/fr\/wp-json\/wp\/v2\/product_tag?post=12419"}],"curies":[{"name":"wp","href":"https:\/\/api.w.org\/{rel}","templated":true}]}}