{"id":9449,"date":"2022-08-26T11:37:03","date_gmt":"2022-08-26T11:37:03","guid":{"rendered":"https:\/\/aphasie.org\/produkt\/vorspeisenbroschuere\/"},"modified":"2022-11-18T13:45:05","modified_gmt":"2022-11-18T13:45:05","slug":"vorspeisenbroschuere","status":"publish","type":"product","link":"https:\/\/aphasie.org\/fr\/produkt\/vorspeisenbroschuere\/","title":{"rendered":"Brochure sur les hors-d&rsquo;oeuvre"},"content":{"rendered":"<p>La brochure sur les hors-d&rsquo;oeuvre, cuisiner avec des images, est arriv\u00e9e! Vous souhaitez g\u00e2ter vos proches avec une belle salade de potiron ou les surprendre avec une soupe au curry rouge faite maison? Les recettes des livres de cuisine habituels sont trop compliqu\u00e9es pour vous? Dans la nouvelle brochure sur les ap\u00e9ritifs, vous trouverez dix recettes pour de d\u00e9licieuses entr\u00e9es qui se passent totalement de mots. Toutes les recettes sont d\u00e9crites \u00e0 l&rsquo;aide de pictogrammes et de photos. Nous vous souhaitons beaucoup de plaisir \u00e0 cuisiner et un bon app\u00e9tit!<\/p>\n","protected":false},"excerpt":{"rendered":"<p>La brochure sur les hors-d&rsquo;oeuvre, cuisiner avec des images, est arriv\u00e9e! Vous souhaitez g\u00e2ter vos proches avec une belle salade de potiron ou les surprendre avec une soupe au curry rouge faite maison? Les recettes des livres de cuisine habituels sont trop compliqu\u00e9es pour vous? Dans la nouvelle brochure sur les ap\u00e9ritifs, vous trouverez dix recettes pour de d\u00e9licieuses entr\u00e9es qui se passent totalement de mots. Toutes les recettes sont d\u00e9crites \u00e0 l&rsquo;aide de pictogrammes et de photos. Nous vous souhaitons beaucoup de plaisir \u00e0 cuisiner et un bon app\u00e9tit!<\/p>\n","protected":false},"featured_media":8732,"comment_status":"closed","ping_status":"closed","template":"","meta":[],"product_brand":[],"product_cat":[171],"product_tag":[],"class_list":{"0":"post-9449","1":"product","2":"type-product","3":"status-publish","4":"has-post-thumbnail","6":"product_cat-unkategorisiert-fr","7":"product_shipping_class-paket-fr","9":"first","10":"instock","11":"taxable","12":"shipping-taxable","13":"purchasable","14":"product-type-simple"},"yoast_head":"<!-- This site is optimized with the Yoast SEO plugin v27.1.1 - https:\/\/yoast.com\/product\/yoast-seo-wordpress\/ -->\n<title>aphasie suisse | Brochure sur les hors-d&#039;oeuvre<\/title>\n<meta name=\"robots\" content=\"index, follow, max-snippet:-1, max-image-preview:large, max-video-preview:-1\" \/>\n<link rel=\"canonical\" href=\"https:\/\/aphasie.org\/fr\/produkt\/vorspeisenbroschuere\/\" \/>\n<meta property=\"og:locale\" content=\"fr_FR\" \/>\n<meta property=\"og:type\" content=\"article\" \/>\n<meta property=\"og:title\" content=\"aphasie suisse | Brochure sur les hors-d&#039;oeuvre\" \/>\n<meta property=\"og:description\" content=\"La brochure sur les hors-d&#039;oeuvre, cuisiner avec des images, est arriv\u00e9e! Vous souhaitez g\u00e2ter vos proches avec une belle salade de potiron ou les surprendre avec une soupe au curry rouge faite maison? Les recettes des livres de cuisine habituels sont trop compliqu\u00e9es pour vous? Dans la nouvelle brochure sur les ap\u00e9ritifs, vous trouverez dix recettes pour de d\u00e9licieuses entr\u00e9es qui se passent totalement de mots. Toutes les recettes sont d\u00e9crites \u00e0 l&#039;aide de pictogrammes et de photos. Nous vous souhaitons beaucoup de plaisir \u00e0 cuisiner et un bon app\u00e9tit!\" \/>\n<meta property=\"og:url\" content=\"https:\/\/aphasie.org\/fr\/produkt\/vorspeisenbroschuere\/\" \/>\n<meta property=\"og:site_name\" content=\"aphasie suisse\" \/>\n<meta property=\"article:modified_time\" content=\"2022-11-18T13:45:05+00:00\" \/>\n<meta property=\"og:image\" content=\"https:\/\/aphasie.org\/wp-content\/uploads\/2022\/09\/Vorspeisenbroschuere.png\" \/>\n\t<meta property=\"og:image:width\" content=\"895\" \/>\n\t<meta property=\"og:image:height\" content=\"896\" \/>\n\t<meta property=\"og:image:type\" content=\"image\/png\" \/>\n<meta name=\"twitter:card\" content=\"summary_large_image\" \/>\n<script type=\"application\/ld+json\" class=\"yoast-schema-graph\">{\"@context\":\"https:\/\/schema.org\",\"@graph\":[{\"@type\":\"WebPage\",\"@id\":\"https:\/\/aphasie.org\/fr\/produkt\/vorspeisenbroschuere\/\",\"url\":\"https:\/\/aphasie.org\/fr\/produkt\/vorspeisenbroschuere\/\",\"name\":\"aphasie suisse | Brochure sur les hors-d'oeuvre\",\"isPartOf\":{\"@id\":\"https:\/\/aphasie.org\/#website\"},\"primaryImageOfPage\":{\"@id\":\"https:\/\/aphasie.org\/fr\/produkt\/vorspeisenbroschuere\/#primaryimage\"},\"image\":{\"@id\":\"https:\/\/aphasie.org\/fr\/produkt\/vorspeisenbroschuere\/#primaryimage\"},\"thumbnailUrl\":\"https:\/\/aphasie.org\/wp-content\/uploads\/2022\/09\/Vorspeisenbroschuere.png\",\"datePublished\":\"2022-08-26T11:37:03+00:00\",\"dateModified\":\"2022-11-18T13:45:05+00:00\",\"breadcrumb\":{\"@id\":\"https:\/\/aphasie.org\/fr\/produkt\/vorspeisenbroschuere\/#breadcrumb\"},\"inLanguage\":\"fr-FR\",\"potentialAction\":[{\"@type\":\"ReadAction\",\"target\":[\"https:\/\/aphasie.org\/fr\/produkt\/vorspeisenbroschuere\/\"]}]},{\"@type\":\"ImageObject\",\"inLanguage\":\"fr-FR\",\"@id\":\"https:\/\/aphasie.org\/fr\/produkt\/vorspeisenbroschuere\/#primaryimage\",\"url\":\"https:\/\/aphasie.org\/wp-content\/uploads\/2022\/09\/Vorspeisenbroschuere.png\",\"contentUrl\":\"https:\/\/aphasie.org\/wp-content\/uploads\/2022\/09\/Vorspeisenbroschuere.png\",\"width\":895,\"height\":896},{\"@type\":\"BreadcrumbList\",\"@id\":\"https:\/\/aphasie.org\/fr\/produkt\/vorspeisenbroschuere\/#breadcrumb\",\"itemListElement\":[{\"@type\":\"ListItem\",\"position\":1,\"name\":\"Home\",\"item\":\"https:\/\/aphasie.org\/fr\/home\/\"},{\"@type\":\"ListItem\",\"position\":2,\"name\":\"Boutique\",\"item\":\"https:\/\/aphasie.org\/fr\/shop\/\"},{\"@type\":\"ListItem\",\"position\":3,\"name\":\"Brochure sur les hors-d&#8217;oeuvre\"}]},{\"@type\":\"WebSite\",\"@id\":\"https:\/\/aphasie.org\/#website\",\"url\":\"https:\/\/aphasie.org\/\",\"name\":\"aphasie suisse\",\"description\":\"wenn Worte fehlen\",\"publisher\":{\"@id\":\"https:\/\/aphasie.org\/#organization\"},\"potentialAction\":[{\"@type\":\"SearchAction\",\"target\":{\"@type\":\"EntryPoint\",\"urlTemplate\":\"https:\/\/aphasie.org\/?s={search_term_string}\"},\"query-input\":{\"@type\":\"PropertyValueSpecification\",\"valueRequired\":true,\"valueName\":\"search_term_string\"}}],\"inLanguage\":\"fr-FR\"},{\"@type\":\"Organization\",\"@id\":\"https:\/\/aphasie.org\/#organization\",\"name\":\"aphasie suisse\",\"url\":\"https:\/\/aphasie.org\/\",\"logo\":{\"@type\":\"ImageObject\",\"inLanguage\":\"fr-FR\",\"@id\":\"https:\/\/aphasie.org\/#\/schema\/logo\/image\/\",\"url\":\"https:\/\/aphasie.org\/wp-content\/uploads\/2020\/05\/aphasie_Logo-1.svg\",\"contentUrl\":\"https:\/\/aphasie.org\/wp-content\/uploads\/2020\/05\/aphasie_Logo-1.svg\",\"width\":133.599999999999994315658113919198513031005859375,\"height\":68.5,\"caption\":\"aphasie suisse\"},\"image\":{\"@id\":\"https:\/\/aphasie.org\/#\/schema\/logo\/image\/\"}}]}<\/script>\n<!-- \/ Yoast SEO plugin. -->","yoast_head_json":{"title":"aphasie suisse | Brochure sur les hors-d'oeuvre","robots":{"index":"index","follow":"follow","max-snippet":"max-snippet:-1","max-image-preview":"max-image-preview:large","max-video-preview":"max-video-preview:-1"},"canonical":"https:\/\/aphasie.org\/fr\/produkt\/vorspeisenbroschuere\/","og_locale":"fr_FR","og_type":"article","og_title":"aphasie suisse | Brochure sur les hors-d'oeuvre","og_description":"La brochure sur les hors-d'oeuvre, cuisiner avec des images, est arriv\u00e9e! Vous souhaitez g\u00e2ter vos proches avec une belle salade de potiron ou les surprendre avec une soupe au curry rouge faite maison? Les recettes des livres de cuisine habituels sont trop compliqu\u00e9es pour vous? Dans la nouvelle brochure sur les ap\u00e9ritifs, vous trouverez dix recettes pour de d\u00e9licieuses entr\u00e9es qui se passent totalement de mots. Toutes les recettes sont d\u00e9crites \u00e0 l'aide de pictogrammes et de photos. Nous vous souhaitons beaucoup de plaisir \u00e0 cuisiner et un bon app\u00e9tit!","og_url":"https:\/\/aphasie.org\/fr\/produkt\/vorspeisenbroschuere\/","og_site_name":"aphasie suisse","article_modified_time":"2022-11-18T13:45:05+00:00","og_image":[{"width":895,"height":896,"url":"https:\/\/aphasie.org\/wp-content\/uploads\/2022\/09\/Vorspeisenbroschuere.png","type":"image\/png"}],"twitter_card":"summary_large_image","schema":{"@context":"https:\/\/schema.org","@graph":[{"@type":"WebPage","@id":"https:\/\/aphasie.org\/fr\/produkt\/vorspeisenbroschuere\/","url":"https:\/\/aphasie.org\/fr\/produkt\/vorspeisenbroschuere\/","name":"aphasie suisse | Brochure sur les hors-d'oeuvre","isPartOf":{"@id":"https:\/\/aphasie.org\/#website"},"primaryImageOfPage":{"@id":"https:\/\/aphasie.org\/fr\/produkt\/vorspeisenbroschuere\/#primaryimage"},"image":{"@id":"https:\/\/aphasie.org\/fr\/produkt\/vorspeisenbroschuere\/#primaryimage"},"thumbnailUrl":"https:\/\/aphasie.org\/wp-content\/uploads\/2022\/09\/Vorspeisenbroschuere.png","datePublished":"2022-08-26T11:37:03+00:00","dateModified":"2022-11-18T13:45:05+00:00","breadcrumb":{"@id":"https:\/\/aphasie.org\/fr\/produkt\/vorspeisenbroschuere\/#breadcrumb"},"inLanguage":"fr-FR","potentialAction":[{"@type":"ReadAction","target":["https:\/\/aphasie.org\/fr\/produkt\/vorspeisenbroschuere\/"]}]},{"@type":"ImageObject","inLanguage":"fr-FR","@id":"https:\/\/aphasie.org\/fr\/produkt\/vorspeisenbroschuere\/#primaryimage","url":"https:\/\/aphasie.org\/wp-content\/uploads\/2022\/09\/Vorspeisenbroschuere.png","contentUrl":"https:\/\/aphasie.org\/wp-content\/uploads\/2022\/09\/Vorspeisenbroschuere.png","width":895,"height":896},{"@type":"BreadcrumbList","@id":"https:\/\/aphasie.org\/fr\/produkt\/vorspeisenbroschuere\/#breadcrumb","itemListElement":[{"@type":"ListItem","position":1,"name":"Home","item":"https:\/\/aphasie.org\/fr\/home\/"},{"@type":"ListItem","position":2,"name":"Boutique","item":"https:\/\/aphasie.org\/fr\/shop\/"},{"@type":"ListItem","position":3,"name":"Brochure sur les hors-d&#8217;oeuvre"}]},{"@type":"WebSite","@id":"https:\/\/aphasie.org\/#website","url":"https:\/\/aphasie.org\/","name":"aphasie suisse","description":"wenn Worte fehlen","publisher":{"@id":"https:\/\/aphasie.org\/#organization"},"potentialAction":[{"@type":"SearchAction","target":{"@type":"EntryPoint","urlTemplate":"https:\/\/aphasie.org\/?s={search_term_string}"},"query-input":{"@type":"PropertyValueSpecification","valueRequired":true,"valueName":"search_term_string"}}],"inLanguage":"fr-FR"},{"@type":"Organization","@id":"https:\/\/aphasie.org\/#organization","name":"aphasie suisse","url":"https:\/\/aphasie.org\/","logo":{"@type":"ImageObject","inLanguage":"fr-FR","@id":"https:\/\/aphasie.org\/#\/schema\/logo\/image\/","url":"https:\/\/aphasie.org\/wp-content\/uploads\/2020\/05\/aphasie_Logo-1.svg","contentUrl":"https:\/\/aphasie.org\/wp-content\/uploads\/2020\/05\/aphasie_Logo-1.svg","width":133.599999999999994315658113919198513031005859375,"height":68.5,"caption":"aphasie suisse"},"image":{"@id":"https:\/\/aphasie.org\/#\/schema\/logo\/image\/"}}]}},"_links":{"self":[{"href":"https:\/\/aphasie.org\/fr\/wp-json\/wp\/v2\/product\/9449","targetHints":{"allow":["GET"]}}],"collection":[{"href":"https:\/\/aphasie.org\/fr\/wp-json\/wp\/v2\/product"}],"about":[{"href":"https:\/\/aphasie.org\/fr\/wp-json\/wp\/v2\/types\/product"}],"replies":[{"embeddable":true,"href":"https:\/\/aphasie.org\/fr\/wp-json\/wp\/v2\/comments?post=9449"}],"wp:featuredmedia":[{"embeddable":true,"href":"https:\/\/aphasie.org\/fr\/wp-json\/wp\/v2\/media\/8732"}],"wp:attachment":[{"href":"https:\/\/aphasie.org\/fr\/wp-json\/wp\/v2\/media?parent=9449"}],"wp:term":[{"taxonomy":"product_brand","embeddable":true,"href":"https:\/\/aphasie.org\/fr\/wp-json\/wp\/v2\/product_brand?post=9449"},{"taxonomy":"product_cat","embeddable":true,"href":"https:\/\/aphasie.org\/fr\/wp-json\/wp\/v2\/product_cat?post=9449"},{"taxonomy":"product_tag","embeddable":true,"href":"https:\/\/aphasie.org\/fr\/wp-json\/wp\/v2\/product_tag?post=9449"}],"curies":[{"name":"wp","href":"https:\/\/api.w.org\/{rel}","templated":true}]}}