{"id":9940,"date":"2020-08-26T11:12:49","date_gmt":"2020-08-26T11:12:49","guid":{"rendered":"https:\/\/aphasie.org\/produkt\/buch-das-aphasie-experiment\/"},"modified":"2022-11-18T13:45:14","modified_gmt":"2022-11-18T13:45:14","slug":"buch-das-aphasie-experiment","status":"publish","type":"product","link":"https:\/\/aphasie.org\/fr\/produkt\/buch-das-aphasie-experiment\/","title":{"rendered":"Livre &#8211; L&rsquo;exp\u00e9rience de l&rsquo;aphasie"},"content":{"rendered":"<p>Dix personnalit\u00e9s connues ont relev\u00e9 le d\u00e9fi de renoncer \u00e0 parler pendant une journ\u00e9e tout en continuant \u00e0 vaquer \u00e0 leurs occupations quotidiennes dans la mesure du possible. Comment ont-elles r\u00e9agi, comment leur entourage a-t-il r\u00e9agi \u00e0 cette absence temporaire de parole ? Leurs exp\u00e9riences et leur v\u00e9cu illustrent de mani\u00e8re authentique ce qui se cache derri\u00e8re le terme d&rsquo;aphasie. Ils montrent les d\u00e9fis auxquels les personnes aphasiques sont confront\u00e9es au quotidien. Les portraits en mots et en images sont touchants. Ils offrent un aper\u00e7u passionnant de la nature du langage et de l&rsquo;importance de la communication.<\/p>\n","protected":false},"excerpt":{"rendered":"<p>Dix personnalit\u00e9s connues ont relev\u00e9 le d\u00e9fi de renoncer \u00e0 parler pendant une journ\u00e9e tout en continuant \u00e0 vaquer \u00e0 leurs occupations quotidiennes dans la mesure du possible. Comment ont-elles r\u00e9agi, comment leur entourage a-t-il r\u00e9agi \u00e0 cette absence temporaire de parole ? Leurs exp\u00e9riences et leur v\u00e9cu illustrent de mani\u00e8re authentique ce qui se cache derri\u00e8re le terme d&rsquo;aphasie. Ils montrent les d\u00e9fis auxquels les personnes aphasiques sont confront\u00e9es au quotidien. Les portraits en mots et en images sont touchants. Ils offrent un aper\u00e7u passionnant de la nature du langage et de l&rsquo;importance de la communication.<\/p>\n","protected":false},"featured_media":8347,"comment_status":"closed","ping_status":"closed","template":"","meta":[],"product_brand":[],"product_cat":[171],"product_tag":[],"class_list":{"0":"post-9940","1":"product","2":"type-product","3":"status-publish","4":"has-post-thumbnail","6":"product_cat-unkategorisiert-fr","7":"product_shipping_class-paket-fr","9":"first","10":"instock","11":"taxable","12":"shipping-taxable","13":"purchasable","14":"product-type-simple"},"yoast_head":"<!-- This site is optimized with the Yoast SEO plugin v27.1.1 - https:\/\/yoast.com\/product\/yoast-seo-wordpress\/ -->\n<title>aphasie suisse | Livre - L&#039;exp\u00e9rience de l&#039;aphasie<\/title>\n<meta name=\"robots\" content=\"index, follow, max-snippet:-1, max-image-preview:large, max-video-preview:-1\" \/>\n<link rel=\"canonical\" href=\"https:\/\/aphasie.org\/fr\/produkt\/buch-das-aphasie-experiment\/\" \/>\n<meta property=\"og:locale\" content=\"fr_FR\" \/>\n<meta property=\"og:type\" content=\"article\" \/>\n<meta property=\"og:title\" content=\"aphasie suisse | Livre - L&#039;exp\u00e9rience de l&#039;aphasie\" \/>\n<meta property=\"og:description\" content=\"Dix personnalit\u00e9s connues ont relev\u00e9 le d\u00e9fi de renoncer \u00e0 parler pendant une journ\u00e9e tout en continuant \u00e0 vaquer \u00e0 leurs occupations quotidiennes dans la mesure du possible. Comment ont-elles r\u00e9agi, comment leur entourage a-t-il r\u00e9agi \u00e0 cette absence temporaire de parole ? Leurs exp\u00e9riences et leur v\u00e9cu illustrent de mani\u00e8re authentique ce qui se cache derri\u00e8re le terme d&#039;aphasie. Ils montrent les d\u00e9fis auxquels les personnes aphasiques sont confront\u00e9es au quotidien. Les portraits en mots et en images sont touchants. Ils offrent un aper\u00e7u passionnant de la nature du langage et de l&#039;importance de la communication.\" \/>\n<meta property=\"og:url\" content=\"https:\/\/aphasie.org\/fr\/produkt\/buch-das-aphasie-experiment\/\" \/>\n<meta property=\"og:site_name\" content=\"aphasie suisse\" \/>\n<meta property=\"article:modified_time\" content=\"2022-11-18T13:45:14+00:00\" \/>\n<meta property=\"og:image\" content=\"https:\/\/aphasie.org\/wp-content\/uploads\/2021\/08\/Buch.jpg\" \/>\n\t<meta property=\"og:image:width\" content=\"797\" \/>\n\t<meta property=\"og:image:height\" content=\"754\" \/>\n\t<meta property=\"og:image:type\" content=\"image\/jpeg\" \/>\n<meta name=\"twitter:card\" content=\"summary_large_image\" \/>\n<meta name=\"twitter:label1\" content=\"Dur\u00e9e de lecture estim\u00e9e\" \/>\n\t<meta name=\"twitter:data1\" content=\"1 minute\" \/>\n<script type=\"application\/ld+json\" class=\"yoast-schema-graph\">{\"@context\":\"https:\/\/schema.org\",\"@graph\":[{\"@type\":\"WebPage\",\"@id\":\"https:\/\/aphasie.org\/fr\/produkt\/buch-das-aphasie-experiment\/\",\"url\":\"https:\/\/aphasie.org\/fr\/produkt\/buch-das-aphasie-experiment\/\",\"name\":\"aphasie suisse | Livre - L'exp\u00e9rience de l'aphasie\",\"isPartOf\":{\"@id\":\"https:\/\/aphasie.org\/#website\"},\"primaryImageOfPage\":{\"@id\":\"https:\/\/aphasie.org\/fr\/produkt\/buch-das-aphasie-experiment\/#primaryimage\"},\"image\":{\"@id\":\"https:\/\/aphasie.org\/fr\/produkt\/buch-das-aphasie-experiment\/#primaryimage\"},\"thumbnailUrl\":\"https:\/\/aphasie.org\/wp-content\/uploads\/2021\/08\/Buch.jpg\",\"datePublished\":\"2020-08-26T11:12:49+00:00\",\"dateModified\":\"2022-11-18T13:45:14+00:00\",\"breadcrumb\":{\"@id\":\"https:\/\/aphasie.org\/fr\/produkt\/buch-das-aphasie-experiment\/#breadcrumb\"},\"inLanguage\":\"fr-FR\",\"potentialAction\":[{\"@type\":\"ReadAction\",\"target\":[\"https:\/\/aphasie.org\/fr\/produkt\/buch-das-aphasie-experiment\/\"]}]},{\"@type\":\"ImageObject\",\"inLanguage\":\"fr-FR\",\"@id\":\"https:\/\/aphasie.org\/fr\/produkt\/buch-das-aphasie-experiment\/#primaryimage\",\"url\":\"https:\/\/aphasie.org\/wp-content\/uploads\/2021\/08\/Buch.jpg\",\"contentUrl\":\"https:\/\/aphasie.org\/wp-content\/uploads\/2021\/08\/Buch.jpg\",\"width\":797,\"height\":754},{\"@type\":\"BreadcrumbList\",\"@id\":\"https:\/\/aphasie.org\/fr\/produkt\/buch-das-aphasie-experiment\/#breadcrumb\",\"itemListElement\":[{\"@type\":\"ListItem\",\"position\":1,\"name\":\"Home\",\"item\":\"https:\/\/aphasie.org\/fr\/home\/\"},{\"@type\":\"ListItem\",\"position\":2,\"name\":\"Boutique\",\"item\":\"https:\/\/aphasie.org\/fr\/shop\/\"},{\"@type\":\"ListItem\",\"position\":3,\"name\":\"Livre &#8211; L&#8217;exp\u00e9rience de l&#8217;aphasie\"}]},{\"@type\":\"WebSite\",\"@id\":\"https:\/\/aphasie.org\/#website\",\"url\":\"https:\/\/aphasie.org\/\",\"name\":\"aphasie suisse\",\"description\":\"wenn Worte fehlen\",\"publisher\":{\"@id\":\"https:\/\/aphasie.org\/#organization\"},\"potentialAction\":[{\"@type\":\"SearchAction\",\"target\":{\"@type\":\"EntryPoint\",\"urlTemplate\":\"https:\/\/aphasie.org\/?s={search_term_string}\"},\"query-input\":{\"@type\":\"PropertyValueSpecification\",\"valueRequired\":true,\"valueName\":\"search_term_string\"}}],\"inLanguage\":\"fr-FR\"},{\"@type\":\"Organization\",\"@id\":\"https:\/\/aphasie.org\/#organization\",\"name\":\"aphasie suisse\",\"url\":\"https:\/\/aphasie.org\/\",\"logo\":{\"@type\":\"ImageObject\",\"inLanguage\":\"fr-FR\",\"@id\":\"https:\/\/aphasie.org\/#\/schema\/logo\/image\/\",\"url\":\"https:\/\/aphasie.org\/wp-content\/uploads\/2020\/05\/aphasie_Logo-1.svg\",\"contentUrl\":\"https:\/\/aphasie.org\/wp-content\/uploads\/2020\/05\/aphasie_Logo-1.svg\",\"width\":133.599999999999994315658113919198513031005859375,\"height\":68.5,\"caption\":\"aphasie suisse\"},\"image\":{\"@id\":\"https:\/\/aphasie.org\/#\/schema\/logo\/image\/\"}}]}<\/script>\n<!-- \/ Yoast SEO plugin. -->","yoast_head_json":{"title":"aphasie suisse | Livre - L'exp\u00e9rience de l'aphasie","robots":{"index":"index","follow":"follow","max-snippet":"max-snippet:-1","max-image-preview":"max-image-preview:large","max-video-preview":"max-video-preview:-1"},"canonical":"https:\/\/aphasie.org\/fr\/produkt\/buch-das-aphasie-experiment\/","og_locale":"fr_FR","og_type":"article","og_title":"aphasie suisse | Livre - L'exp\u00e9rience de l'aphasie","og_description":"Dix personnalit\u00e9s connues ont relev\u00e9 le d\u00e9fi de renoncer \u00e0 parler pendant une journ\u00e9e tout en continuant \u00e0 vaquer \u00e0 leurs occupations quotidiennes dans la mesure du possible. Comment ont-elles r\u00e9agi, comment leur entourage a-t-il r\u00e9agi \u00e0 cette absence temporaire de parole ? Leurs exp\u00e9riences et leur v\u00e9cu illustrent de mani\u00e8re authentique ce qui se cache derri\u00e8re le terme d'aphasie. Ils montrent les d\u00e9fis auxquels les personnes aphasiques sont confront\u00e9es au quotidien. Les portraits en mots et en images sont touchants. Ils offrent un aper\u00e7u passionnant de la nature du langage et de l'importance de la communication.","og_url":"https:\/\/aphasie.org\/fr\/produkt\/buch-das-aphasie-experiment\/","og_site_name":"aphasie suisse","article_modified_time":"2022-11-18T13:45:14+00:00","og_image":[{"width":797,"height":754,"url":"https:\/\/aphasie.org\/wp-content\/uploads\/2021\/08\/Buch.jpg","type":"image\/jpeg"}],"twitter_card":"summary_large_image","twitter_misc":{"Dur\u00e9e de lecture estim\u00e9e":"1 minute"},"schema":{"@context":"https:\/\/schema.org","@graph":[{"@type":"WebPage","@id":"https:\/\/aphasie.org\/fr\/produkt\/buch-das-aphasie-experiment\/","url":"https:\/\/aphasie.org\/fr\/produkt\/buch-das-aphasie-experiment\/","name":"aphasie suisse | Livre - L'exp\u00e9rience de l'aphasie","isPartOf":{"@id":"https:\/\/aphasie.org\/#website"},"primaryImageOfPage":{"@id":"https:\/\/aphasie.org\/fr\/produkt\/buch-das-aphasie-experiment\/#primaryimage"},"image":{"@id":"https:\/\/aphasie.org\/fr\/produkt\/buch-das-aphasie-experiment\/#primaryimage"},"thumbnailUrl":"https:\/\/aphasie.org\/wp-content\/uploads\/2021\/08\/Buch.jpg","datePublished":"2020-08-26T11:12:49+00:00","dateModified":"2022-11-18T13:45:14+00:00","breadcrumb":{"@id":"https:\/\/aphasie.org\/fr\/produkt\/buch-das-aphasie-experiment\/#breadcrumb"},"inLanguage":"fr-FR","potentialAction":[{"@type":"ReadAction","target":["https:\/\/aphasie.org\/fr\/produkt\/buch-das-aphasie-experiment\/"]}]},{"@type":"ImageObject","inLanguage":"fr-FR","@id":"https:\/\/aphasie.org\/fr\/produkt\/buch-das-aphasie-experiment\/#primaryimage","url":"https:\/\/aphasie.org\/wp-content\/uploads\/2021\/08\/Buch.jpg","contentUrl":"https:\/\/aphasie.org\/wp-content\/uploads\/2021\/08\/Buch.jpg","width":797,"height":754},{"@type":"BreadcrumbList","@id":"https:\/\/aphasie.org\/fr\/produkt\/buch-das-aphasie-experiment\/#breadcrumb","itemListElement":[{"@type":"ListItem","position":1,"name":"Home","item":"https:\/\/aphasie.org\/fr\/home\/"},{"@type":"ListItem","position":2,"name":"Boutique","item":"https:\/\/aphasie.org\/fr\/shop\/"},{"@type":"ListItem","position":3,"name":"Livre &#8211; L&#8217;exp\u00e9rience de l&#8217;aphasie"}]},{"@type":"WebSite","@id":"https:\/\/aphasie.org\/#website","url":"https:\/\/aphasie.org\/","name":"aphasie suisse","description":"wenn Worte fehlen","publisher":{"@id":"https:\/\/aphasie.org\/#organization"},"potentialAction":[{"@type":"SearchAction","target":{"@type":"EntryPoint","urlTemplate":"https:\/\/aphasie.org\/?s={search_term_string}"},"query-input":{"@type":"PropertyValueSpecification","valueRequired":true,"valueName":"search_term_string"}}],"inLanguage":"fr-FR"},{"@type":"Organization","@id":"https:\/\/aphasie.org\/#organization","name":"aphasie suisse","url":"https:\/\/aphasie.org\/","logo":{"@type":"ImageObject","inLanguage":"fr-FR","@id":"https:\/\/aphasie.org\/#\/schema\/logo\/image\/","url":"https:\/\/aphasie.org\/wp-content\/uploads\/2020\/05\/aphasie_Logo-1.svg","contentUrl":"https:\/\/aphasie.org\/wp-content\/uploads\/2020\/05\/aphasie_Logo-1.svg","width":133.599999999999994315658113919198513031005859375,"height":68.5,"caption":"aphasie suisse"},"image":{"@id":"https:\/\/aphasie.org\/#\/schema\/logo\/image\/"}}]}},"_links":{"self":[{"href":"https:\/\/aphasie.org\/fr\/wp-json\/wp\/v2\/product\/9940","targetHints":{"allow":["GET"]}}],"collection":[{"href":"https:\/\/aphasie.org\/fr\/wp-json\/wp\/v2\/product"}],"about":[{"href":"https:\/\/aphasie.org\/fr\/wp-json\/wp\/v2\/types\/product"}],"replies":[{"embeddable":true,"href":"https:\/\/aphasie.org\/fr\/wp-json\/wp\/v2\/comments?post=9940"}],"wp:featuredmedia":[{"embeddable":true,"href":"https:\/\/aphasie.org\/fr\/wp-json\/wp\/v2\/media\/8347"}],"wp:attachment":[{"href":"https:\/\/aphasie.org\/fr\/wp-json\/wp\/v2\/media?parent=9940"}],"wp:term":[{"taxonomy":"product_brand","embeddable":true,"href":"https:\/\/aphasie.org\/fr\/wp-json\/wp\/v2\/product_brand?post=9940"},{"taxonomy":"product_cat","embeddable":true,"href":"https:\/\/aphasie.org\/fr\/wp-json\/wp\/v2\/product_cat?post=9940"},{"taxonomy":"product_tag","embeddable":true,"href":"https:\/\/aphasie.org\/fr\/wp-json\/wp\/v2\/product_tag?post=9940"}],"curies":[{"name":"wp","href":"https:\/\/api.w.org\/{rel}","templated":true}]}}