{"id":9941,"date":"2019-06-09T08:59:07","date_gmt":"2019-06-09T08:59:07","guid":{"rendered":"https:\/\/aphasie.org\/produkt\/kochbroschuere\/"},"modified":"2022-11-18T13:45:46","modified_gmt":"2022-11-18T13:45:46","slug":"kochbroschuere","status":"publish","type":"product","link":"https:\/\/aphasie.org\/fr\/produkt\/kochbroschuere\/","title":{"rendered":"cuisine"},"content":{"rendered":"<p>Une brochure cuisine sans paroles, uniquement avec des images. Avec cette brochure de cuisine, vous pouvez facilement r\u00e9aliser de d\u00e9licieux plats en suivant les instructions des photos et des pictogrammes. Le choix vari\u00e9 de recettes donne envie de les r\u00e9aliser. Pour finir, ils trouveront des conseils pratiques, pour pr\u00e9parer et cuisiner d&rsquo;une seule main.<\/p>\n","protected":false},"excerpt":{"rendered":"<p>Une brochure cuisine sans paroles, uniquement avec des images. Avec cette brochure de cuisine, vous pouvez facilement r\u00e9aliser de d\u00e9licieux plats en suivant les instructions des photos et des pictogrammes. Le choix vari\u00e9 de recettes donne envie de les r\u00e9aliser. Pour finir, ils trouveront des conseils pratiques, pour pr\u00e9parer et cuisiner d&rsquo;une seule main.<\/p>\n","protected":false},"featured_media":8196,"comment_status":"closed","ping_status":"closed","template":"","meta":[],"product_brand":[],"product_cat":[171],"product_tag":[],"class_list":{"0":"post-9941","1":"product","2":"type-product","3":"status-publish","4":"has-post-thumbnail","6":"product_cat-unkategorisiert-fr","7":"product_shipping_class-paket-fr","9":"first","10":"instock","11":"taxable","12":"shipping-taxable","13":"purchasable","14":"product-type-simple"},"yoast_head":"<!-- This site is optimized with the Yoast SEO plugin v27.1.1 - https:\/\/yoast.com\/product\/yoast-seo-wordpress\/ -->\n<title>aphasie suisse | cuisine<\/title>\n<meta name=\"robots\" content=\"index, follow, max-snippet:-1, max-image-preview:large, max-video-preview:-1\" \/>\n<link rel=\"canonical\" href=\"https:\/\/aphasie.org\/fr\/produkt\/kochbroschuere\/\" \/>\n<meta property=\"og:locale\" content=\"fr_FR\" \/>\n<meta property=\"og:type\" content=\"article\" \/>\n<meta property=\"og:title\" content=\"aphasie suisse | cuisine\" \/>\n<meta property=\"og:description\" content=\"Une brochure cuisine sans paroles, uniquement avec des images. Avec cette brochure de cuisine, vous pouvez facilement r\u00e9aliser de d\u00e9licieux plats en suivant les instructions des photos et des pictogrammes. Le choix vari\u00e9 de recettes donne envie de les r\u00e9aliser. Pour finir, ils trouveront des conseils pratiques, pour pr\u00e9parer et cuisiner d&#039;une seule main.\" \/>\n<meta property=\"og:url\" content=\"https:\/\/aphasie.org\/fr\/produkt\/kochbroschuere\/\" \/>\n<meta property=\"og:site_name\" content=\"aphasie suisse\" \/>\n<meta property=\"article:modified_time\" content=\"2022-11-18T13:45:46+00:00\" \/>\n<meta property=\"og:image\" content=\"https:\/\/aphasie.org\/wp-content\/uploads\/2020\/06\/kochbroschuere.jpg\" \/>\n\t<meta property=\"og:image:width\" content=\"1358\" \/>\n\t<meta property=\"og:image:height\" content=\"1358\" \/>\n\t<meta property=\"og:image:type\" content=\"image\/jpeg\" \/>\n<meta name=\"twitter:card\" content=\"summary_large_image\" \/>\n<script type=\"application\/ld+json\" class=\"yoast-schema-graph\">{\"@context\":\"https:\/\/schema.org\",\"@graph\":[{\"@type\":\"WebPage\",\"@id\":\"https:\/\/aphasie.org\/fr\/produkt\/kochbroschuere\/\",\"url\":\"https:\/\/aphasie.org\/fr\/produkt\/kochbroschuere\/\",\"name\":\"aphasie suisse | cuisine\",\"isPartOf\":{\"@id\":\"https:\/\/aphasie.org\/#website\"},\"primaryImageOfPage\":{\"@id\":\"https:\/\/aphasie.org\/fr\/produkt\/kochbroschuere\/#primaryimage\"},\"image\":{\"@id\":\"https:\/\/aphasie.org\/fr\/produkt\/kochbroschuere\/#primaryimage\"},\"thumbnailUrl\":\"https:\/\/aphasie.org\/wp-content\/uploads\/2020\/06\/kochbroschuere.jpg\",\"datePublished\":\"2019-06-09T08:59:07+00:00\",\"dateModified\":\"2022-11-18T13:45:46+00:00\",\"breadcrumb\":{\"@id\":\"https:\/\/aphasie.org\/fr\/produkt\/kochbroschuere\/#breadcrumb\"},\"inLanguage\":\"fr-FR\",\"potentialAction\":[{\"@type\":\"ReadAction\",\"target\":[\"https:\/\/aphasie.org\/fr\/produkt\/kochbroschuere\/\"]}]},{\"@type\":\"ImageObject\",\"inLanguage\":\"fr-FR\",\"@id\":\"https:\/\/aphasie.org\/fr\/produkt\/kochbroschuere\/#primaryimage\",\"url\":\"https:\/\/aphasie.org\/wp-content\/uploads\/2020\/06\/kochbroschuere.jpg\",\"contentUrl\":\"https:\/\/aphasie.org\/wp-content\/uploads\/2020\/06\/kochbroschuere.jpg\",\"width\":1358,\"height\":1358},{\"@type\":\"BreadcrumbList\",\"@id\":\"https:\/\/aphasie.org\/fr\/produkt\/kochbroschuere\/#breadcrumb\",\"itemListElement\":[{\"@type\":\"ListItem\",\"position\":1,\"name\":\"Home\",\"item\":\"https:\/\/aphasie.org\/fr\/home\/\"},{\"@type\":\"ListItem\",\"position\":2,\"name\":\"Boutique\",\"item\":\"https:\/\/aphasie.org\/fr\/shop\/\"},{\"@type\":\"ListItem\",\"position\":3,\"name\":\"cuisine\"}]},{\"@type\":\"WebSite\",\"@id\":\"https:\/\/aphasie.org\/#website\",\"url\":\"https:\/\/aphasie.org\/\",\"name\":\"aphasie suisse\",\"description\":\"wenn Worte fehlen\",\"publisher\":{\"@id\":\"https:\/\/aphasie.org\/#organization\"},\"potentialAction\":[{\"@type\":\"SearchAction\",\"target\":{\"@type\":\"EntryPoint\",\"urlTemplate\":\"https:\/\/aphasie.org\/?s={search_term_string}\"},\"query-input\":{\"@type\":\"PropertyValueSpecification\",\"valueRequired\":true,\"valueName\":\"search_term_string\"}}],\"inLanguage\":\"fr-FR\"},{\"@type\":\"Organization\",\"@id\":\"https:\/\/aphasie.org\/#organization\",\"name\":\"aphasie suisse\",\"url\":\"https:\/\/aphasie.org\/\",\"logo\":{\"@type\":\"ImageObject\",\"inLanguage\":\"fr-FR\",\"@id\":\"https:\/\/aphasie.org\/#\/schema\/logo\/image\/\",\"url\":\"https:\/\/aphasie.org\/wp-content\/uploads\/2020\/05\/aphasie_Logo-1.svg\",\"contentUrl\":\"https:\/\/aphasie.org\/wp-content\/uploads\/2020\/05\/aphasie_Logo-1.svg\",\"width\":133.599999999999994315658113919198513031005859375,\"height\":68.5,\"caption\":\"aphasie suisse\"},\"image\":{\"@id\":\"https:\/\/aphasie.org\/#\/schema\/logo\/image\/\"}}]}<\/script>\n<!-- \/ Yoast SEO plugin. -->","yoast_head_json":{"title":"aphasie suisse | cuisine","robots":{"index":"index","follow":"follow","max-snippet":"max-snippet:-1","max-image-preview":"max-image-preview:large","max-video-preview":"max-video-preview:-1"},"canonical":"https:\/\/aphasie.org\/fr\/produkt\/kochbroschuere\/","og_locale":"fr_FR","og_type":"article","og_title":"aphasie suisse | cuisine","og_description":"Une brochure cuisine sans paroles, uniquement avec des images. Avec cette brochure de cuisine, vous pouvez facilement r\u00e9aliser de d\u00e9licieux plats en suivant les instructions des photos et des pictogrammes. Le choix vari\u00e9 de recettes donne envie de les r\u00e9aliser. Pour finir, ils trouveront des conseils pratiques, pour pr\u00e9parer et cuisiner d'une seule main.","og_url":"https:\/\/aphasie.org\/fr\/produkt\/kochbroschuere\/","og_site_name":"aphasie suisse","article_modified_time":"2022-11-18T13:45:46+00:00","og_image":[{"width":1358,"height":1358,"url":"https:\/\/aphasie.org\/wp-content\/uploads\/2020\/06\/kochbroschuere.jpg","type":"image\/jpeg"}],"twitter_card":"summary_large_image","schema":{"@context":"https:\/\/schema.org","@graph":[{"@type":"WebPage","@id":"https:\/\/aphasie.org\/fr\/produkt\/kochbroschuere\/","url":"https:\/\/aphasie.org\/fr\/produkt\/kochbroschuere\/","name":"aphasie suisse | cuisine","isPartOf":{"@id":"https:\/\/aphasie.org\/#website"},"primaryImageOfPage":{"@id":"https:\/\/aphasie.org\/fr\/produkt\/kochbroschuere\/#primaryimage"},"image":{"@id":"https:\/\/aphasie.org\/fr\/produkt\/kochbroschuere\/#primaryimage"},"thumbnailUrl":"https:\/\/aphasie.org\/wp-content\/uploads\/2020\/06\/kochbroschuere.jpg","datePublished":"2019-06-09T08:59:07+00:00","dateModified":"2022-11-18T13:45:46+00:00","breadcrumb":{"@id":"https:\/\/aphasie.org\/fr\/produkt\/kochbroschuere\/#breadcrumb"},"inLanguage":"fr-FR","potentialAction":[{"@type":"ReadAction","target":["https:\/\/aphasie.org\/fr\/produkt\/kochbroschuere\/"]}]},{"@type":"ImageObject","inLanguage":"fr-FR","@id":"https:\/\/aphasie.org\/fr\/produkt\/kochbroschuere\/#primaryimage","url":"https:\/\/aphasie.org\/wp-content\/uploads\/2020\/06\/kochbroschuere.jpg","contentUrl":"https:\/\/aphasie.org\/wp-content\/uploads\/2020\/06\/kochbroschuere.jpg","width":1358,"height":1358},{"@type":"BreadcrumbList","@id":"https:\/\/aphasie.org\/fr\/produkt\/kochbroschuere\/#breadcrumb","itemListElement":[{"@type":"ListItem","position":1,"name":"Home","item":"https:\/\/aphasie.org\/fr\/home\/"},{"@type":"ListItem","position":2,"name":"Boutique","item":"https:\/\/aphasie.org\/fr\/shop\/"},{"@type":"ListItem","position":3,"name":"cuisine"}]},{"@type":"WebSite","@id":"https:\/\/aphasie.org\/#website","url":"https:\/\/aphasie.org\/","name":"aphasie suisse","description":"wenn Worte fehlen","publisher":{"@id":"https:\/\/aphasie.org\/#organization"},"potentialAction":[{"@type":"SearchAction","target":{"@type":"EntryPoint","urlTemplate":"https:\/\/aphasie.org\/?s={search_term_string}"},"query-input":{"@type":"PropertyValueSpecification","valueRequired":true,"valueName":"search_term_string"}}],"inLanguage":"fr-FR"},{"@type":"Organization","@id":"https:\/\/aphasie.org\/#organization","name":"aphasie suisse","url":"https:\/\/aphasie.org\/","logo":{"@type":"ImageObject","inLanguage":"fr-FR","@id":"https:\/\/aphasie.org\/#\/schema\/logo\/image\/","url":"https:\/\/aphasie.org\/wp-content\/uploads\/2020\/05\/aphasie_Logo-1.svg","contentUrl":"https:\/\/aphasie.org\/wp-content\/uploads\/2020\/05\/aphasie_Logo-1.svg","width":133.599999999999994315658113919198513031005859375,"height":68.5,"caption":"aphasie suisse"},"image":{"@id":"https:\/\/aphasie.org\/#\/schema\/logo\/image\/"}}]}},"_links":{"self":[{"href":"https:\/\/aphasie.org\/fr\/wp-json\/wp\/v2\/product\/9941","targetHints":{"allow":["GET"]}}],"collection":[{"href":"https:\/\/aphasie.org\/fr\/wp-json\/wp\/v2\/product"}],"about":[{"href":"https:\/\/aphasie.org\/fr\/wp-json\/wp\/v2\/types\/product"}],"replies":[{"embeddable":true,"href":"https:\/\/aphasie.org\/fr\/wp-json\/wp\/v2\/comments?post=9941"}],"wp:featuredmedia":[{"embeddable":true,"href":"https:\/\/aphasie.org\/fr\/wp-json\/wp\/v2\/media\/8196"}],"wp:attachment":[{"href":"https:\/\/aphasie.org\/fr\/wp-json\/wp\/v2\/media?parent=9941"}],"wp:term":[{"taxonomy":"product_brand","embeddable":true,"href":"https:\/\/aphasie.org\/fr\/wp-json\/wp\/v2\/product_brand?post=9941"},{"taxonomy":"product_cat","embeddable":true,"href":"https:\/\/aphasie.org\/fr\/wp-json\/wp\/v2\/product_cat?post=9941"},{"taxonomy":"product_tag","embeddable":true,"href":"https:\/\/aphasie.org\/fr\/wp-json\/wp\/v2\/product_tag?post=9941"}],"curies":[{"name":"wp","href":"https:\/\/api.w.org\/{rel}","templated":true}]}}