{"id":9942,"date":"2018-08-26T11:09:48","date_gmt":"2018-08-26T11:09:48","guid":{"rendered":"https:\/\/aphasie.org\/produkt\/magazin-auch-mein-leben-hat-sich-veraendert\/"},"modified":"2022-11-18T13:45:50","modified_gmt":"2022-11-18T13:45:50","slug":"magazin-auch-mein-leben-hat-sich-veraendert","status":"publish","type":"product","link":"https:\/\/aphasie.org\/fr\/produkt\/magazin-auch-mein-leben-hat-sich-veraendert\/","title":{"rendered":"Brochure &#8211; Ma vie aussi a chang\u00e9"},"content":{"rendered":"<p>Dix proches de personnes aphasiques sont au c\u0153ur de cette brochure. On oublie souvent que leur vie est \u00e9galement fortement modifi\u00e9e par ce coup du sort. Dans des portraits touchants, ils expliquent comment surmonter cette situation difficile. Laissez-vous fasciner par les personnes dont le portrait a \u00e9t\u00e9 dress\u00e9 et par leurs histoires! Cette brochure favorise la compr\u00e9hension des proches de personnes aphasiques et les relations mutuelles, et facilite la collaboration.<\/p>\n","protected":false},"excerpt":{"rendered":"<p>Dix proches de personnes aphasiques sont au c\u0153ur de cette brochure. On oublie souvent que leur vie est \u00e9galement fortement modifi\u00e9e par ce coup du sort. Dans des portraits touchants, ils expliquent comment surmonter cette situation difficile. Laissez-vous fasciner par les personnes dont le portrait a \u00e9t\u00e9 dress\u00e9 et par leurs histoires! Cette brochure favorise la compr\u00e9hension des proches de personnes aphasiques et les relations mutuelles, et facilite la collaboration.<\/p>\n","protected":false},"featured_media":8367,"comment_status":"closed","ping_status":"closed","template":"","meta":[],"product_brand":[],"product_cat":[171],"product_tag":[],"class_list":{"0":"post-9942","1":"product","2":"type-product","3":"status-publish","4":"has-post-thumbnail","6":"product_cat-unkategorisiert-fr","7":"product_shipping_class-brief-fr","9":"first","10":"instock","11":"taxable","12":"shipping-taxable","13":"purchasable","14":"product-type-simple"},"yoast_head":"<!-- This site is optimized with the Yoast SEO plugin v27.1.1 - https:\/\/yoast.com\/product\/yoast-seo-wordpress\/ -->\n<title>aphasie suisse | Brochure - Ma vie aussi a chang\u00e9<\/title>\n<meta name=\"robots\" content=\"index, follow, max-snippet:-1, max-image-preview:large, max-video-preview:-1\" \/>\n<link rel=\"canonical\" href=\"https:\/\/aphasie.org\/fr\/produkt\/magazin-auch-mein-leben-hat-sich-veraendert\/\" \/>\n<meta property=\"og:locale\" content=\"fr_FR\" \/>\n<meta property=\"og:type\" content=\"article\" \/>\n<meta property=\"og:title\" content=\"aphasie suisse | Brochure - Ma vie aussi a chang\u00e9\" \/>\n<meta property=\"og:description\" content=\"Dix proches de personnes aphasiques sont au c\u0153ur de cette brochure. On oublie souvent que leur vie est \u00e9galement fortement modifi\u00e9e par ce coup du sort. Dans des portraits touchants, ils expliquent comment surmonter cette situation difficile. Laissez-vous fasciner par les personnes dont le portrait a \u00e9t\u00e9 dress\u00e9 et par leurs histoires! Cette brochure favorise la compr\u00e9hension des proches de personnes aphasiques et les relations mutuelles, et facilite la collaboration.\" \/>\n<meta property=\"og:url\" content=\"https:\/\/aphasie.org\/fr\/produkt\/magazin-auch-mein-leben-hat-sich-veraendert\/\" \/>\n<meta property=\"og:site_name\" content=\"aphasie suisse\" \/>\n<meta property=\"article:modified_time\" content=\"2022-11-18T13:45:50+00:00\" \/>\n<meta property=\"og:image\" content=\"https:\/\/aphasie.org\/wp-content\/uploads\/2021\/08\/Magazin-1.jpg\" \/>\n\t<meta property=\"og:image:width\" content=\"1041\" \/>\n\t<meta property=\"og:image:height\" content=\"999\" \/>\n\t<meta property=\"og:image:type\" content=\"image\/jpeg\" \/>\n<meta name=\"twitter:card\" content=\"summary_large_image\" \/>\n<script type=\"application\/ld+json\" class=\"yoast-schema-graph\">{\"@context\":\"https:\/\/schema.org\",\"@graph\":[{\"@type\":\"WebPage\",\"@id\":\"https:\/\/aphasie.org\/fr\/produkt\/magazin-auch-mein-leben-hat-sich-veraendert\/\",\"url\":\"https:\/\/aphasie.org\/fr\/produkt\/magazin-auch-mein-leben-hat-sich-veraendert\/\",\"name\":\"aphasie suisse | Brochure - Ma vie aussi a chang\u00e9\",\"isPartOf\":{\"@id\":\"https:\/\/aphasie.org\/#website\"},\"primaryImageOfPage\":{\"@id\":\"https:\/\/aphasie.org\/fr\/produkt\/magazin-auch-mein-leben-hat-sich-veraendert\/#primaryimage\"},\"image\":{\"@id\":\"https:\/\/aphasie.org\/fr\/produkt\/magazin-auch-mein-leben-hat-sich-veraendert\/#primaryimage\"},\"thumbnailUrl\":\"https:\/\/aphasie.org\/wp-content\/uploads\/2021\/08\/Magazin-1.jpg\",\"datePublished\":\"2018-08-26T11:09:48+00:00\",\"dateModified\":\"2022-11-18T13:45:50+00:00\",\"breadcrumb\":{\"@id\":\"https:\/\/aphasie.org\/fr\/produkt\/magazin-auch-mein-leben-hat-sich-veraendert\/#breadcrumb\"},\"inLanguage\":\"fr-FR\",\"potentialAction\":[{\"@type\":\"ReadAction\",\"target\":[\"https:\/\/aphasie.org\/fr\/produkt\/magazin-auch-mein-leben-hat-sich-veraendert\/\"]}]},{\"@type\":\"ImageObject\",\"inLanguage\":\"fr-FR\",\"@id\":\"https:\/\/aphasie.org\/fr\/produkt\/magazin-auch-mein-leben-hat-sich-veraendert\/#primaryimage\",\"url\":\"https:\/\/aphasie.org\/wp-content\/uploads\/2021\/08\/Magazin-1.jpg\",\"contentUrl\":\"https:\/\/aphasie.org\/wp-content\/uploads\/2021\/08\/Magazin-1.jpg\",\"width\":1041,\"height\":999},{\"@type\":\"BreadcrumbList\",\"@id\":\"https:\/\/aphasie.org\/fr\/produkt\/magazin-auch-mein-leben-hat-sich-veraendert\/#breadcrumb\",\"itemListElement\":[{\"@type\":\"ListItem\",\"position\":1,\"name\":\"Home\",\"item\":\"https:\/\/aphasie.org\/fr\/home\/\"},{\"@type\":\"ListItem\",\"position\":2,\"name\":\"Boutique\",\"item\":\"https:\/\/aphasie.org\/fr\/shop\/\"},{\"@type\":\"ListItem\",\"position\":3,\"name\":\"Brochure &#8211; Ma vie aussi a chang\u00e9\"}]},{\"@type\":\"WebSite\",\"@id\":\"https:\/\/aphasie.org\/#website\",\"url\":\"https:\/\/aphasie.org\/\",\"name\":\"aphasie suisse\",\"description\":\"wenn Worte fehlen\",\"publisher\":{\"@id\":\"https:\/\/aphasie.org\/#organization\"},\"potentialAction\":[{\"@type\":\"SearchAction\",\"target\":{\"@type\":\"EntryPoint\",\"urlTemplate\":\"https:\/\/aphasie.org\/?s={search_term_string}\"},\"query-input\":{\"@type\":\"PropertyValueSpecification\",\"valueRequired\":true,\"valueName\":\"search_term_string\"}}],\"inLanguage\":\"fr-FR\"},{\"@type\":\"Organization\",\"@id\":\"https:\/\/aphasie.org\/#organization\",\"name\":\"aphasie suisse\",\"url\":\"https:\/\/aphasie.org\/\",\"logo\":{\"@type\":\"ImageObject\",\"inLanguage\":\"fr-FR\",\"@id\":\"https:\/\/aphasie.org\/#\/schema\/logo\/image\/\",\"url\":\"https:\/\/aphasie.org\/wp-content\/uploads\/2020\/05\/aphasie_Logo-1.svg\",\"contentUrl\":\"https:\/\/aphasie.org\/wp-content\/uploads\/2020\/05\/aphasie_Logo-1.svg\",\"width\":133.599999999999994315658113919198513031005859375,\"height\":68.5,\"caption\":\"aphasie suisse\"},\"image\":{\"@id\":\"https:\/\/aphasie.org\/#\/schema\/logo\/image\/\"}}]}<\/script>\n<!-- \/ Yoast SEO plugin. -->","yoast_head_json":{"title":"aphasie suisse | Brochure - Ma vie aussi a chang\u00e9","robots":{"index":"index","follow":"follow","max-snippet":"max-snippet:-1","max-image-preview":"max-image-preview:large","max-video-preview":"max-video-preview:-1"},"canonical":"https:\/\/aphasie.org\/fr\/produkt\/magazin-auch-mein-leben-hat-sich-veraendert\/","og_locale":"fr_FR","og_type":"article","og_title":"aphasie suisse | Brochure - Ma vie aussi a chang\u00e9","og_description":"Dix proches de personnes aphasiques sont au c\u0153ur de cette brochure. On oublie souvent que leur vie est \u00e9galement fortement modifi\u00e9e par ce coup du sort. Dans des portraits touchants, ils expliquent comment surmonter cette situation difficile. Laissez-vous fasciner par les personnes dont le portrait a \u00e9t\u00e9 dress\u00e9 et par leurs histoires! Cette brochure favorise la compr\u00e9hension des proches de personnes aphasiques et les relations mutuelles, et facilite la collaboration.","og_url":"https:\/\/aphasie.org\/fr\/produkt\/magazin-auch-mein-leben-hat-sich-veraendert\/","og_site_name":"aphasie suisse","article_modified_time":"2022-11-18T13:45:50+00:00","og_image":[{"width":1041,"height":999,"url":"https:\/\/aphasie.org\/wp-content\/uploads\/2021\/08\/Magazin-1.jpg","type":"image\/jpeg"}],"twitter_card":"summary_large_image","schema":{"@context":"https:\/\/schema.org","@graph":[{"@type":"WebPage","@id":"https:\/\/aphasie.org\/fr\/produkt\/magazin-auch-mein-leben-hat-sich-veraendert\/","url":"https:\/\/aphasie.org\/fr\/produkt\/magazin-auch-mein-leben-hat-sich-veraendert\/","name":"aphasie suisse | Brochure - Ma vie aussi a chang\u00e9","isPartOf":{"@id":"https:\/\/aphasie.org\/#website"},"primaryImageOfPage":{"@id":"https:\/\/aphasie.org\/fr\/produkt\/magazin-auch-mein-leben-hat-sich-veraendert\/#primaryimage"},"image":{"@id":"https:\/\/aphasie.org\/fr\/produkt\/magazin-auch-mein-leben-hat-sich-veraendert\/#primaryimage"},"thumbnailUrl":"https:\/\/aphasie.org\/wp-content\/uploads\/2021\/08\/Magazin-1.jpg","datePublished":"2018-08-26T11:09:48+00:00","dateModified":"2022-11-18T13:45:50+00:00","breadcrumb":{"@id":"https:\/\/aphasie.org\/fr\/produkt\/magazin-auch-mein-leben-hat-sich-veraendert\/#breadcrumb"},"inLanguage":"fr-FR","potentialAction":[{"@type":"ReadAction","target":["https:\/\/aphasie.org\/fr\/produkt\/magazin-auch-mein-leben-hat-sich-veraendert\/"]}]},{"@type":"ImageObject","inLanguage":"fr-FR","@id":"https:\/\/aphasie.org\/fr\/produkt\/magazin-auch-mein-leben-hat-sich-veraendert\/#primaryimage","url":"https:\/\/aphasie.org\/wp-content\/uploads\/2021\/08\/Magazin-1.jpg","contentUrl":"https:\/\/aphasie.org\/wp-content\/uploads\/2021\/08\/Magazin-1.jpg","width":1041,"height":999},{"@type":"BreadcrumbList","@id":"https:\/\/aphasie.org\/fr\/produkt\/magazin-auch-mein-leben-hat-sich-veraendert\/#breadcrumb","itemListElement":[{"@type":"ListItem","position":1,"name":"Home","item":"https:\/\/aphasie.org\/fr\/home\/"},{"@type":"ListItem","position":2,"name":"Boutique","item":"https:\/\/aphasie.org\/fr\/shop\/"},{"@type":"ListItem","position":3,"name":"Brochure &#8211; Ma vie aussi a chang\u00e9"}]},{"@type":"WebSite","@id":"https:\/\/aphasie.org\/#website","url":"https:\/\/aphasie.org\/","name":"aphasie suisse","description":"wenn Worte fehlen","publisher":{"@id":"https:\/\/aphasie.org\/#organization"},"potentialAction":[{"@type":"SearchAction","target":{"@type":"EntryPoint","urlTemplate":"https:\/\/aphasie.org\/?s={search_term_string}"},"query-input":{"@type":"PropertyValueSpecification","valueRequired":true,"valueName":"search_term_string"}}],"inLanguage":"fr-FR"},{"@type":"Organization","@id":"https:\/\/aphasie.org\/#organization","name":"aphasie suisse","url":"https:\/\/aphasie.org\/","logo":{"@type":"ImageObject","inLanguage":"fr-FR","@id":"https:\/\/aphasie.org\/#\/schema\/logo\/image\/","url":"https:\/\/aphasie.org\/wp-content\/uploads\/2020\/05\/aphasie_Logo-1.svg","contentUrl":"https:\/\/aphasie.org\/wp-content\/uploads\/2020\/05\/aphasie_Logo-1.svg","width":133.599999999999994315658113919198513031005859375,"height":68.5,"caption":"aphasie suisse"},"image":{"@id":"https:\/\/aphasie.org\/#\/schema\/logo\/image\/"}}]}},"_links":{"self":[{"href":"https:\/\/aphasie.org\/fr\/wp-json\/wp\/v2\/product\/9942","targetHints":{"allow":["GET"]}}],"collection":[{"href":"https:\/\/aphasie.org\/fr\/wp-json\/wp\/v2\/product"}],"about":[{"href":"https:\/\/aphasie.org\/fr\/wp-json\/wp\/v2\/types\/product"}],"replies":[{"embeddable":true,"href":"https:\/\/aphasie.org\/fr\/wp-json\/wp\/v2\/comments?post=9942"}],"wp:featuredmedia":[{"embeddable":true,"href":"https:\/\/aphasie.org\/fr\/wp-json\/wp\/v2\/media\/8367"}],"wp:attachment":[{"href":"https:\/\/aphasie.org\/fr\/wp-json\/wp\/v2\/media?parent=9942"}],"wp:term":[{"taxonomy":"product_brand","embeddable":true,"href":"https:\/\/aphasie.org\/fr\/wp-json\/wp\/v2\/product_brand?post=9942"},{"taxonomy":"product_cat","embeddable":true,"href":"https:\/\/aphasie.org\/fr\/wp-json\/wp\/v2\/product_cat?post=9942"},{"taxonomy":"product_tag","embeddable":true,"href":"https:\/\/aphasie.org\/fr\/wp-json\/wp\/v2\/product_tag?post=9942"}],"curies":[{"name":"wp","href":"https:\/\/api.w.org\/{rel}","templated":true}]}}