{"id":9943,"date":"2017-08-26T11:30:38","date_gmt":"2017-08-26T11:30:38","guid":{"rendered":"https:\/\/aphasie.org\/produkt\/puzzle-copy\/"},"modified":"2022-11-18T13:45:58","modified_gmt":"2022-11-18T13:45:58","slug":"puzzle-copy","status":"publish","type":"product","link":"https:\/\/aphasie.org\/fr\/produkt\/puzzle-copy\/","title":{"rendered":"Brochure &#8211; Bien vivre avec une aphasie"},"content":{"rendered":"<p>Cette brochure informe sur la mani\u00e8re dont dix personnes concern\u00e9es vivent avec les effets d&rsquo;une aphasie et ma\u00eetrisent le quotidien. Dans des portraits touchants, elles parlent de leurs nouvelles strat\u00e9gies et de la mani\u00e8re dont elles m\u00e8nent une vie agr\u00e9able &#8211; malgr\u00e9 les limitations linguistiques et motrices. Laissez-vous fasciner par les personnes dont le portrait a \u00e9t\u00e9 dress\u00e9 et par leurs histoires! Cette brochure favorise la compr\u00e9hension des proches de personnes aphasiques et les relations mutuelles, et facilite la collaboration.<\/p>\n","protected":false},"excerpt":{"rendered":"<p>Cette brochure informe sur la mani\u00e8re dont dix personnes concern\u00e9es vivent avec les effets d&rsquo;une aphasie et ma\u00eetrisent le quotidien. Dans des portraits touchants, elles parlent de leurs nouvelles strat\u00e9gies et de la mani\u00e8re dont elles m\u00e8nent une vie agr\u00e9able &#8211; malgr\u00e9 les limitations linguistiques et motrices. Laissez-vous fasciner par les personnes dont le portrait a \u00e9t\u00e9 dress\u00e9 et par leurs histoires! Cette brochure favorise la compr\u00e9hension des proches de personnes aphasiques et les relations mutuelles, et facilite la collaboration.<\/p>\n","protected":false},"featured_media":8365,"comment_status":"closed","ping_status":"closed","template":"","meta":[],"product_brand":[],"product_cat":[171],"product_tag":[],"class_list":{"0":"post-9943","1":"product","2":"type-product","3":"status-publish","4":"has-post-thumbnail","6":"product_cat-unkategorisiert-fr","7":"product_shipping_class-brief-fr","9":"first","10":"instock","11":"taxable","12":"shipping-taxable","13":"purchasable","14":"product-type-simple"},"yoast_head":"<!-- This site is optimized with the Yoast SEO plugin v27.1.1 - https:\/\/yoast.com\/product\/yoast-seo-wordpress\/ -->\n<title>aphasie suisse | Brochure - Bien vivre avec une aphasie<\/title>\n<meta name=\"robots\" content=\"index, follow, max-snippet:-1, max-image-preview:large, max-video-preview:-1\" \/>\n<link rel=\"canonical\" href=\"https:\/\/aphasie.org\/fr\/produkt\/puzzle-copy\/\" \/>\n<meta property=\"og:locale\" content=\"fr_FR\" \/>\n<meta property=\"og:type\" content=\"article\" \/>\n<meta property=\"og:title\" content=\"aphasie suisse | Brochure - Bien vivre avec une aphasie\" \/>\n<meta property=\"og:description\" content=\"Cette brochure informe sur la mani\u00e8re dont dix personnes concern\u00e9es vivent avec les effets d&#039;une aphasie et ma\u00eetrisent le quotidien. Dans des portraits touchants, elles parlent de leurs nouvelles strat\u00e9gies et de la mani\u00e8re dont elles m\u00e8nent une vie agr\u00e9able - malgr\u00e9 les limitations linguistiques et motrices. Laissez-vous fasciner par les personnes dont le portrait a \u00e9t\u00e9 dress\u00e9 et par leurs histoires! Cette brochure favorise la compr\u00e9hension des proches de personnes aphasiques et les relations mutuelles, et facilite la collaboration.\" \/>\n<meta property=\"og:url\" content=\"https:\/\/aphasie.org\/fr\/produkt\/puzzle-copy\/\" \/>\n<meta property=\"og:site_name\" content=\"aphasie suisse\" \/>\n<meta property=\"article:modified_time\" content=\"2022-11-18T13:45:58+00:00\" \/>\n<meta property=\"og:image\" content=\"https:\/\/aphasie.org\/wp-content\/uploads\/2021\/08\/Zeitschrift-1.png\" \/>\n\t<meta property=\"og:image:width\" content=\"818\" \/>\n\t<meta property=\"og:image:height\" content=\"781\" \/>\n\t<meta property=\"og:image:type\" content=\"image\/png\" \/>\n<meta name=\"twitter:card\" content=\"summary_large_image\" \/>\n<script type=\"application\/ld+json\" class=\"yoast-schema-graph\">{\"@context\":\"https:\/\/schema.org\",\"@graph\":[{\"@type\":\"WebPage\",\"@id\":\"https:\/\/aphasie.org\/fr\/produkt\/puzzle-copy\/\",\"url\":\"https:\/\/aphasie.org\/fr\/produkt\/puzzle-copy\/\",\"name\":\"aphasie suisse | Brochure - Bien vivre avec une aphasie\",\"isPartOf\":{\"@id\":\"https:\/\/aphasie.org\/#website\"},\"primaryImageOfPage\":{\"@id\":\"https:\/\/aphasie.org\/fr\/produkt\/puzzle-copy\/#primaryimage\"},\"image\":{\"@id\":\"https:\/\/aphasie.org\/fr\/produkt\/puzzle-copy\/#primaryimage\"},\"thumbnailUrl\":\"https:\/\/aphasie.org\/wp-content\/uploads\/2021\/08\/Zeitschrift-1.png\",\"datePublished\":\"2017-08-26T11:30:38+00:00\",\"dateModified\":\"2022-11-18T13:45:58+00:00\",\"breadcrumb\":{\"@id\":\"https:\/\/aphasie.org\/fr\/produkt\/puzzle-copy\/#breadcrumb\"},\"inLanguage\":\"fr-FR\",\"potentialAction\":[{\"@type\":\"ReadAction\",\"target\":[\"https:\/\/aphasie.org\/fr\/produkt\/puzzle-copy\/\"]}]},{\"@type\":\"ImageObject\",\"inLanguage\":\"fr-FR\",\"@id\":\"https:\/\/aphasie.org\/fr\/produkt\/puzzle-copy\/#primaryimage\",\"url\":\"https:\/\/aphasie.org\/wp-content\/uploads\/2021\/08\/Zeitschrift-1.png\",\"contentUrl\":\"https:\/\/aphasie.org\/wp-content\/uploads\/2021\/08\/Zeitschrift-1.png\",\"width\":818,\"height\":781},{\"@type\":\"BreadcrumbList\",\"@id\":\"https:\/\/aphasie.org\/fr\/produkt\/puzzle-copy\/#breadcrumb\",\"itemListElement\":[{\"@type\":\"ListItem\",\"position\":1,\"name\":\"Home\",\"item\":\"https:\/\/aphasie.org\/fr\/home\/\"},{\"@type\":\"ListItem\",\"position\":2,\"name\":\"Boutique\",\"item\":\"https:\/\/aphasie.org\/fr\/shop\/\"},{\"@type\":\"ListItem\",\"position\":3,\"name\":\"Brochure &#8211; Bien vivre avec une aphasie\"}]},{\"@type\":\"WebSite\",\"@id\":\"https:\/\/aphasie.org\/#website\",\"url\":\"https:\/\/aphasie.org\/\",\"name\":\"aphasie suisse\",\"description\":\"wenn Worte fehlen\",\"publisher\":{\"@id\":\"https:\/\/aphasie.org\/#organization\"},\"potentialAction\":[{\"@type\":\"SearchAction\",\"target\":{\"@type\":\"EntryPoint\",\"urlTemplate\":\"https:\/\/aphasie.org\/?s={search_term_string}\"},\"query-input\":{\"@type\":\"PropertyValueSpecification\",\"valueRequired\":true,\"valueName\":\"search_term_string\"}}],\"inLanguage\":\"fr-FR\"},{\"@type\":\"Organization\",\"@id\":\"https:\/\/aphasie.org\/#organization\",\"name\":\"aphasie suisse\",\"url\":\"https:\/\/aphasie.org\/\",\"logo\":{\"@type\":\"ImageObject\",\"inLanguage\":\"fr-FR\",\"@id\":\"https:\/\/aphasie.org\/#\/schema\/logo\/image\/\",\"url\":\"https:\/\/aphasie.org\/wp-content\/uploads\/2020\/05\/aphasie_Logo-1.svg\",\"contentUrl\":\"https:\/\/aphasie.org\/wp-content\/uploads\/2020\/05\/aphasie_Logo-1.svg\",\"width\":133.599999999999994315658113919198513031005859375,\"height\":68.5,\"caption\":\"aphasie suisse\"},\"image\":{\"@id\":\"https:\/\/aphasie.org\/#\/schema\/logo\/image\/\"}}]}<\/script>\n<!-- \/ Yoast SEO plugin. -->","yoast_head_json":{"title":"aphasie suisse | Brochure - Bien vivre avec une aphasie","robots":{"index":"index","follow":"follow","max-snippet":"max-snippet:-1","max-image-preview":"max-image-preview:large","max-video-preview":"max-video-preview:-1"},"canonical":"https:\/\/aphasie.org\/fr\/produkt\/puzzle-copy\/","og_locale":"fr_FR","og_type":"article","og_title":"aphasie suisse | Brochure - Bien vivre avec une aphasie","og_description":"Cette brochure informe sur la mani\u00e8re dont dix personnes concern\u00e9es vivent avec les effets d'une aphasie et ma\u00eetrisent le quotidien. Dans des portraits touchants, elles parlent de leurs nouvelles strat\u00e9gies et de la mani\u00e8re dont elles m\u00e8nent une vie agr\u00e9able - malgr\u00e9 les limitations linguistiques et motrices. Laissez-vous fasciner par les personnes dont le portrait a \u00e9t\u00e9 dress\u00e9 et par leurs histoires! Cette brochure favorise la compr\u00e9hension des proches de personnes aphasiques et les relations mutuelles, et facilite la collaboration.","og_url":"https:\/\/aphasie.org\/fr\/produkt\/puzzle-copy\/","og_site_name":"aphasie suisse","article_modified_time":"2022-11-18T13:45:58+00:00","og_image":[{"width":818,"height":781,"url":"https:\/\/aphasie.org\/wp-content\/uploads\/2021\/08\/Zeitschrift-1.png","type":"image\/png"}],"twitter_card":"summary_large_image","schema":{"@context":"https:\/\/schema.org","@graph":[{"@type":"WebPage","@id":"https:\/\/aphasie.org\/fr\/produkt\/puzzle-copy\/","url":"https:\/\/aphasie.org\/fr\/produkt\/puzzle-copy\/","name":"aphasie suisse | Brochure - Bien vivre avec une aphasie","isPartOf":{"@id":"https:\/\/aphasie.org\/#website"},"primaryImageOfPage":{"@id":"https:\/\/aphasie.org\/fr\/produkt\/puzzle-copy\/#primaryimage"},"image":{"@id":"https:\/\/aphasie.org\/fr\/produkt\/puzzle-copy\/#primaryimage"},"thumbnailUrl":"https:\/\/aphasie.org\/wp-content\/uploads\/2021\/08\/Zeitschrift-1.png","datePublished":"2017-08-26T11:30:38+00:00","dateModified":"2022-11-18T13:45:58+00:00","breadcrumb":{"@id":"https:\/\/aphasie.org\/fr\/produkt\/puzzle-copy\/#breadcrumb"},"inLanguage":"fr-FR","potentialAction":[{"@type":"ReadAction","target":["https:\/\/aphasie.org\/fr\/produkt\/puzzle-copy\/"]}]},{"@type":"ImageObject","inLanguage":"fr-FR","@id":"https:\/\/aphasie.org\/fr\/produkt\/puzzle-copy\/#primaryimage","url":"https:\/\/aphasie.org\/wp-content\/uploads\/2021\/08\/Zeitschrift-1.png","contentUrl":"https:\/\/aphasie.org\/wp-content\/uploads\/2021\/08\/Zeitschrift-1.png","width":818,"height":781},{"@type":"BreadcrumbList","@id":"https:\/\/aphasie.org\/fr\/produkt\/puzzle-copy\/#breadcrumb","itemListElement":[{"@type":"ListItem","position":1,"name":"Home","item":"https:\/\/aphasie.org\/fr\/home\/"},{"@type":"ListItem","position":2,"name":"Boutique","item":"https:\/\/aphasie.org\/fr\/shop\/"},{"@type":"ListItem","position":3,"name":"Brochure &#8211; Bien vivre avec une aphasie"}]},{"@type":"WebSite","@id":"https:\/\/aphasie.org\/#website","url":"https:\/\/aphasie.org\/","name":"aphasie suisse","description":"wenn Worte fehlen","publisher":{"@id":"https:\/\/aphasie.org\/#organization"},"potentialAction":[{"@type":"SearchAction","target":{"@type":"EntryPoint","urlTemplate":"https:\/\/aphasie.org\/?s={search_term_string}"},"query-input":{"@type":"PropertyValueSpecification","valueRequired":true,"valueName":"search_term_string"}}],"inLanguage":"fr-FR"},{"@type":"Organization","@id":"https:\/\/aphasie.org\/#organization","name":"aphasie suisse","url":"https:\/\/aphasie.org\/","logo":{"@type":"ImageObject","inLanguage":"fr-FR","@id":"https:\/\/aphasie.org\/#\/schema\/logo\/image\/","url":"https:\/\/aphasie.org\/wp-content\/uploads\/2020\/05\/aphasie_Logo-1.svg","contentUrl":"https:\/\/aphasie.org\/wp-content\/uploads\/2020\/05\/aphasie_Logo-1.svg","width":133.599999999999994315658113919198513031005859375,"height":68.5,"caption":"aphasie suisse"},"image":{"@id":"https:\/\/aphasie.org\/#\/schema\/logo\/image\/"}}]}},"_links":{"self":[{"href":"https:\/\/aphasie.org\/fr\/wp-json\/wp\/v2\/product\/9943","targetHints":{"allow":["GET"]}}],"collection":[{"href":"https:\/\/aphasie.org\/fr\/wp-json\/wp\/v2\/product"}],"about":[{"href":"https:\/\/aphasie.org\/fr\/wp-json\/wp\/v2\/types\/product"}],"replies":[{"embeddable":true,"href":"https:\/\/aphasie.org\/fr\/wp-json\/wp\/v2\/comments?post=9943"}],"wp:featuredmedia":[{"embeddable":true,"href":"https:\/\/aphasie.org\/fr\/wp-json\/wp\/v2\/media\/8365"}],"wp:attachment":[{"href":"https:\/\/aphasie.org\/fr\/wp-json\/wp\/v2\/media?parent=9943"}],"wp:term":[{"taxonomy":"product_brand","embeddable":true,"href":"https:\/\/aphasie.org\/fr\/wp-json\/wp\/v2\/product_brand?post=9943"},{"taxonomy":"product_cat","embeddable":true,"href":"https:\/\/aphasie.org\/fr\/wp-json\/wp\/v2\/product_cat?post=9943"},{"taxonomy":"product_tag","embeddable":true,"href":"https:\/\/aphasie.org\/fr\/wp-json\/wp\/v2\/product_tag?post=9943"}],"curies":[{"name":"wp","href":"https:\/\/api.w.org\/{rel}","templated":true}]}}